{"id":973,"date":"2021-03-18T22:15:19","date_gmt":"2021-03-18T21:15:19","guid":{"rendered":"https:\/\/baltic.se\/?post_type=product&#038;p=973"},"modified":"2026-04-16T00:14:24","modified_gmt":"2026-04-15T22:14:24","slug":"sakerhetssele-junior","status":"publish","type":"product","link":"https:\/\/baltic.se\/en\/produkt\/sakerhetssele-junior\/","title":{"rendered":"S\u00e4kerhetssele Junior"},"content":{"rendered":"<ul>\n<li>F\u00f6r Segling<\/li>\n<\/ul>\n<p><\/p>\n<p><span style=\"background-color: white\">En s\u00e4kerhetssele \u00e4r ett bra komplement till din flytv\u00e4st om den saknar en integrerad s\u00e4kerhetssele och du ska ut i h\u00e5rt v\u00e4der. Baltic s\u00e4kerhetssele f\u00f6r personer 20-50kg. L\u00e4ttjustera axel- och midjeband samt reflex p\u00e5 ena axeln. Kraftiga beslag i syrafast rostfritt st\u00e5l, dess egenskaper ger bra motst\u00e5ndskraft mot korrosion. <\/span><\/p>\n","protected":false},"excerpt":{"rendered":"<p>S\u00e4kerhetssele f\u00f6r personer 20-50 kg fr\u00e5n Baltic. Reflex, justerbara axel- och midjeband. Kraftig D-ring f\u00f6r s\u00e4ker inf\u00e4stning av s\u00e4kerhetslina.<\/p>\n","protected":false},"featured_media":25373,"template":"","meta":{"_et_pb_use_builder":"","_et_pb_old_content":"","_et_gb_content_width":"","inline_featured_image":false},"product_brand":[],"product_cat":[299],"product_tag":[],"acf":[],"_links":{"self":[{"href":"https:\/\/baltic.se\/en\/wp-json\/wp\/v2\/product\/973"}],"collection":[{"href":"https:\/\/baltic.se\/en\/wp-json\/wp\/v2\/product"}],"about":[{"href":"https:\/\/baltic.se\/en\/wp-json\/wp\/v2\/types\/product"}],"wp:featuredmedia":[{"embeddable":true,"href":"https:\/\/baltic.se\/en\/wp-json\/wp\/v2\/media\/25373"}],"wp:attachment":[{"href":"https:\/\/baltic.se\/en\/wp-json\/wp\/v2\/media?parent=973"}],"wp:term":[{"taxonomy":"product_brand","embeddable":true,"href":"https:\/\/baltic.se\/en\/wp-json\/wp\/v2\/product_brand?post=973"},{"taxonomy":"product_cat","embeddable":true,"href":"https:\/\/baltic.se\/en\/wp-json\/wp\/v2\/product_cat?post=973"},{"taxonomy":"product_tag","embeddable":true,"href":"https:\/\/baltic.se\/en\/wp-json\/wp\/v2\/product_tag?post=973"}],"curies":[{"name":"wp","href":"https:\/\/api.w.org\/{rel}","templated":true}]}}