{"id":972,"date":"2021-03-18T22:15:17","date_gmt":"2021-03-18T21:15:17","guid":{"rendered":"https:\/\/baltic.se\/?post_type=product&#038;p=972"},"modified":"2026-04-15T22:14:53","modified_gmt":"2026-04-15T20:14:53","slug":"sakerhetssele-barn","status":"publish","type":"product","link":"https:\/\/baltic.se\/en\/produkt\/sakerhetssele-barn\/","title":{"rendered":"S\u00e4kerhetssele Barn"},"content":{"rendered":"<ul>\n<li>F\u00f6r Segling<\/li>\n<\/ul>\n<p><\/p>\n<p><span>En s\u00e4kerhetslina tillsammans med s\u00e4kerhetssele eller flytv\u00e4st med integrerad s\u00e4kerhetssele \u00e4r ett bra s\u00e4tt att undvika att falla \u00f6verbord, eller om man faller \u00f6verbord kunna ta sig ombord igen.&nbsp;<\/span><\/p>\n<p><span>Baltic Basic 3-krok \u00e4r en kraftig s\u00e4kerhetslina f\u00f6rsedd med \u00f6verbelastningsindikator, denna visar om <\/span><span>linan varit utsatt f\u00f6r s\u00e5 h\u00e5rd belastning att linan skall bytas u<\/span>t. <span>Tre kraftiga karbinkrokar g\u00f6r det m\u00f6jligt att vara kopplad \u00e4ven under f\u00f6rflyttning<\/span><span>. <\/span><span>L\u00e4ngd 2m. Baltics s\u00e4kerhetslinor \u00e4r godk\u00e4nda enligt EN ISO 12401:2009.<\/span><\/p>\n","protected":false},"excerpt":{"rendered":"<p>S\u00e4kerhetssele f\u00f6r barn upp till 20kg fr\u00e5n Baltic. Reflex, justerbara axel- och midjeband. Kraftig D-ring f\u00f6r s\u00e4ker inf\u00e4stning av s\u00e4kerhetslina.<\/p>\n","protected":false},"featured_media":25371,"template":"","meta":{"_et_pb_use_builder":"","_et_pb_old_content":"","_et_gb_content_width":"","inline_featured_image":false},"product_brand":[],"product_cat":[299],"product_tag":[],"acf":[],"_links":{"self":[{"href":"https:\/\/baltic.se\/en\/wp-json\/wp\/v2\/product\/972"}],"collection":[{"href":"https:\/\/baltic.se\/en\/wp-json\/wp\/v2\/product"}],"about":[{"href":"https:\/\/baltic.se\/en\/wp-json\/wp\/v2\/types\/product"}],"wp:featuredmedia":[{"embeddable":true,"href":"https:\/\/baltic.se\/en\/wp-json\/wp\/v2\/media\/25371"}],"wp:attachment":[{"href":"https:\/\/baltic.se\/en\/wp-json\/wp\/v2\/media?parent=972"}],"wp:term":[{"taxonomy":"product_brand","embeddable":true,"href":"https:\/\/baltic.se\/en\/wp-json\/wp\/v2\/product_brand?post=972"},{"taxonomy":"product_cat","embeddable":true,"href":"https:\/\/baltic.se\/en\/wp-json\/wp\/v2\/product_cat?post=972"},{"taxonomy":"product_tag","embeddable":true,"href":"https:\/\/baltic.se\/en\/wp-json\/wp\/v2\/product_tag?post=972"}],"curies":[{"name":"wp","href":"https:\/\/api.w.org\/{rel}","templated":true}]}}