{"id":969,"date":"2021-03-18T22:15:10","date_gmt":"2021-03-18T21:15:10","guid":{"rendered":"https:\/\/baltic.se\/?post_type=product&#038;p=969"},"modified":"2026-04-07T14:13:25","modified_gmt":"2026-04-07T12:13:25","slug":"basic-2-krok-sakerhetslina","status":"publish","type":"product","link":"https:\/\/baltic.se\/en\/produkt\/basic-2-krok-sakerhetslina\/","title":{"rendered":"Basic 2-krok S\u00e4kerhetslina"},"content":{"rendered":"<ul>\n<li>F\u00f6r Segling<\/li>\n<\/ul>\n<p><\/p>\n<p><span>En s\u00e4kerhetslina tillsammans med s\u00e4kerhetssele eller flytv\u00e4st med integrerad s\u00e4kerhetssele \u00e4r ett bra s\u00e4tt att undvika att falla \u00f6verbord, eller om man faller \u00f6verbord kunna ta sig ombord igen.&nbsp;<\/span><\/p>\n<p><span>Baltic Basic 2-krok \u00e4r en kraftig s\u00e4kerhetslina f\u00f6rsedd med \u00f6verbelastningsindikator, denna visar om <\/span><span>linan varit utsatt f\u00f6r s\u00e5 h\u00e5rd belastning att linan skall bytas u<\/span>t. Tv\u00e5 kraftiga karbinkrockar. <span>L\u00e4ngd 2m. Baltics s\u00e4kerhetslinor \u00e4r godk\u00e4nda enligt EN ISO 12401:2009.<\/span><\/p>\n","protected":false},"excerpt":{"rendered":"<p>Kraftig elastisk s\u00e4kerhetslina fr\u00e5n Baltic. 2m i l\u00e5ng samt f\u00f6rsedd med \u00f6verbelastningsindikator.<\/p>\n","protected":false},"featured_media":25365,"template":"","meta":{"_et_pb_use_builder":"","_et_pb_old_content":"","_et_gb_content_width":"","inline_featured_image":false},"product_brand":[],"product_cat":[298],"product_tag":[],"acf":[],"_links":{"self":[{"href":"https:\/\/baltic.se\/en\/wp-json\/wp\/v2\/product\/969"}],"collection":[{"href":"https:\/\/baltic.se\/en\/wp-json\/wp\/v2\/product"}],"about":[{"href":"https:\/\/baltic.se\/en\/wp-json\/wp\/v2\/types\/product"}],"wp:featuredmedia":[{"embeddable":true,"href":"https:\/\/baltic.se\/en\/wp-json\/wp\/v2\/media\/25365"}],"wp:attachment":[{"href":"https:\/\/baltic.se\/en\/wp-json\/wp\/v2\/media?parent=969"}],"wp:term":[{"taxonomy":"product_brand","embeddable":true,"href":"https:\/\/baltic.se\/en\/wp-json\/wp\/v2\/product_brand?post=969"},{"taxonomy":"product_cat","embeddable":true,"href":"https:\/\/baltic.se\/en\/wp-json\/wp\/v2\/product_cat?post=969"},{"taxonomy":"product_tag","embeddable":true,"href":"https:\/\/baltic.se\/en\/wp-json\/wp\/v2\/product_tag?post=969"}],"curies":[{"name":"wp","href":"https:\/\/api.w.org\/{rel}","templated":true}]}}