{"id":966,"date":"2021-03-18T22:15:03","date_gmt":"2021-03-18T21:15:03","guid":{"rendered":"https:\/\/baltic.se\/?post_type=product&#038;p=966"},"modified":"2026-04-09T16:13:29","modified_gmt":"2026-04-09T14:13:29","slug":"sakerhetssele-vuxen","status":"publish","type":"product","link":"https:\/\/baltic.se\/en\/produkt\/sakerhetssele-vuxen\/","title":{"rendered":"S\u00e4kerhetssele Vuxen"},"content":{"rendered":"<ul>\n<li>F\u00f6r Segling<\/li>\n<\/ul>\n<p><\/p>\n<p><span style=\"background-color: white\">En s\u00e4kerhetssele \u00e4r ett bra komplement till din flytv\u00e4st om den saknar en integrerad s\u00e4kerhetssele och du ska ut i h\u00e5rt v\u00e4der. Anv\u00e4nder du en uppbl\u00e5sbar flytv\u00e4st ska den alltid sitta under v\u00e4sten och stadigt p\u00e5 kroppen. Baltic s\u00e4kerhetssele f\u00f6r vuxen \u00e4r godk\u00e4nd f\u00f6r nationell och internationell kappsegling enligt World Sailing OSR. St\u00f6dplatta i ryggen ger bra passform samt tv\u00e5 hakar f\u00f6r ins\u00e4ttning i seglarjacka g\u00f6r att s\u00e4kerhetsselen sitter stadigt p\u00e5 kroppen. L\u00e4ttjustera axel- och midjeband samt reflex p\u00e5 ena axeln. Kraftiga beslag i syrafast rostfritt st\u00e5l, dess egenskaper ger bra motst\u00e5ndskraft mot korrosion. <\/span><\/p>\n","protected":false},"excerpt":{"rendered":"<p>S\u00e4kerhetssele fr\u00e5n Baltic, godk\u00e4nd f\u00f6r nationell och internationell kappsegling enligt World Sailing OSR<\/p>\n","protected":false},"featured_media":25357,"template":"","meta":{"_et_pb_use_builder":"","_et_pb_old_content":"","_et_gb_content_width":"","inline_featured_image":false},"product_brand":[],"product_cat":[299],"product_tag":[],"acf":[],"_links":{"self":[{"href":"https:\/\/baltic.se\/en\/wp-json\/wp\/v2\/product\/966"}],"collection":[{"href":"https:\/\/baltic.se\/en\/wp-json\/wp\/v2\/product"}],"about":[{"href":"https:\/\/baltic.se\/en\/wp-json\/wp\/v2\/types\/product"}],"wp:featuredmedia":[{"embeddable":true,"href":"https:\/\/baltic.se\/en\/wp-json\/wp\/v2\/media\/25357"}],"wp:attachment":[{"href":"https:\/\/baltic.se\/en\/wp-json\/wp\/v2\/media?parent=966"}],"wp:term":[{"taxonomy":"product_brand","embeddable":true,"href":"https:\/\/baltic.se\/en\/wp-json\/wp\/v2\/product_brand?post=966"},{"taxonomy":"product_cat","embeddable":true,"href":"https:\/\/baltic.se\/en\/wp-json\/wp\/v2\/product_cat?post=966"},{"taxonomy":"product_tag","embeddable":true,"href":"https:\/\/baltic.se\/en\/wp-json\/wp\/v2\/product_tag?post=966"}],"curies":[{"name":"wp","href":"https:\/\/api.w.org\/{rel}","templated":true}]}}