{"id":95,"date":"2021-02-02T14:58:58","date_gmt":"2021-02-02T13:58:58","guid":{"rendered":"https:\/\/baltic.se\/?post_type=product&#038;p=95"},"modified":"2026-04-11T16:03:34","modified_gmt":"2026-04-11T14:03:34","slug":"legend-165","status":"publish","type":"product","link":"https:\/\/baltic.se\/en\/produkt\/legend-165\/","title":{"rendered":"Legend 165 Flytv\u00e4st"},"content":{"rendered":"<ul>\n<li>F\u00f6r motorb\u00e5t<\/li>\n<li>Ergonomisk passform<\/li>\n<li>H\u00f6g komfort<\/li>\n<li>Automatisk uppbl\u00e5sning<\/li>\n<\/ul>\n<p><\/p>\n<p>Legend 165 flytv\u00e4st \u00e4r ett popul\u00e4rt val f\u00f6r motorb\u00e5ts\u00e4gare tack vare sin enast\u00e5ende komfort och h\u00e5llbarhet. Utan sele \u00e4r denna modell perfekt f\u00f6r dem som s\u00f6ker en flexibel och bekv\u00e4m flytv\u00e4st f\u00f6r l\u00e5nga b\u00e5tturer.<\/p>\n<p><strong>S\u00e4kerhet:<\/strong> Med en b\u00e4rf\u00f6rm\u00e5ga p\u00e5 165N erbjuder v\u00e4sten p\u00e5litligt skydd. Det praktiska inspektionsf\u00f6nstret g\u00f6r det enkelt att kontrollera att patronen \u00e4r laddad och att v\u00e4sten \u00e4r redo f\u00f6r anv\u00e4ndning. F\u00f6r extra trygghet \u00e4r r\u00e4ddningsv\u00e4sten utrustad med ett l\u00f6stagbart grenband och en visselpipa.<\/p>\n<p><strong>Passform och komfort:<\/strong> Legend 165 \u00e4r designad med en passform som sitter l\u00e4ngre ut p\u00e5 axlarna och l\u00e4ngre bak fr\u00e5n nacken, vilket f\u00f6rb\u00e4ttrar komforten under l\u00e5nga turer. Tillverkad av mjuka och f\u00f6ljsamma material, erbjuder v\u00e4sten en bekv\u00e4m anv\u00e4ndning utan att begr\u00e4nsa r\u00f6relsefriheten.<\/p>\n<p><strong>Tillverkning och kvalitet:<\/strong> Byggd med Baltics h\u00f6gkvalitativa material och noggrant utformade detaljer, s\u00e4kerst\u00e4ller Legend 165 l\u00e5ngvarig h\u00e5llbarhet och p\u00e5litlighet. V\u00e4sten \u00e4r det sj\u00e4lvklara valet f\u00f6r motorb\u00e5ts\u00e4gare som vill ha b\u00e5de funktionalitet och en stilren design.<\/p>\n<p><\/p>\n<p>Vill du l\u00e4sa mer om olika s\u00e4kerhetsklasser och typer av flytv\u00e4star kan du g\u00f6ra det <a href=\"https:\/\/baltic.se\/att-valja-flytvast\/\" rel=\"noopener noreferrer\" target=\"_blank\">h\u00e4r<\/a>.<\/p>\n<p><strong>T\u00c4NK P\u00c5:<\/strong> En flytv\u00e4st \u00e4r ett viktigt s\u00e4kerhetshj\u00e4lpmedel som kan minska risken f\u00f6r drunkning, men den garanterar inte r\u00e4ddning. Anv\u00e4nd alltid flytv\u00e4sten korrekt och f\u00f6lj alla s\u00e4kerhetsinstruktioner.<\/p>\n","protected":false},"excerpt":{"rendered":"<p>Baltic Legend Flytv\u00e4st \u00e4r f\u00f6r dig med lite h\u00f6gre krav som \u00e4r ute mycket p\u00e5 sj\u00f6n och vill ha god flytkraft p\u00e5 165N. Modellen \u00e4r perfekt f\u00f6r dig med motorb\u00e5t.<\/p>\n","protected":false},"featured_media":125029,"template":"","meta":{"_et_pb_use_builder":"","_et_pb_old_content":"","_et_gb_content_width":"","inline_featured_image":false},"product_brand":[],"product_cat":[89,86,112,90,72,730,733],"product_tag":[],"acf":[],"_links":{"self":[{"href":"https:\/\/baltic.se\/en\/wp-json\/wp\/v2\/product\/95"}],"collection":[{"href":"https:\/\/baltic.se\/en\/wp-json\/wp\/v2\/product"}],"about":[{"href":"https:\/\/baltic.se\/en\/wp-json\/wp\/v2\/types\/product"}],"wp:featuredmedia":[{"embeddable":true,"href":"https:\/\/baltic.se\/en\/wp-json\/wp\/v2\/media\/125029"}],"wp:attachment":[{"href":"https:\/\/baltic.se\/en\/wp-json\/wp\/v2\/media?parent=95"}],"wp:term":[{"taxonomy":"product_brand","embeddable":true,"href":"https:\/\/baltic.se\/en\/wp-json\/wp\/v2\/product_brand?post=95"},{"taxonomy":"product_cat","embeddable":true,"href":"https:\/\/baltic.se\/en\/wp-json\/wp\/v2\/product_cat?post=95"},{"taxonomy":"product_tag","embeddable":true,"href":"https:\/\/baltic.se\/en\/wp-json\/wp\/v2\/product_tag?post=95"}],"curies":[{"name":"wp","href":"https:\/\/api.w.org\/{rel}","templated":true}]}}