{"id":93320,"date":"2023-08-30T04:52:07","date_gmt":"2023-08-30T02:52:07","guid":{"rendered":"https:\/\/baltic.se\/?post_type=product&#038;p=93320"},"modified":"2026-04-09T04:39:59","modified_gmt":"2026-04-09T02:39:59","slug":"epiq-e-i-165-auto-flytvast","status":"publish","type":"product","link":"https:\/\/baltic.se\/en\/produkt\/epiq-e-i-165-auto-flytvast\/","title":{"rendered":"Epiq E.I 165 auto flytv\u00e4st"},"content":{"rendered":"<ul>\n<li>F\u00f6r motorb\u00e5t<\/li>\n<li>\u00c5tervunnet material<\/li>\n<li>Automatisk uppbl\u00e5sning<\/li>\n<\/ul>\n<p><\/p>\n<p>Upplev trygghet p\u00e5 vattnet med den uppbl\u00e5sbara flytv\u00e4sten EPIQ E.I 165 Auto. Denna v\u00e4st \u00e4r designad f\u00f6r att ge h\u00f6g s\u00e4kerhet och komfort under segling, motorb\u00e5tsturer, fiske och andra vattenaktiviteter d\u00e4r p\u00e5litligt skydd \u00e4r avg\u00f6rande.<\/p>\n<p><strong>S\u00e4kerhet: <\/strong>Epiq E.I 165 Auto har en b\u00e4rf\u00f6rm\u00e5ga p\u00e5 165N och \u00e4r CE-certifierad som en r\u00e4ddningsv\u00e4st, vilket inneb\u00e4r att den uppfyller h\u00f6ga s\u00e4kerhetskrav. Den har ett inspektionsf\u00f6nster f\u00f6r att enkelt kontrollera patronens laddning, samt ett l\u00f6stagbart grenband och visselpipa f\u00f6r extra s\u00e4kerhet.<\/p>\n<p><strong>Passform och komfort: <\/strong>Den ergonomiska och sportiga designen i flexibla material ger en bekv\u00e4m passform \u00f6ver axlar och nacke, vilket g\u00f6r att du kan b\u00e4ra v\u00e4sten under l\u00e4ngre perioder utan att k\u00e4nna obehag.<\/p>\n<p><strong>Tillverkning och kvalitet: <\/strong>Flytv\u00e4sten \u00e4r tillverkad i Europa med delvis \u00e5tervunna material. Denna v\u00e4st \u00e4r b\u00e5de h\u00e5llbar och p\u00e5litlig, utan att kompromissa med din s\u00e4kerhet.<\/p>\n<p>Vill du l\u00e4sa mer om olika s\u00e4kerhetsklasser och typer av flytv\u00e4star kan du g\u00f6ra det&nbsp;<a href=\"https:\/\/baltic.se\/att-valja-flytvast\/\" rel=\"noopener noreferrer\" target=\"_blank\"><u>h\u00e4r<\/u><\/a>.<\/p>\n<p><strong>T\u00c4NK P\u00c5:<\/strong> En flytv\u00e4st \u00e4r ett viktigt s\u00e4kerhetshj\u00e4lpmedel som kan minska risken f\u00f6r drunkning, men den garanterar inte r\u00e4ddning. Anv\u00e4nd alltid flytv\u00e4sten korrekt och f\u00f6lj alla s\u00e4kerhetsinstruktioner.<\/p>\n","protected":false},"excerpt":{"rendered":"<p>Vi ut\u00f6kar E.I kollektionen med uppbl\u00e5sbara flytv\u00e4star! Epiq 165 har en sportig look och \u00e4r en mycket bekv\u00e4m v\u00e4st tack vare med tex. mesh-foder i nacken och en l\u00e5g vikt. Yttertyget \u00e4r tillverkat i \u00e5tervunnet material.<\/p>\n","protected":false},"featured_media":103514,"template":"","meta":{"_et_pb_use_builder":"","_et_pb_old_content":"","_et_gb_content_width":"","inline_featured_image":false},"product_brand":[],"product_cat":[374,771,561,89,86,90,72],"product_tag":[],"acf":[],"_links":{"self":[{"href":"https:\/\/baltic.se\/en\/wp-json\/wp\/v2\/product\/93320"}],"collection":[{"href":"https:\/\/baltic.se\/en\/wp-json\/wp\/v2\/product"}],"about":[{"href":"https:\/\/baltic.se\/en\/wp-json\/wp\/v2\/types\/product"}],"wp:featuredmedia":[{"embeddable":true,"href":"https:\/\/baltic.se\/en\/wp-json\/wp\/v2\/media\/103514"}],"wp:attachment":[{"href":"https:\/\/baltic.se\/en\/wp-json\/wp\/v2\/media?parent=93320"}],"wp:term":[{"taxonomy":"product_brand","embeddable":true,"href":"https:\/\/baltic.se\/en\/wp-json\/wp\/v2\/product_brand?post=93320"},{"taxonomy":"product_cat","embeddable":true,"href":"https:\/\/baltic.se\/en\/wp-json\/wp\/v2\/product_cat?post=93320"},{"taxonomy":"product_tag","embeddable":true,"href":"https:\/\/baltic.se\/en\/wp-json\/wp\/v2\/product_tag?post=93320"}],"curies":[{"name":"wp","href":"https:\/\/api.w.org\/{rel}","templated":true}]}}