{"id":93238,"date":"2023-08-29T04:48:20","date_gmt":"2023-08-29T02:48:20","guid":{"rendered":"https:\/\/baltic.se\/?post_type=product&#038;p=93238"},"modified":"2026-04-07T04:40:25","modified_gmt":"2026-04-07T02:40:25","slug":"classic-e-i-flytvast","status":"publish","type":"product","link":"https:\/\/baltic.se\/en\/produkt\/classic-e-i-flytvast\/","title":{"rendered":"CLASSIC E.I FLYTV\u00c4ST"},"content":{"rendered":"<ul>\n<li>Allround <\/li>\n<li>\u00c5tervunnet material<\/li>\n<\/ul>\n<p><\/p>\n<p>Classic E.I. \u00e4r en utm\u00e4rkt flytv\u00e4st f\u00f6r dig som \u00e4lskar segling, motorb\u00e5tar och fiske i lugnare vatten som sj\u00f6ar och kanaler. Den kombinerar s\u00e4kerhet och komfort med smart design och \u00e5tervunnet material. En p\u00e5litlig v\u00e4st som erbjuder b\u00e5de trygghet och funktionalitet f\u00f6r fritidsentusiaster.<\/p>\n<p><strong>S\u00e4kerhet:<\/strong> Flytv\u00e4sten har en b\u00e4rkraft p\u00e5 50N och \u00e4r CE-certifierad, vilket ger p\u00e5litlig s\u00e4kerhet f\u00f6r simkunniga anv\u00e4ndare. F\u00f6r extra trygghet kan du komplettera v\u00e4sten med grenband och visselpipa, som s\u00e4ljs separat.<\/p>\n<p><strong>Passform och komfort:<\/strong> Med detaljer som knytsn\u00f6re i nederkant, frontdragkedja och ett midjeband med snabbsp\u00e4nne \u00e4r Classic E.I. b\u00e5de bekv\u00e4m och funktionell. Den f\u00f6ljsamma passformen g\u00f6r den idealisk f\u00f6r b\u00e5de avslappnade och aktiva vattenaktiviteter.<\/p>\n<p><strong>Tillverkning och kvalitet:<\/strong> Tillverkad i Europa med h\u00f6ga kvalitetsstandarder och med delvis \u00e5tervunnet material. Detta g\u00f6r att vi minimerar milj\u00f6p\u00e5verkan utan att kompromissa med kvalitet<\/p>\n<p><strong>T\u00c4NK P\u00c5:<\/strong> En flytv\u00e4st \u00e4r ett viktigt s\u00e4kerhetshj\u00e4lpmedel som kan minska risken f\u00f6r drunkning, men den garanterar inte r\u00e4ddning. Anv\u00e4nd alltid flytv\u00e4sten korrekt och f\u00f6lj alla s\u00e4kerhetsinstruktioner.<\/p>\n","protected":false},"excerpt":{"rendered":"<p>Vi ut\u00f6kar E.I kollektionen med Classic E.I. Classic E.I \u00e4r ett bra allround flythj\u00e4lpmedel som passar till de flesta vattenaktiviteter.  I denna modell \u00e4r flytmaterialet tillverkat av \u00e5tervunnet polyeten och tyget av \u00e5tervunnen polyester. Alltid med Baltics kompromissl\u00f6sa kvalitet<\/p>\n","protected":false},"featured_media":104571,"template":"","meta":{"_et_pb_use_builder":"","_et_pb_old_content":"","_et_gb_content_width":"","inline_featured_image":false},"product_brand":[],"product_cat":[771,80,86],"product_tag":[],"acf":[],"_links":{"self":[{"href":"https:\/\/baltic.se\/en\/wp-json\/wp\/v2\/product\/93238"}],"collection":[{"href":"https:\/\/baltic.se\/en\/wp-json\/wp\/v2\/product"}],"about":[{"href":"https:\/\/baltic.se\/en\/wp-json\/wp\/v2\/types\/product"}],"wp:featuredmedia":[{"embeddable":true,"href":"https:\/\/baltic.se\/en\/wp-json\/wp\/v2\/media\/104571"}],"wp:attachment":[{"href":"https:\/\/baltic.se\/en\/wp-json\/wp\/v2\/media?parent=93238"}],"wp:term":[{"taxonomy":"product_brand","embeddable":true,"href":"https:\/\/baltic.se\/en\/wp-json\/wp\/v2\/product_brand?post=93238"},{"taxonomy":"product_cat","embeddable":true,"href":"https:\/\/baltic.se\/en\/wp-json\/wp\/v2\/product_cat?post=93238"},{"taxonomy":"product_tag","embeddable":true,"href":"https:\/\/baltic.se\/en\/wp-json\/wp\/v2\/product_tag?post=93238"}],"curies":[{"name":"wp","href":"https:\/\/api.w.org\/{rel}","templated":true}]}}