{"id":394,"date":"2021-03-11T22:02:30","date_gmt":"2021-03-11T21:02:30","guid":{"rendered":"https:\/\/baltic.se\/?post_type=product&#038;p=394"},"modified":"2026-04-09T06:11:40","modified_gmt":"2026-04-09T04:11:40","slug":"axent-flytvast","status":"publish","type":"product","link":"https:\/\/baltic.se\/en\/produkt\/axent-flytvast\/","title":{"rendered":"Axent Flytv\u00e4st"},"content":{"rendered":"<ul>\n<li>Allround <\/li>\n<li>Delat flytskum<\/li>\n<li>F\u00f6ljsam passform<\/li>\n<\/ul>\n<p><\/p>\n<p>Axent flytv\u00e4st \u00e4r utformad f\u00f6r dig som s\u00f6ker en kompakt och smidig flytv\u00e4st som erbjuder b\u00e5de stil och komfort p\u00e5 vattnet. Den l\u00e4gre profilen g\u00f6r att v\u00e4sten sitter bra och inte begr\u00e4nsar r\u00f6relsefriheten, vilket \u00e4r perfekt f\u00f6r paddling, segling och andra vattenaktiviteter.<\/p>\n<p><strong>S\u00e4kerhet: <\/strong>Med en b\u00e4rf\u00f6rm\u00e5ga p\u00e5 50N och CE-m\u00e4rkning, uppfyller Axent s\u00e4kerhetsstandarder f\u00f6r simkunniga personer \u00f6ver 25 kg. Flytkraften \u00e4r j\u00e4mnt f\u00f6rdelad f\u00f6r stabilitet, men v\u00e4sten saknar krage f\u00f6r huvudst\u00f6d och kan inte v\u00e4nda en medvetsl\u00f6s person till ryggl\u00e4ge.<\/p>\n<p><strong>Passform och komfort: <\/strong>Den kompakta designen och delade flytkroppar framtill ger en bekv\u00e4m passform och fri r\u00f6relse. V\u00e4sten har en praktisk frontdragkedja och ett midjeband med snabbsp\u00e4nne f\u00f6r enkel justering. F\u00f6r extra s\u00e4kerhet kan grenband och visselpipa l\u00e4ggas till. Finns i flera f\u00e4rger f\u00f6r att passa din stil.<\/p>\n<p><strong>Tillverkning och kvalitet: <\/strong>Axent flytv\u00e4st \u00e4r tillverkad i Europa med noggrant utvalda material, vilket s\u00e4kerst\u00e4ller b\u00e5de h\u00e5llbarhet och p\u00e5litlighet f\u00f6r regelbunden anv\u00e4ndning.<\/p>\n<p><strong>T\u00c4NK P\u00c5:<\/strong> En flytv\u00e4st \u00e4r ett viktigt s\u00e4kerhetshj\u00e4lpmedel som kan minska risken f\u00f6r drunkning, men den garanterar inte r\u00e4ddning. Anv\u00e4nd alltid flytv\u00e4sten korrekt och f\u00f6lj alla s\u00e4kerhetsinstruktioner.<\/p>\n","protected":false},"excerpt":{"rendered":"<p>Flytv\u00e4sten Axent fr\u00e5n Baltic \u00e4r en l\u00e4ngre flytv\u00e4st med delade flytkroppar fram vilket g\u00f6r flytv\u00e4sten bekv\u00e4m att anv\u00e4nda. Tillg\u00e4nglig i 4 olika f\u00e4rger<\/p>\n","protected":false},"featured_media":25249,"template":"","meta":{"_et_pb_use_builder":"","_et_pb_old_content":"","_et_gb_content_width":"","inline_featured_image":false},"product_brand":[],"product_cat":[80,86,112,90],"product_tag":[],"acf":[],"_links":{"self":[{"href":"https:\/\/baltic.se\/en\/wp-json\/wp\/v2\/product\/394"}],"collection":[{"href":"https:\/\/baltic.se\/en\/wp-json\/wp\/v2\/product"}],"about":[{"href":"https:\/\/baltic.se\/en\/wp-json\/wp\/v2\/types\/product"}],"wp:featuredmedia":[{"embeddable":true,"href":"https:\/\/baltic.se\/en\/wp-json\/wp\/v2\/media\/25249"}],"wp:attachment":[{"href":"https:\/\/baltic.se\/en\/wp-json\/wp\/v2\/media?parent=394"}],"wp:term":[{"taxonomy":"product_brand","embeddable":true,"href":"https:\/\/baltic.se\/en\/wp-json\/wp\/v2\/product_brand?post=394"},{"taxonomy":"product_cat","embeddable":true,"href":"https:\/\/baltic.se\/en\/wp-json\/wp\/v2\/product_cat?post=394"},{"taxonomy":"product_tag","embeddable":true,"href":"https:\/\/baltic.se\/en\/wp-json\/wp\/v2\/product_tag?post=394"}],"curies":[{"name":"wp","href":"https:\/\/api.w.org\/{rel}","templated":true}]}}