{"id":393,"date":"2021-03-11T22:02:29","date_gmt":"2021-03-11T21:02:29","guid":{"rendered":"https:\/\/baltic.se\/?post_type=product&#038;p=393"},"modified":"2026-04-05T00:05:10","modified_gmt":"2026-04-04T22:05:10","slug":"aqua-pro-flytvast","status":"publish","type":"product","link":"https:\/\/baltic.se\/en\/produkt\/aqua-pro-flytvast\/","title":{"rendered":"Aqua Pro Flytv\u00e4st"},"content":{"rendered":"<ul>\n<li>Allround <\/li>\n<li>St\u00e4ngs med dragkedja<\/li>\n<\/ul>\n<p><\/p>\n<p>Aqua Pro flytv\u00e4st \u00e4r en m\u00e5ngsidig seglarv\u00e4st som kombinerar s\u00e4kerhet och komfort. Den \u00e4r perfekt f\u00f6r anv\u00e4ndning i lugna vatten och erbjuder optimal r\u00f6rlighet p\u00e5 b\u00e5ten. <\/p>\n<p><strong>S\u00e4kerhet:<\/strong> Aqua Pro \u00e4r CE-m\u00e4rkt och uppfyller strikta s\u00e4kerhetsstandarder. Med en b\u00e4rkraft p\u00e5 50N (30\u201390+ kg) klassas den som ett flythj\u00e4lpmedel och \u00e4r idealisk f\u00f6r simkunniga personer som v\u00e4ger minst 25 kg. Notera att den j\u00e4mnt f\u00f6rdelade flytkraften inte garanterar att en medvetsl\u00f6s person v\u00e4nds till ryggl\u00e4ge automatiskt. F\u00f6r extra trygghet kan du l\u00e4gga till grenband och visselpipa. <\/p>\n<p><strong>Passform och komfort:<\/strong> Flytv\u00e4sten har robusta midjeband och elastiska res\u00e5rer f\u00f6r en s\u00e4ker passform. Den justeras enkelt med snabbsp\u00e4nne och knytband, medan den kragfria designen ger \u00f6kad r\u00f6relsefrihet. <\/p>\n<p><strong>Tillverkning och kvalitet:<\/strong> Tillverkad i Europa enligt h\u00f6ga standarder f\u00f6r att s\u00e4kerst\u00e4lla h\u00f6g produktkvalitet och l\u00e5ngvarig s\u00e4kerhet.<\/p>\n<p><strong>T\u00c4NK P\u00c5:<\/strong> En flytv\u00e4st \u00e4r ett viktigt s\u00e4kerhetshj\u00e4lpmedel som kan minska risken f\u00f6r drunkning, men den garanterar inte r\u00e4ddning. Anv\u00e4nd alltid flytv\u00e4sten korrekt och f\u00f6lj alla s\u00e4kerhetsinstruktioner.<\/p>\n","protected":false},"excerpt":{"rendered":"<p>Baltic Aqua Pro \u00e4r flytv\u00e4st i enkelt utf\u00f6rande f\u00f6r lugna turer till sj\u00f6ss. Tillg\u00e4nglig i f\u00e4rgerna vit, r\u00f6d, svart och marin samt fyra olika storlekar. <\/p>\n","protected":false},"featured_media":25195,"template":"","meta":{"_et_pb_use_builder":"","_et_pb_old_content":"","_et_gb_content_width":"","inline_featured_image":false},"product_brand":[],"product_cat":[80,86,112,90],"product_tag":[],"acf":[],"_links":{"self":[{"href":"https:\/\/baltic.se\/en\/wp-json\/wp\/v2\/product\/393"}],"collection":[{"href":"https:\/\/baltic.se\/en\/wp-json\/wp\/v2\/product"}],"about":[{"href":"https:\/\/baltic.se\/en\/wp-json\/wp\/v2\/types\/product"}],"wp:featuredmedia":[{"embeddable":true,"href":"https:\/\/baltic.se\/en\/wp-json\/wp\/v2\/media\/25195"}],"wp:attachment":[{"href":"https:\/\/baltic.se\/en\/wp-json\/wp\/v2\/media?parent=393"}],"wp:term":[{"taxonomy":"product_brand","embeddable":true,"href":"https:\/\/baltic.se\/en\/wp-json\/wp\/v2\/product_brand?post=393"},{"taxonomy":"product_cat","embeddable":true,"href":"https:\/\/baltic.se\/en\/wp-json\/wp\/v2\/product_cat?post=393"},{"taxonomy":"product_tag","embeddable":true,"href":"https:\/\/baltic.se\/en\/wp-json\/wp\/v2\/product_tag?post=393"}],"curies":[{"name":"wp","href":"https:\/\/api.w.org\/{rel}","templated":true}]}}