{"id":389,"date":"2021-03-11T22:02:26","date_gmt":"2021-03-11T21:02:26","guid":{"rendered":"https:\/\/baltic.se\/?post_type=product&#038;p=389"},"modified":"2026-04-16T00:07:34","modified_gmt":"2026-04-15T22:07:34","slug":"mariner-flytvast","status":"publish","type":"product","link":"https:\/\/baltic.se\/en\/produkt\/mariner-flytvast\/","title":{"rendered":"Mariner Flytv\u00e4st"},"content":{"rendered":"<ul>\n<li>Allround <\/li>\n<li>Delat flytskum<\/li>\n<li>Kortare modell<\/li>\n<\/ul>\n<p><\/p>\n<p>Mariner \u00e4r en prisv\u00e4rd och funktionell flytv\u00e4st som bygger p\u00e5 v\u00e5r popul\u00e4ra modell Genua. Med en enkel och praktisk design passar den b\u00e5de nyb\u00f6rjare och erfarna anv\u00e4ndare och \u00e4r perfekt f\u00f6r paddling och andra vattenaktiviteter i lugna vatten.<\/p>\n<p><strong>S\u00e4kerhet:<\/strong> Med en b\u00e4rkraft p\u00e5 50N erbjuder denna flytv\u00e4st p\u00e5litligt st\u00f6d f\u00f6r simkunniga anv\u00e4ndare. Flytkraften \u00e4r j\u00e4mnt f\u00f6rdelad mellan fram- och baksidan f\u00f6r att s\u00e4kerst\u00e4lla stabilitet och s\u00e4kerhet, \u00e4ven utan huvudst\u00f6d. Det \u00e4r viktigt att notera att den inte har en krage f\u00f6r att st\u00f6dja huvudet och inte garanterar att v\u00e4nda en medvetsl\u00f6s person till ryggl\u00e4ge.<\/p>\n<p><strong>Passform och komfort:<\/strong> V\u00e4sten \u00e4r utrustad med en utv\u00e4ndig ficka med dragkedja f\u00f6r s\u00e4ker f\u00f6rvaring av sm\u00e5 f\u00f6rem\u00e5l. Justerbara fram- och midjeband med snabbsp\u00e4nne g\u00f6r att passformen kan anpassas f\u00f6r maximal komfort under alla vattenaktiviteter. Det delade flytmaterialet p\u00e5 framsidan bidrar ocks\u00e5 till en b\u00e4ttre passform och r\u00f6relsefrihet.<\/p>\n<p><strong>Tillverkning och kvalitet:<\/strong> Tillverkad i Europa enligt h\u00f6ga kvalitetsstandarder f\u00f6r att s\u00e4kerst\u00e4lla utm\u00e4rkt produktkvalitet.&nbsp;<\/p>\n<p><strong>T\u00c4NK P\u00c5:<\/strong> En flytv\u00e4st \u00e4r ett viktigt s\u00e4kerhetshj\u00e4lpmedel som kan minska risken f\u00f6r drunkning, men den garanterar inte r\u00e4ddning. Anv\u00e4nd alltid flytv\u00e4sten korrekt och f\u00f6lj alla s\u00e4kerhetsinstruktioner.<\/p>\n","protected":false},"excerpt":{"rendered":"<p>Baltic Mariner \u00e4r en v\u00e4lutformad flytv\u00e4st med bra passform. Tillg\u00e4nglig i f\u00e4rgerna r\u00f6d, vit och marin samt fyra olika storlekar.  <\/p>\n","protected":false},"featured_media":25573,"template":"","meta":{"_et_pb_use_builder":"","_et_pb_old_content":"","_et_gb_content_width":"","inline_featured_image":false},"product_brand":[],"product_cat":[80,86,112,90],"product_tag":[],"acf":[],"_links":{"self":[{"href":"https:\/\/baltic.se\/en\/wp-json\/wp\/v2\/product\/389"}],"collection":[{"href":"https:\/\/baltic.se\/en\/wp-json\/wp\/v2\/product"}],"about":[{"href":"https:\/\/baltic.se\/en\/wp-json\/wp\/v2\/types\/product"}],"wp:featuredmedia":[{"embeddable":true,"href":"https:\/\/baltic.se\/en\/wp-json\/wp\/v2\/media\/25573"}],"wp:attachment":[{"href":"https:\/\/baltic.se\/en\/wp-json\/wp\/v2\/media?parent=389"}],"wp:term":[{"taxonomy":"product_brand","embeddable":true,"href":"https:\/\/baltic.se\/en\/wp-json\/wp\/v2\/product_brand?post=389"},{"taxonomy":"product_cat","embeddable":true,"href":"https:\/\/baltic.se\/en\/wp-json\/wp\/v2\/product_cat?post=389"},{"taxonomy":"product_tag","embeddable":true,"href":"https:\/\/baltic.se\/en\/wp-json\/wp\/v2\/product_tag?post=389"}],"curies":[{"name":"wp","href":"https:\/\/api.w.org\/{rel}","templated":true}]}}