{"id":387,"date":"2021-03-11T22:02:24","date_gmt":"2021-03-11T21:02:24","guid":{"rendered":"https:\/\/baltic.se\/?post_type=product&#038;p=387"},"modified":"2026-04-11T16:06:44","modified_gmt":"2026-04-11T14:06:44","slug":"canoe-hydro-flytvast","status":"publish","type":"product","link":"https:\/\/baltic.se\/en\/produkt\/canoe-hydro-flytvast\/","title":{"rendered":"Canoe Hydro Flytv\u00e4st"},"content":{"rendered":"<ul>\n<li>Br\u00f6stficka<\/li>\n<li>Ficka f\u00f6r v\u00e4tskep\u00e5se<\/li>\n<li>Onesize<\/li>\n<\/ul>\n<p><\/p>\n<p>Canoe hydro flytv\u00e4sten \u00e4r ett popul\u00e4rt val f\u00f6r paddling och uthyrning. Den erbjuder robust design och smarta funktioner som s\u00e4kerst\u00e4ller b\u00e5de komfort och trygghet p\u00e5 vattnet.<\/p>\n<p><strong>S\u00e4kerhet: <\/strong>Med en b\u00e4rf\u00f6rm\u00e5ga p\u00e5 50N ger Canoe-flytv\u00e4sten p\u00e5litligt skydd f\u00f6r simkunniga \u00f6ver 25 kg. Den starka orange f\u00e4rgen \u00f6kar synligheten, och grenbandet s\u00e4kerst\u00e4ller att v\u00e4sten sitter s\u00e4kert. Flytv\u00e4sten \u00e4r CE-m\u00e4rkt f\u00f6r att uppfylla h\u00f6gsta s\u00e4kerhetsstandard.<\/p>\n<p><strong>Passform och komfort: <\/strong>One-size-passformen g\u00f6r den flexibel och anpassningsbar f\u00f6r olika kroppstyper. Ryggfickan \u00e4r perfekt f\u00f6r mjuka v\u00e4tskeflaskor, och D-ringarna p\u00e5 axlarna g\u00f6r det enkelt att f\u00e4sta sm\u00e5 tillbeh\u00f6r. Den \u00e4r ocks\u00e5 utrustad med en br\u00f6stficka f\u00f6r extra f\u00f6rvaring.<\/p>\n<p><strong>Tillverkning och kvalitet: <\/strong>Flytv\u00e4sten \u00e4r tillverkad i Europa med h\u00f6gkvalitativa material som t\u00e5l kr\u00e4vande anv\u00e4ndning. Den \u00e4r perfekt anpassad f\u00f6r b\u00e5de regelbunden paddling och uthyrningsverksamhet.<\/p>\n<p><strong>T\u00c4NK P\u00c5:<\/strong> En flytv\u00e4st \u00e4r ett viktigt s\u00e4kerhetshj\u00e4lpmedel som kan minska risken f\u00f6r drunkning, men den garanterar inte r\u00e4ddning. Anv\u00e4nd alltid flytv\u00e4sten korrekt och f\u00f6lj alla s\u00e4kerhetsinstruktioner.<\/p>\n","protected":false},"excerpt":{"rendered":"<p>Flytv\u00e4sten Canoe Hydro fr\u00e5n Baltic \u00e4r en flytv\u00e4st utformad f\u00f6r paddling i robust utf\u00f6rande. H\u00f6g synlighet samt l\u00e4tt p\u00e5- och avtagning.   <\/p>\n","protected":false},"featured_media":25559,"template":"","meta":{"_et_pb_use_builder":"","_et_pb_old_content":"","_et_gb_content_width":"","inline_featured_image":false},"product_brand":[],"product_cat":[80,710,711,90],"product_tag":[],"acf":[],"_links":{"self":[{"href":"https:\/\/baltic.se\/en\/wp-json\/wp\/v2\/product\/387"}],"collection":[{"href":"https:\/\/baltic.se\/en\/wp-json\/wp\/v2\/product"}],"about":[{"href":"https:\/\/baltic.se\/en\/wp-json\/wp\/v2\/types\/product"}],"wp:featuredmedia":[{"embeddable":true,"href":"https:\/\/baltic.se\/en\/wp-json\/wp\/v2\/media\/25559"}],"wp:attachment":[{"href":"https:\/\/baltic.se\/en\/wp-json\/wp\/v2\/media?parent=387"}],"wp:term":[{"taxonomy":"product_brand","embeddable":true,"href":"https:\/\/baltic.se\/en\/wp-json\/wp\/v2\/product_brand?post=387"},{"taxonomy":"product_cat","embeddable":true,"href":"https:\/\/baltic.se\/en\/wp-json\/wp\/v2\/product_cat?post=387"},{"taxonomy":"product_tag","embeddable":true,"href":"https:\/\/baltic.se\/en\/wp-json\/wp\/v2\/product_tag?post=387"}],"curies":[{"name":"wp","href":"https:\/\/api.w.org\/{rel}","templated":true}]}}