{"id":384,"date":"2021-03-11T22:02:22","date_gmt":"2021-03-11T21:02:22","guid":{"rendered":"https:\/\/baltic.se\/?post_type=product&#038;p=384"},"modified":"2026-04-11T16:06:12","modified_gmt":"2026-04-11T14:06:12","slug":"adventure-flytvast","status":"publish","type":"product","link":"https:\/\/baltic.se\/en\/produkt\/adventure-flytvast\/","title":{"rendered":"Adventure Flytv\u00e4st"},"content":{"rendered":"<ul>\n<li>F\u00f6r Kajak<\/li>\n<li>F\u00f6r Fiske<\/li>\n<li>Smart f\u00f6rvaring<\/li>\n<li>Kortare modell<\/li>\n<\/ul>\n<p><\/p>\n<p>Adventure flytv\u00e4st \u00e4r designad f\u00f6r outdoor-entusiaster och \u00e4r den perfekta f\u00f6ljeslagaren f\u00f6r fiske och vildmarksliv. Med en kombination av s\u00e4kerhet, komfort och praktiska funktioner \u00e4r denna v\u00e4st idealisk f\u00f6r alla dina vatten\u00e4ventyr.<\/p>\n<p><strong>S\u00e4kerhet: <\/strong>Med en flytkraft p\u00e5 50N \u00e4r Adventure Flytv\u00e4st ett tryggt val f\u00f6r simkunniga \u00f6ver 25 kg. Den erbjuder god r\u00f6relsefrihet trots att den saknar krage f\u00f6r huvudst\u00f6d och \u00e4r klassad som ett flythj\u00e4lpmedel. CE-m\u00e4rkningen garanterar att v\u00e4sten uppfyller str\u00e4nga s\u00e4kerhetsstandarder.<\/p>\n<p><strong>Passform och komfort: <\/strong>Den ergonomiska designen och flexibla passformen ger optimal komfort och r\u00f6relsefrihet. Tre fickor med dragkedja och tv\u00e5 n\u00e4tfickor p\u00e5 ryggen erbjuder praktisk f\u00f6rvaring. Multifunktionella axelf\u00e4sten och reflexer p\u00e5 axlarna f\u00f6rb\u00e4ttrar synligheten i alla v\u00e4derf\u00f6rh\u00e5llanden.<\/p>\n<p><strong>Tillverkning och kvalitet: <\/strong>Tillverkad i Europa med noggrant utvalda material, erbjuder Adventure Flytv\u00e4st \u00f6verl\u00e4gsen h\u00e5llbarhet och l\u00e5ngvarig anv\u00e4ndning. V\u00e4sten \u00e4r designad f\u00f6r att klara b\u00e5de tuffa vattenaktiviteter och dagligt bruk, vilket g\u00f6r den till ett p\u00e5litligt val f\u00f6r dina \u00e4ventyr.<\/p>\n<p><strong>T\u00c4NK P\u00c5:<\/strong> En flytv\u00e4st \u00e4r ett viktigt s\u00e4kerhetshj\u00e4lpmedel som kan minska risken f\u00f6r drunkning, men den garanterar inte r\u00e4ddning. Anv\u00e4nd alltid flytv\u00e4sten korrekt och f\u00f6lj alla s\u00e4kerhetsinstruktioner.<\/p>\n","protected":false},"excerpt":{"rendered":"<p>Flytv\u00e4sten Adventure fr\u00e5n Baltic \u00e4r utvecklad f\u00f6r att passa till fiske och vildmarksliv. Kompromissl\u00f6s kvalit\u00e9 och s\u00e4kerhet in i minsta detalj.<\/p>\n","protected":false},"featured_media":88932,"template":"","meta":{"_et_pb_use_builder":"","_et_pb_old_content":"","_et_gb_content_width":"","inline_featured_image":false},"product_brand":[],"product_cat":[80,89,710,90],"product_tag":[],"acf":[],"_links":{"self":[{"href":"https:\/\/baltic.se\/en\/wp-json\/wp\/v2\/product\/384"}],"collection":[{"href":"https:\/\/baltic.se\/en\/wp-json\/wp\/v2\/product"}],"about":[{"href":"https:\/\/baltic.se\/en\/wp-json\/wp\/v2\/types\/product"}],"wp:featuredmedia":[{"embeddable":true,"href":"https:\/\/baltic.se\/en\/wp-json\/wp\/v2\/media\/88932"}],"wp:attachment":[{"href":"https:\/\/baltic.se\/en\/wp-json\/wp\/v2\/media?parent=384"}],"wp:term":[{"taxonomy":"product_brand","embeddable":true,"href":"https:\/\/baltic.se\/en\/wp-json\/wp\/v2\/product_brand?post=384"},{"taxonomy":"product_cat","embeddable":true,"href":"https:\/\/baltic.se\/en\/wp-json\/wp\/v2\/product_cat?post=384"},{"taxonomy":"product_tag","embeddable":true,"href":"https:\/\/baltic.se\/en\/wp-json\/wp\/v2\/product_tag?post=384"}],"curies":[{"name":"wp","href":"https:\/\/api.w.org\/{rel}","templated":true}]}}