{"id":383,"date":"2021-03-11T22:02:21","date_gmt":"2021-03-11T21:02:21","guid":{"rendered":"https:\/\/baltic.se\/?post_type=product&#038;p=383"},"modified":"2026-04-23T12:05:34","modified_gmt":"2026-04-23T10:05:34","slug":"outdoor-flytvast","status":"publish","type":"product","link":"https:\/\/baltic.se\/en\/produkt\/outdoor-flytvast\/","title":{"rendered":"Outdoor Flytv\u00e4st"},"content":{"rendered":"<ul>\n<li>F\u00f6r Fiske<\/li>\n<li>Smart f\u00f6rvaring<\/li>\n<li>L\u00e4ngre modell<\/li>\n<\/ul>\n<p><\/p>\n<p>Uppt\u00e4ck Outdoor, den perfekta flytv\u00e4sten f\u00f6r fiske. Med sin genomt\u00e4nkta design erbjuder denna v\u00e4st b\u00e5de komfort och funktionalitet, vilket g\u00f6r den perfekt f\u00f6r fiske fr\u00e5n b\u00e5t, strand eller kajak.<\/p>\n<p><strong>S\u00e4kerhet:<\/strong> Flytv\u00e4sten erbjuder en flytkraft p\u00e5 50N och \u00e4r CE-m\u00e4rkt enligt de striktaste europeiska s\u00e4kerhetsstandarderna. Den \u00e4r konstruerad f\u00f6r simkunniga \u00f6ver 25 kg och garanterar en s\u00e4ker och justerbar passform med dragkedja och midjeband med snabbsp\u00e4nne. J\u00e4mn f\u00f6rdelning av flytkraften mellan fram- och baksidan \u00f6kar tryggheten p\u00e5 vattnet.<\/p>\n<p><strong>Passform och komfort:<\/strong> Den ergonomiska designen med justerbara elastiska material ger maximal komfort och f\u00f6ljer dina r\u00f6relser. Rymliga utv\u00e4ndiga fickor erbjuder praktisk f\u00f6rvaring, vilket g\u00f6r v\u00e4sten perfekt f\u00f6r l\u00e5nga fisketurer och andra vattensporter.<\/p>\n<p><strong>Tillverkning och kvalitet:<\/strong> Tillverkad i Europa enligt h\u00f6ga standarder, erbjuder denna flytv\u00e4st b\u00e5de h\u00e5llbarhet och l\u00e5ngvarig prestanda. Baltic flytkl\u00e4der \u00e4r testade och godk\u00e4nda f\u00f6r att s\u00e4kerst\u00e4lla b\u00e5de kvalitet och p\u00e5litlighet.<\/p>\n<p><strong>T\u00c4NK P\u00c5:<\/strong> En flytv\u00e4st \u00e4r ett viktigt s\u00e4kerhetshj\u00e4lpmedel som kan minska risken f\u00f6r drunkning, men den garanterar inte r\u00e4ddning. Anv\u00e4nd alltid flytv\u00e4sten korrekt och f\u00f6lj alla s\u00e4kerhetsinstruktioner.<\/p>\n","protected":false},"excerpt":{"rendered":"<p>Flytv\u00e4sten Outdoor fr\u00e5n Baltic \u00e4r utvecklad f\u00f6r fiske och uteliv. Rymliga fickor och f\u00e4ste f\u00f6r tex h\u00e5v. <\/p>\n","protected":false},"featured_media":25577,"template":"","meta":{"_et_pb_use_builder":"","_et_pb_old_content":"","_et_gb_content_width":"","inline_featured_image":false},"product_brand":[],"product_cat":[80,89,90],"product_tag":[],"acf":[],"_links":{"self":[{"href":"https:\/\/baltic.se\/en\/wp-json\/wp\/v2\/product\/383"}],"collection":[{"href":"https:\/\/baltic.se\/en\/wp-json\/wp\/v2\/product"}],"about":[{"href":"https:\/\/baltic.se\/en\/wp-json\/wp\/v2\/types\/product"}],"wp:featuredmedia":[{"embeddable":true,"href":"https:\/\/baltic.se\/en\/wp-json\/wp\/v2\/media\/25577"}],"wp:attachment":[{"href":"https:\/\/baltic.se\/en\/wp-json\/wp\/v2\/media?parent=383"}],"wp:term":[{"taxonomy":"product_brand","embeddable":true,"href":"https:\/\/baltic.se\/en\/wp-json\/wp\/v2\/product_brand?post=383"},{"taxonomy":"product_cat","embeddable":true,"href":"https:\/\/baltic.se\/en\/wp-json\/wp\/v2\/product_cat?post=383"},{"taxonomy":"product_tag","embeddable":true,"href":"https:\/\/baltic.se\/en\/wp-json\/wp\/v2\/product_tag?post=383"}],"curies":[{"name":"wp","href":"https:\/\/api.w.org\/{rel}","templated":true}]}}