{"id":36149,"date":"2022-10-26T15:47:20","date_gmt":"2022-10-26T13:47:20","guid":{"rendered":"https:\/\/baltic.se\/produkt\/legend-305-flytvast\/"},"modified":"2026-04-13T04:39:18","modified_gmt":"2026-04-13T02:39:18","slug":"legend-305-flytvast","status":"publish","type":"product","link":"https:\/\/baltic.se\/en\/produkt\/legend-305-flytvast\/","title":{"rendered":"Legend 305 Flytv\u00e4st"},"content":{"rendered":"<ul>\n<li>F\u00f6r motorb\u00e5t<\/li>\n<li>Ergonomisk passform<\/li>\n<li>H\u00f6g komfort<\/li>\n<li>Automatisk uppbl\u00e5sning<\/li>\n<\/ul>\n<p><\/p>\n<p>Legend 305 \u00e4r en uppbl\u00e5sbar r\u00e4ddningsv\u00e4st med en design som ger h\u00f6g komfort och r\u00f6relsefrihet. Perfekt f\u00f6r b\u00e5de aktiva dagar p\u00e5 vattnet och l\u00e4ngre turer.<strong>S\u00e4kerhet: <\/strong>Flytv\u00e4stens har inspektionsf\u00f6nster som ger dig snabb kontroll av uppbl\u00e5sningsmekanismen och ett l\u00f6stagbart grenband. Den \u00e4r framtagen f\u00f6r att m\u00f6ta de h\u00f6ga s\u00e4kerhetskrav som kr\u00e4vs till sj\u00f6ss.<\/p>\n<p><strong>Passform och komfort: <\/strong>Designen g\u00f6r att Legend ligger l\u00e4ngre ut p\u00e5 axlarna och l\u00e4ngre bak fr\u00e5n nacken \u00e4n m\u00e5nga andra modeller, vilket minskar trycket och \u00f6kar komforten. Tillsammans med mjuka, f\u00f6ljsamma material \u00e4r det en flytv\u00e4st som knappt m\u00e4rks att du b\u00e4r.<\/p>\n<p><strong>Tillverkning och kvalitet: <\/strong>Legend \u00e4r tillverkad i Europa med slitstarka material som klarar de tuffaste f\u00f6rh\u00e5llandena. Med noggrant utvalda detaljer och funktioner \u00e4r den ett p\u00e5litligt val f\u00f6r alla typer av vatten\u00e4ventyr.<\/p>\n<p><strong>T\u00c4NK P\u00c5:<\/strong> En flytv\u00e4st \u00e4r ett viktigt s\u00e4kerhetshj\u00e4lpmedel som kan minska risken f\u00f6r drunkning, men den garanterar inte r\u00e4ddning. Anv\u00e4nd alltid flytv\u00e4sten korrekt och f\u00f6lj alla s\u00e4kerhetsinstruktioner.<\/p>\n","protected":false},"excerpt":{"rendered":"<p>Legend ligger l\u00e4ngre ut p\u00e5 axlarna och l\u00e4ngre bak fr\u00e5n nacken \u00e4n andra modeller, detta i kombination med mjuka och f\u00f6ljsamma material g\u00f6r det till en mycket bekv\u00e4m flytv\u00e4st.<\/p>\n","protected":false},"featured_media":116431,"template":"","meta":{"_et_pb_use_builder":"","_et_pb_old_content":"","_et_gb_content_width":"","inline_featured_image":false},"product_brand":[],"product_cat":[76,561,89,86,112,72,225,730,733,558,731],"product_tag":[],"acf":[],"_links":{"self":[{"href":"https:\/\/baltic.se\/en\/wp-json\/wp\/v2\/product\/36149"}],"collection":[{"href":"https:\/\/baltic.se\/en\/wp-json\/wp\/v2\/product"}],"about":[{"href":"https:\/\/baltic.se\/en\/wp-json\/wp\/v2\/types\/product"}],"wp:featuredmedia":[{"embeddable":true,"href":"https:\/\/baltic.se\/en\/wp-json\/wp\/v2\/media\/116431"}],"wp:attachment":[{"href":"https:\/\/baltic.se\/en\/wp-json\/wp\/v2\/media?parent=36149"}],"wp:term":[{"taxonomy":"product_brand","embeddable":true,"href":"https:\/\/baltic.se\/en\/wp-json\/wp\/v2\/product_brand?post=36149"},{"taxonomy":"product_cat","embeddable":true,"href":"https:\/\/baltic.se\/en\/wp-json\/wp\/v2\/product_cat?post=36149"},{"taxonomy":"product_tag","embeddable":true,"href":"https:\/\/baltic.se\/en\/wp-json\/wp\/v2\/product_tag?post=36149"}],"curies":[{"name":"wp","href":"https:\/\/api.w.org\/{rel}","templated":true}]}}