{"id":36136,"date":"2022-10-26T13:48:39","date_gmt":"2022-10-26T11:48:39","guid":{"rendered":"https:\/\/baltic.se\/produkt\/legend-305-flytvast-manuell\/"},"modified":"2026-04-06T04:38:30","modified_gmt":"2026-04-06T02:38:30","slug":"legend-305-flytvast-manuell","status":"publish","type":"product","link":"https:\/\/baltic.se\/en\/produkt\/legend-305-flytvast-manuell\/","title":{"rendered":"Legend 305 Flytv\u00e4st manuell"},"content":{"rendered":"<p>Legend 305 manuell flytv\u00e4st \u00e4r ett utm\u00e4rkt val f\u00f6r motorb\u00e5t, segling och havsfiske. Den kombinerar komfort och smarta funktioner f\u00f6r l\u00e5nga dagar p\u00e5 vattnet.<\/p>\n<p><strong>S\u00e4kerhet: <\/strong>Flytv\u00e4sten har ett praktiskt inspektionsf\u00f6nster d\u00e4r du enkelt kan kontrollera att patronen \u00e4r laddad och redo att anv\u00e4ndas. Den \u00e4r utrustad med ett l\u00f6stagbart grenband f\u00f6r extra s\u00e4kerhet, och l\u00f6ser ut sig manuellt.<\/p>\n<p><strong>Passform och komfort: <\/strong>V\u00e4sten \u00e4r designad f\u00f6r att sitta l\u00e4ngre ut p\u00e5 axlarna och l\u00e4ngre bak fr\u00e5n nacken, vilket g\u00f6r att den k\u00e4nns extra bekv\u00e4m, \u00e4ven vid r\u00f6relse. De mjuka, f\u00f6ljsamma materialen och det luftiga fodret g\u00f6r att v\u00e4sten \u00e4r bekv\u00e4m att b\u00e4ra under hela dagen.<\/p>\n<p><strong>Tillverkning och kvalitet: <\/strong>Tillverkad med slitstarka och h\u00f6gkvalitativa material \u00e4r Legend flytv\u00e4st b\u00e5de p\u00e5litlig och h\u00e5llbar. Den \u00e4r skapad f\u00f6r att t\u00e5la tuffa f\u00f6rh\u00e5llanden och \u00e4r ett utm\u00e4rkt val b\u00e5de f\u00f6r fritidsanv\u00e4ndare och professionella.<\/p>\n<p><strong>T\u00c4NK P\u00c5:<\/strong> En flytv\u00e4st \u00e4r ett viktigt s\u00e4kerhetshj\u00e4lpmedel som kan minska risken f\u00f6r drunkning, men den garanterar inte r\u00e4ddning. Anv\u00e4nd alltid flytv\u00e4sten korrekt och f\u00f6lj alla s\u00e4kerhetsinstruktioner.<\/p>\n","protected":false},"excerpt":{"rendered":"<p>Legend ligger l\u00e4ngre ut p\u00e5 axlarna och l\u00e4ngre bak fr\u00e5n nacken \u00e4n andra modeller, detta i kombination med mjuka och f\u00f6ljsamma material g\u00f6r det till en mycket bekv\u00e4m flytv\u00e4st.<\/p>\n","protected":false},"featured_media":50016,"template":"","meta":{"_et_pb_use_builder":"","_et_pb_old_content":"","_et_gb_content_width":"","inline_featured_image":false},"product_brand":[],"product_cat":[76,561,86,112,90,115,225,730,733,731],"product_tag":[],"acf":[],"_links":{"self":[{"href":"https:\/\/baltic.se\/en\/wp-json\/wp\/v2\/product\/36136"}],"collection":[{"href":"https:\/\/baltic.se\/en\/wp-json\/wp\/v2\/product"}],"about":[{"href":"https:\/\/baltic.se\/en\/wp-json\/wp\/v2\/types\/product"}],"wp:featuredmedia":[{"embeddable":true,"href":"https:\/\/baltic.se\/en\/wp-json\/wp\/v2\/media\/50016"}],"wp:attachment":[{"href":"https:\/\/baltic.se\/en\/wp-json\/wp\/v2\/media?parent=36136"}],"wp:term":[{"taxonomy":"product_brand","embeddable":true,"href":"https:\/\/baltic.se\/en\/wp-json\/wp\/v2\/product_brand?post=36136"},{"taxonomy":"product_cat","embeddable":true,"href":"https:\/\/baltic.se\/en\/wp-json\/wp\/v2\/product_cat?post=36136"},{"taxonomy":"product_tag","embeddable":true,"href":"https:\/\/baltic.se\/en\/wp-json\/wp\/v2\/product_tag?post=36136"}],"curies":[{"name":"wp","href":"https:\/\/api.w.org\/{rel}","templated":true}]}}