{"id":355,"date":"2021-03-11T22:01:46","date_gmt":"2021-03-11T21:01:46","guid":{"rendered":"https:\/\/baltic.se\/?post_type=product&#038;p=355"},"modified":"2026-04-17T06:02:01","modified_gmt":"2026-04-17T04:02:01","slug":"bambi-flytvast","status":"publish","type":"product","link":"https:\/\/baltic.se\/en\/produkt\/bambi-flytvast\/","title":{"rendered":"Bambi Flytv\u00e4st"},"content":{"rendered":"<ul>\n<li>Allround <\/li>\n<li>Babystorlekar<\/li>\n<li>Mjukare flytskum<\/li>\n<li>Fleece i nacke<\/li>\n<\/ul>\n<p><\/p>\n<p>Bambi Flytv\u00e4st \u00e4r den perfekta startpunkten f\u00f6r barnets vatten\u00e4ventyr. Designad med fokus p\u00e5 s\u00e4kerhet, komfort och ergonomi, ger denna v\u00e4st b\u00e5de trygghet och r\u00f6relsefrihet f\u00f6r de allra minsta.<\/p>\n<p><strong>S\u00e4kerhet:<\/strong> Bambi Flytv\u00e4st har en b\u00e4rf\u00f6rm\u00e5ga p\u00e5 100N och klassas som en r\u00e4ddningsv\u00e4st. Den \u00e4r designad f\u00f6r att hj\u00e4lpa till att h\u00e5lla barnet i ryggl\u00e4ge och luftv\u00e4garna \u00f6ver vattenytan. Reflexer och visselpipa g\u00f6r barnet synligt och h\u00f6rbart i n\u00f6dsituationer. Ett praktiskt b\u00e4rhandtag g\u00f6r det enkelt att lyfta barnet vid behov.<\/p>\n<p><strong>Passform:<\/strong> V\u00e4sten \u00e4r byggd f\u00f6r att vara b\u00e5de s\u00e4ker och bekv\u00e4m. Flytmaterialet \u00e4r mjukt och nacken \u00e4r fleecefodrad f\u00f6r extra komfort. Den ergonomiska designen g\u00f6r det l\u00e4ttare f\u00f6r barnet att sova och vila i v\u00e4sten.<\/p>\n<p><strong>Tillverkning och kvalitet:<\/strong> Tillverkad i Europa med h\u00f6gkvalitativa material f\u00f6r s\u00e4kerhet och l\u00e5ngvarig komfort p\u00e5 vattnet.<\/p>\n<p><\/p>\n<p>Vill du l\u00e4sa mer om olika s\u00e4kerhetsklasser och typer av flytv\u00e4star kan du g\u00f6ra det <a href=\"https:\/\/baltic.se\/att-valja-flytvast\/\" rel=\"noopener noreferrer\" target=\"_blank\">h\u00e4r.<\/a><\/p>\n<p><strong>T\u00c4NK P\u00c5:<\/strong> En flytv\u00e4st \u00e4r ett viktigt s\u00e4kerhetshj\u00e4lpmedel som kan minska risken f\u00f6r drunkning, men den garanterar inte r\u00e4ddning. Anv\u00e4nd alltid flytv\u00e4sten korrekt och f\u00f6lj alla s\u00e4kerhetsinstruktioner.<\/p>\n","protected":false},"excerpt":{"rendered":"<p>Baltic Bambi ftytv\u00e4st \u00e4r f\u00f6r de nyf\u00f6dda. Materialen \u00e4r extra mjuka och s\u00e4kerheten helt utan kompromisser. Ett v\u00e4rdigt v\u00e4lkomnande av de allra minsta.<\/p>\n","protected":false},"featured_media":25268,"template":"","meta":{"_et_pb_use_builder":"","_et_pb_old_content":"","_et_gb_content_width":"","inline_featured_image":false},"product_brand":[],"product_cat":[77,91,86,112],"product_tag":[],"acf":[],"_links":{"self":[{"href":"https:\/\/baltic.se\/en\/wp-json\/wp\/v2\/product\/355"}],"collection":[{"href":"https:\/\/baltic.se\/en\/wp-json\/wp\/v2\/product"}],"about":[{"href":"https:\/\/baltic.se\/en\/wp-json\/wp\/v2\/types\/product"}],"wp:featuredmedia":[{"embeddable":true,"href":"https:\/\/baltic.se\/en\/wp-json\/wp\/v2\/media\/25268"}],"wp:attachment":[{"href":"https:\/\/baltic.se\/en\/wp-json\/wp\/v2\/media?parent=355"}],"wp:term":[{"taxonomy":"product_brand","embeddable":true,"href":"https:\/\/baltic.se\/en\/wp-json\/wp\/v2\/product_brand?post=355"},{"taxonomy":"product_cat","embeddable":true,"href":"https:\/\/baltic.se\/en\/wp-json\/wp\/v2\/product_cat?post=355"},{"taxonomy":"product_tag","embeddable":true,"href":"https:\/\/baltic.se\/en\/wp-json\/wp\/v2\/product_tag?post=355"}],"curies":[{"name":"wp","href":"https:\/\/api.w.org\/{rel}","templated":true}]}}