{"id":34263,"date":"2022-09-15T15:19:34","date_gmt":"2022-09-15T13:19:34","guid":{"rendered":"https:\/\/baltic.se\/?post_type=product&#038;p=34263"},"modified":"2026-04-14T04:39:07","modified_gmt":"2026-04-14T02:39:07","slug":"radial-e-i-flytvast","status":"publish","type":"product","link":"https:\/\/baltic.se\/en\/produkt\/radial-e-i-flytvast\/","title":{"rendered":"Radial E.I Flytv\u00e4st"},"content":{"rendered":"<ul>\n<li>\u00c5tervunnet material<\/li>\n<li>Ficka fram <\/li>\n<li>Justerbar passform<\/li>\n<\/ul>\n<p><\/p>\n<p>Radial E.I flytv\u00e4st \u00e4r idealisk f\u00f6r aktiviteter som segling, motorb\u00e5t och fiske. Med en kombination av h\u00f6g s\u00e4kerhet, r\u00f6relsefrihet och komfort \u00e4r den perfekt f\u00f6r b\u00e5de erfarna och nyb\u00f6rjare p\u00e5 vattnet.<\/p>\n<p><strong>S\u00e4kerhet:<\/strong> Radial flytv\u00e4st erbjuder en flytkraft p\u00e5 50N och \u00e4r CE-certifierad, vilket garanterar h\u00f6gsta s\u00e4kerhet. Den \u00e4r utrustad med sex justeringspunkter, inklusive tv\u00e5 p\u00e5 varje sida och p\u00e5 axlarna, f\u00f6r att s\u00e4kerst\u00e4lla en perfekt passform och r\u00f6relsefrihet. Reflexpipning framtill \u00f6kar synligheten i svagt ljus, vilket f\u00f6rb\u00e4ttrar din s\u00e4kerhet p\u00e5 vattnet. F\u00f6r ytterligare s\u00e4kerhet kan grenband och visselpipa k\u00f6pas till.<\/p>\n<p><strong>Passform och komfort:<\/strong> Flytv\u00e4sten \u00e4r designad f\u00f6r \u00f6verl\u00e4gsen komfort med neoprenskydd \u00f6ver axlarna som f\u00f6rhindrar skav. Res\u00e5r i sidpartierna och dubbla grenband i den minsta storleken bidrar till b\u00e5de komfort och s\u00e4kerhet. Den flexibla designen \u00e4r idealisk f\u00f6r b\u00e5de korta och l\u00e5nga vattenturer. En ficka med dragkedja ger praktisk f\u00f6rvaring av sm\u00e5 tillbeh\u00f6r och n\u00f6dv\u00e4ndigheter. <\/p>\n<p><strong>Tillverkning och kvalitet:<\/strong> Flytv\u00e4sten \u00e4r tillverkad i Europa med h\u00f6g fokus p\u00e5 kvalitet och h\u00e5llbarhet. Radial \u00e4r delvis gjord av \u00e5tervunna material, vilket g\u00f6r den till ett milj\u00f6v\u00e4nligt val f\u00f6r vattensportentusiaster.<\/p>\n<p><strong>T\u00c4NK P\u00c5:<\/strong> En flytv\u00e4st \u00e4r ett viktigt s\u00e4kerhetshj\u00e4lpmedel som kan minska risken f\u00f6r drunkning, men den garanterar inte r\u00e4ddning. Anv\u00e4nd alltid flytv\u00e4sten korrekt och f\u00f6lj alla s\u00e4kerhetsinstruktioner.<\/p>\n","protected":false},"excerpt":{"rendered":"<p>Tillverkad av delvis \u00e5tervunnet material Baltics flytv\u00e4st Radial lanseras nu i en helt ny tappning tillverkad i \u00e5tervunnet material, fortsatt med samma kompromissl\u00f6sa kvalit\u00e9. <\/p>\n","protected":false},"featured_media":88822,"template":"","meta":{"_et_pb_use_builder":"off","_et_pb_old_content":"Tillverkad av delvis \u00e5tervunnet material Baltics flytv\u00e4st Radial lanseras nu i en helt ny tappning tillverkad i \u00e5tervunnet material, fortsatt med samma kompromissl\u00f6sa kvalit\u00e9.\u00a0I denna uppdaterade version av Radial \u00e4r flytmaterialet tillverkat av \u00e5tervunnet polyeten och tyget av \u00e5tervunnen polyester.\r\n\r\n\u00a0\r\n\r\nFlytv\u00e4sten Radial \u00e4r utvecklad f\u00f6r ett aktiv liv p\u00e5 vattnet. Radial \u00e4r en bekv\u00e4m och flexibel flytv\u00e4st med hela sex stycken justeringsm\u00f6jligheter, tv\u00e5 i vardera sida samt p\u00e5 b\u00e4gge axlarna, allt f\u00f6r b\u00e4sta passform. Tack vare flytv\u00e4stens utformning ger den anv\u00e4ndaren en mycket god r\u00f6relsef\u00f6rm\u00e5ga och passar d\u00e4rf\u00f6r en bra flytv\u00e4st f\u00f6r kajak-paddling eller jollesegling. Res\u00e5r i sidpartierna samt grenband. Minsta storleken har dubbla grenband. Neopreneskydd \u00f6ver axelremmarna f\u00f6r att f\u00f6rhindra skav. Reflexpiping p\u00e5 framsidan. 50N flytkraft och klassas d\u00e4r med som ett flythj\u00e4lpmedel.\r\n\r\n\u00a0\r\n\r\nVill du veta mer om olika klasser p\u00e5 flytv\u00e4star kan du g\u00f6ra det <a href=\"https:\/\/baltic.se\/att-valja-flytvast\/\" target=\"_blank\" rel=\"noopener noreferrer\">H\u00c4R<\/a>.\r\n\r\n\u00a0\r\n<ul>\r\n \t<li>5\u00e5rs garanti<\/li>\r\n \t<li>H\u00f6g komfort<\/li>\r\n \t<li>M\u00e5nga justeringsm\u00f6jligheter<\/li>\r\n \t<li>Designad i Sverige<\/li>\r\n \t<li>Tillverkad i delvis \u00e5tervunnet material<\/li>\r\n \t<li>24% mindre koldioxidutsl\u00e4pp<\/li>\r\n \t<li>CE-approved<\/li>\r\n<\/ul>","_et_gb_content_width":"","inline_featured_image":false},"product_brand":[],"product_cat":[771,561,80,710,112,711,90],"product_tag":[],"acf":[],"_links":{"self":[{"href":"https:\/\/baltic.se\/en\/wp-json\/wp\/v2\/product\/34263"}],"collection":[{"href":"https:\/\/baltic.se\/en\/wp-json\/wp\/v2\/product"}],"about":[{"href":"https:\/\/baltic.se\/en\/wp-json\/wp\/v2\/types\/product"}],"wp:featuredmedia":[{"embeddable":true,"href":"https:\/\/baltic.se\/en\/wp-json\/wp\/v2\/media\/88822"}],"wp:attachment":[{"href":"https:\/\/baltic.se\/en\/wp-json\/wp\/v2\/media?parent=34263"}],"wp:term":[{"taxonomy":"product_brand","embeddable":true,"href":"https:\/\/baltic.se\/en\/wp-json\/wp\/v2\/product_brand?post=34263"},{"taxonomy":"product_cat","embeddable":true,"href":"https:\/\/baltic.se\/en\/wp-json\/wp\/v2\/product_cat?post=34263"},{"taxonomy":"product_tag","embeddable":true,"href":"https:\/\/baltic.se\/en\/wp-json\/wp\/v2\/product_tag?post=34263"}],"curies":[{"name":"wp","href":"https:\/\/api.w.org\/{rel}","templated":true}]}}