{"id":34146,"date":"2022-09-10T03:39:46","date_gmt":"2022-09-10T01:39:46","guid":{"rendered":"https:\/\/baltic.se\/?post_type=product&#038;p=34146"},"modified":"2026-04-19T04:36:00","modified_gmt":"2026-04-19T02:36:00","slug":"pacific-wp-backpack","status":"publish","type":"product","link":"https:\/\/baltic.se\/en\/produkt\/pacific-wp-backpack\/","title":{"rendered":"Pacific WP Backpack"},"content":{"rendered":"<p><span style=\"font-size: 16px\">Vattent\u00e4t v\u00e4ska i slitstarka material med svetsade s\u00f6mmar. Volym 30 liter.<\/span><br \/><span style=\"font-size: 16px\">M\u00e5tt : <\/span>30x30x66cm(\u00f6ppen) and 30x30x48cm (st\u00e4ngd).<\/p>\n","protected":false},"excerpt":{"rendered":"<p>Vattent\u00e4t v\u00e4ska i slitstarka material med svetsade s\u00f6mmar. Volym 30 liter<\/p>\n","protected":false},"featured_media":104583,"template":"","meta":{"_et_pb_use_builder":"","_et_pb_old_content":"","_et_gb_content_width":"","inline_featured_image":false},"product_brand":[],"product_cat":[401,300],"product_tag":[],"acf":[],"_links":{"self":[{"href":"https:\/\/baltic.se\/en\/wp-json\/wp\/v2\/product\/34146"}],"collection":[{"href":"https:\/\/baltic.se\/en\/wp-json\/wp\/v2\/product"}],"about":[{"href":"https:\/\/baltic.se\/en\/wp-json\/wp\/v2\/types\/product"}],"wp:featuredmedia":[{"embeddable":true,"href":"https:\/\/baltic.se\/en\/wp-json\/wp\/v2\/media\/104583"}],"wp:attachment":[{"href":"https:\/\/baltic.se\/en\/wp-json\/wp\/v2\/media?parent=34146"}],"wp:term":[{"taxonomy":"product_brand","embeddable":true,"href":"https:\/\/baltic.se\/en\/wp-json\/wp\/v2\/product_brand?post=34146"},{"taxonomy":"product_cat","embeddable":true,"href":"https:\/\/baltic.se\/en\/wp-json\/wp\/v2\/product_cat?post=34146"},{"taxonomy":"product_tag","embeddable":true,"href":"https:\/\/baltic.se\/en\/wp-json\/wp\/v2\/product_tag?post=34146"}],"curies":[{"name":"wp","href":"https:\/\/api.w.org\/{rel}","templated":true}]}}