{"id":34135,"date":"2022-09-10T03:39:14","date_gmt":"2022-09-10T01:39:14","guid":{"rendered":"https:\/\/baltic.se\/?post_type=product&#038;p=34135"},"modified":"2026-04-17T04:35:23","modified_gmt":"2026-04-17T02:35:23","slug":"poseidon-auto-flytvast","status":"publish","type":"product","link":"https:\/\/baltic.se\/en\/produkt\/poseidon-auto-flytvast\/","title":{"rendered":"Poseidon auto flytv\u00e4st"},"content":{"rendered":"<ul>\n<li>F\u00f6r motorb\u00e5t<\/li>\n<li>Ergonomisk passform<\/li>\n<li>Justerbar rygg<\/li>\n<li>Automatisk uppbl\u00e5sning<\/li>\n<\/ul>\n<p><\/p>\n<p>Poseidon Auto \u00e4r en uppbl\u00e5sbar r\u00e4ddningsv\u00e4st fr\u00e5n Baltic som kombinerar s\u00e4kerhet och ergonomi i en smidig design. Perfekt f\u00f6r alla typer av vatten\u00e4ventyr, fr\u00e5n segling till fiske.<\/p>\n<p><strong>S\u00e4kerhet: <\/strong>Med en b\u00e4rf\u00f6rm\u00e5ga p\u00e5 165N erbjuder Poseidon trygghet \u00e4ven under tuffare f\u00f6rh\u00e5llanden och klassas som en r\u00e4ddningsv\u00e4st. Flytv\u00e4sten \u00e4r utrustad med en p\u00e5litlig uppbl\u00e5sningsmekanism, d\u00e4r ventilen och patronen \u00e4r placerade f\u00f6r att maximera b\u00e5de s\u00e4kerhet och funktionalitet.<\/p>\n<p><strong>Passform och komfort: <\/strong>Poseidon \u00e4r designad med anv\u00e4ndarens komfort i fokus. Dess n\u00e4tta och f\u00f6ljsamma passform g\u00f6r den enkel att b\u00e4ra under l\u00e5nga perioder. Den vadderade velcro-st\u00e4ngningen skyddar fr\u00e5n midjebandets h\u00e5rda sp\u00e4nne och ger en extra mjuk k\u00e4nsla.<\/p>\n<p><strong>Tillverkning och kvalitet: <\/strong>Poseidon \u00e4r tillverkad av slitstarka material som klarar de tuffaste milj\u00f6erna p\u00e5 vattnet. Tillverkningen sker i Europa, vilket garanterar h\u00f6g kvalitet och p\u00e5litlighet. Med unika justeringsm\u00f6jligheter och en ergonomisk design erbjuder v\u00e4sten b\u00e5de l\u00e5ngvarig anv\u00e4ndning och h\u00f6g standard.<\/p>\n<p><strong>T\u00c4NK P\u00c5:<\/strong> En flytv\u00e4st \u00e4r ett viktigt s\u00e4kerhetshj\u00e4lpmedel som kan minska risken f\u00f6r drunkning, men den garanterar inte r\u00e4ddning. Anv\u00e4nd alltid flytv\u00e4sten korrekt och f\u00f6lj alla s\u00e4kerhetsinstruktioner.<\/p>\n","protected":false},"excerpt":{"rendered":"<p>Flytv\u00e4sten Poseidon fr\u00e5n Baltic \u00e4r en uppbl\u00e5sbar r\u00e4ddningsv\u00e4st med ergonomisk passform.<\/p>\n","protected":false},"featured_media":112578,"template":"","meta":{"_et_pb_use_builder":"","_et_pb_old_content":"","_et_gb_content_width":"","inline_featured_image":false},"product_brand":[],"product_cat":[561,89,86,112,90,72,733,877,374],"product_tag":[],"acf":[],"_links":{"self":[{"href":"https:\/\/baltic.se\/en\/wp-json\/wp\/v2\/product\/34135"}],"collection":[{"href":"https:\/\/baltic.se\/en\/wp-json\/wp\/v2\/product"}],"about":[{"href":"https:\/\/baltic.se\/en\/wp-json\/wp\/v2\/types\/product"}],"wp:featuredmedia":[{"embeddable":true,"href":"https:\/\/baltic.se\/en\/wp-json\/wp\/v2\/media\/112578"}],"wp:attachment":[{"href":"https:\/\/baltic.se\/en\/wp-json\/wp\/v2\/media?parent=34135"}],"wp:term":[{"taxonomy":"product_brand","embeddable":true,"href":"https:\/\/baltic.se\/en\/wp-json\/wp\/v2\/product_brand?post=34135"},{"taxonomy":"product_cat","embeddable":true,"href":"https:\/\/baltic.se\/en\/wp-json\/wp\/v2\/product_cat?post=34135"},{"taxonomy":"product_tag","embeddable":true,"href":"https:\/\/baltic.se\/en\/wp-json\/wp\/v2\/product_tag?post=34135"}],"curies":[{"name":"wp","href":"https:\/\/api.w.org\/{rel}","templated":true}]}}