{"id":34130,"date":"2022-09-10T03:38:58","date_gmt":"2022-09-10T01:38:58","guid":{"rendered":"https:\/\/baltic.se\/?post_type=product&#038;p=34130"},"modified":"2026-04-04T04:35:30","modified_gmt":"2026-04-04T02:35:30","slug":"hydration-pack","status":"publish","type":"product","link":"https:\/\/baltic.se\/en\/produkt\/hydration-pack\/","title":{"rendered":"Hydration Pack"},"content":{"rendered":"<ul>\n<li>Allround <\/li>\n<\/ul>\n<p><\/p>\n<p>Att h\u00e5lla bra v\u00e4tskeniv\u00e5er i kroppen n\u00e4r man \u00e4r aktiv ute p\u00e5 vattnet \u00e4r en viktig del i att h\u00e5lla sig s\u00e4ker. D\u00e4rf\u00f6r har Baltic tagit fram Hydartion pack som passar till alla v\u00e5ra flytv\u00e4star med ficka p\u00e5 ryggen f\u00f6r mjuk v\u00e4tskeflaska. Passar bland annat till Canoe Hydro, X4, SUP Elite&nbsp;och Extreme.<br \/>Med Baltic Hydration Pack f\u00e5r du med dig 1L vatten ut. Flaskan \u00e4r fri fr\u00e5n BPA och PVC och klarar temperaturer upp till 60grader. Smidig att plocka is\u00e4r och diska.&nbsp;<\/p>\n","protected":false},"excerpt":{"rendered":"<p>Allround Att h\u00e5lla bra v\u00e4tskeniv\u00e5er i kroppen n\u00e4r man \u00e4r aktiv ute p\u00e5 vattnet \u00e4r en viktig del i att h\u00e5lla sig s\u00e4ker. D\u00e4rf\u00f6r har Baltic tagit fram Hydartion pack som passar till alla v\u00e5ra flytv\u00e4star med ficka p\u00e5 ryggen f\u00f6r mjuk v\u00e4tskeflaska. Passar bland annat till Canoe Hydro, X4, SUP Elite&nbsp;och Extreme.Med Baltic Hydration [&hellip;]<\/p>\n","protected":false},"featured_media":113987,"template":"","meta":{"_et_pb_use_builder":"","_et_pb_old_content":"","_et_gb_content_width":"","inline_featured_image":false},"product_brand":[],"product_cat":[710,711,726],"product_tag":[],"acf":[],"_links":{"self":[{"href":"https:\/\/baltic.se\/en\/wp-json\/wp\/v2\/product\/34130"}],"collection":[{"href":"https:\/\/baltic.se\/en\/wp-json\/wp\/v2\/product"}],"about":[{"href":"https:\/\/baltic.se\/en\/wp-json\/wp\/v2\/types\/product"}],"wp:featuredmedia":[{"embeddable":true,"href":"https:\/\/baltic.se\/en\/wp-json\/wp\/v2\/media\/113987"}],"wp:attachment":[{"href":"https:\/\/baltic.se\/en\/wp-json\/wp\/v2\/media?parent=34130"}],"wp:term":[{"taxonomy":"product_brand","embeddable":true,"href":"https:\/\/baltic.se\/en\/wp-json\/wp\/v2\/product_brand?post=34130"},{"taxonomy":"product_cat","embeddable":true,"href":"https:\/\/baltic.se\/en\/wp-json\/wp\/v2\/product_cat?post=34130"},{"taxonomy":"product_tag","embeddable":true,"href":"https:\/\/baltic.se\/en\/wp-json\/wp\/v2\/product_tag?post=34130"}],"curies":[{"name":"wp","href":"https:\/\/api.w.org\/{rel}","templated":true}]}}