{"id":33401,"date":"2022-09-09T10:43:18","date_gmt":"2022-09-09T08:43:18","guid":{"rendered":"https:\/\/baltic.se\/?post_type=product&#038;p=33401"},"modified":"2026-04-20T04:35:36","modified_gmt":"2026-04-20T02:35:36","slug":"service-av-upplasbar-flytvast","status":"publish","type":"product","link":"https:\/\/baltic.se\/en\/produkt\/service-av-upplasbar-flytvast\/","title":{"rendered":"Service av uppl\u00e5sbar flytv\u00e4st"},"content":{"rendered":"<ul>\n<li>Ytterh\u00f6lje, band\/remmar, s\u00f6mmar och sp\u00e4nne<\/li>\n<li>Reflexer, lyft\u00f6gla, visselpipa och n\u00f6dljus om monterat<\/li>\n<li>Lugnkontroll slitage<\/li>\n<li>L\u00e4cktest av lunga<\/li>\n<li>Kontroll av munventil<\/li>\n<li>Gaspatron, vikt samt korrosion<\/li>\n<li>Uppbl\u00e5sningventilens manuella funktion&nbsp;<\/li>\n<li>Cartridge (UM\/Bobbin (HR)<\/li>\n<li>Ihopmontering<\/li>\n<li>Ifyllnad av v\u00e4stens servicehistorik<\/li>\n<li>Packning av flytv\u00e4st, och kontroll av kardborreband\/dragkedja<\/li>\n<\/ul>\n<p><\/p>\n<p><strong>Varf\u00f6r inspektion \u00e4r s\u00e5 viktigt!<\/strong> Uppbl\u00e5sbara r\u00e4ddningsv\u00e4star m\u00e5ste <\/p>\n<p>inspekteras oavsett om de varit uppbl\u00e5sta eller inte. En utf\u00f6rlig \u00e5rlig inspektion utf\u00f6rs av v\u00e5ra certifierade servicestationer eller direkt fr\u00e5n oss p\u00e5 Baltic.&nbsp;Att regelbundet utf\u00f6ra en service p\u00e5 din uppbl\u00e5sbara flytv\u00e4st f\u00f6rl\u00e4nger \u00e4ven livsl\u00e4ngden p\u00e5 den. Vi p\u00e5 Baltic vill att v\u00e5ra produkter ska kunna anv\u00e4ndas i m\u00e5nga \u00e5r f\u00f6r att minska belastningen p\u00e5 v\u00e5r milj\u00f6.<\/p>\n<p>Vid best\u00e4llning av en service p\u00e5 din Baltic produkt fr\u00e5n oss f\u00e5r du en f\u00f6rbetald fraktsedel mejlad till din angivna mejladress n\u00e4stkommande arbetsdag. F\u00f6rpacka din flytv\u00e4st i en p\u00e5se eller kartong och l\u00e4mna in den till n\u00e4rmast Postnord ombud.<\/p>\n<p>Du ska r\u00e4kna med att din flytv\u00e4st blir borta i cirka 2\u20133 veckor, men oftast g\u00e5r det fortare.<\/p>\n<p><strong>Notera att vi endast f\u00e5r g\u00f6ra service p\u00e5 v\u00e5ra egna produkter.<\/strong><\/p>\n<p><\/p>\n<p><\/p>\n<p>Vid en service kontrolleras f\u00f6ljande:<\/p>\n<p><strong>T\u00c4NK P\u00c5:<\/strong> En flytv\u00e4st \u00e4r ett viktigt s\u00e4kerhetshj\u00e4lpmedel som kan minska risken f\u00f6r drunkning, men den garanterar inte r\u00e4ddning. Anv\u00e4nd alltid flytv\u00e4sten korrekt och f\u00f6lj alla s\u00e4kerhetsinstruktioner.<\/p>\n","protected":false},"excerpt":{"rendered":"<p>Ytterh\u00f6lje, band\/remmar, s\u00f6mmar och sp\u00e4nne Reflexer, lyft\u00f6gla, visselpipa och n\u00f6dljus om monterat Lugnkontroll slitage L\u00e4cktest av lunga Kontroll av munventil Gaspatron, vikt samt korrosion Uppbl\u00e5sningventilens manuella funktion&nbsp; Cartridge (UM\/Bobbin (HR) Ihopmontering Ifyllnad av v\u00e4stens servicehistorik Packning av flytv\u00e4st, och kontroll av kardborreband\/dragkedja Varf\u00f6r inspektion \u00e4r s\u00e5 viktigt! Uppbl\u00e5sbara r\u00e4ddningsv\u00e4star m\u00e5ste inspekteras oavsett om de varit [&hellip;]<\/p>\n","protected":false},"featured_media":116343,"template":"","meta":{"_et_pb_use_builder":"","_et_pb_old_content":"","_et_gb_content_width":"","inline_featured_image":false},"product_brand":[],"product_cat":[561,115,72,75,374,76],"product_tag":[],"acf":[],"_links":{"self":[{"href":"https:\/\/baltic.se\/en\/wp-json\/wp\/v2\/product\/33401"}],"collection":[{"href":"https:\/\/baltic.se\/en\/wp-json\/wp\/v2\/product"}],"about":[{"href":"https:\/\/baltic.se\/en\/wp-json\/wp\/v2\/types\/product"}],"wp:featuredmedia":[{"embeddable":true,"href":"https:\/\/baltic.se\/en\/wp-json\/wp\/v2\/media\/116343"}],"wp:attachment":[{"href":"https:\/\/baltic.se\/en\/wp-json\/wp\/v2\/media?parent=33401"}],"wp:term":[{"taxonomy":"product_brand","embeddable":true,"href":"https:\/\/baltic.se\/en\/wp-json\/wp\/v2\/product_brand?post=33401"},{"taxonomy":"product_cat","embeddable":true,"href":"https:\/\/baltic.se\/en\/wp-json\/wp\/v2\/product_cat?post=33401"},{"taxonomy":"product_tag","embeddable":true,"href":"https:\/\/baltic.se\/en\/wp-json\/wp\/v2\/product_tag?post=33401"}],"curies":[{"name":"wp","href":"https:\/\/api.w.org\/{rel}","templated":true}]}}