{"id":33368,"date":"2022-09-09T03:37:16","date_gmt":"2022-09-09T01:37:16","guid":{"rendered":"https:\/\/baltic.se\/?post_type=product&#038;p=33368"},"modified":"2026-04-16T09:11:45","modified_gmt":"2026-04-16T07:11:45","slug":"splash-hundflytvast","status":"publish","type":"product","link":"https:\/\/baltic.se\/en\/produkt\/splash-hundflytvast\/","title":{"rendered":"Splash Hundflytv\u00e4st"},"content":{"rendered":"<ul>\n<li>5\u00e5rs garanti<\/li>\n<li>D-ring f\u00f6r koppel<\/li>\n<li>Lyfthandtag p\u00e5 ryggen<\/li>\n<li>Designad i Sverige<\/li>\n<li>Made in Europe<\/li>\n<\/ul>\n<p><\/p>\n<p>Nya Splash hundflyv\u00e4st, vi v\u00e5gar s\u00e4ga att detta \u00e4r den bekv\u00e4maste flytv\u00e4sten f\u00f6r hund p\u00e5 marknaden. Innovation och komfort utan att kompromissa p\u00e5 s\u00e4kerheten. V\u00e4lbalanserad med lyfthandtag f\u00f6r att snabbt kunna r\u00e4dda din b\u00e4sta v\u00e4n. Kvalit\u00e9n lyser igenom i de rej\u00e4la banden med snabbsp\u00e4nnen f\u00f6r smidig p\u00e5- och avtagning. Luftigt meshfoder f\u00f6r b\u00e4sta ventilation samt sk\u00f6n vaddering under magen f\u00f6r att f\u00f6rhindra skav. Reflexen p\u00e5 ryggen ger extra synlighet i m\u00f6rker. Dessutom dubbla D-ringar f\u00f6r valm\u00f6jligheter till kopplet. Vi v\u00e5gar s\u00e4ga att hundflytv\u00e4sten Splash \u00e4r en ny klassiker.<\/p>\n","protected":false},"excerpt":{"rendered":"<p>5\u00e5rs garanti D-ring f\u00f6r koppel Lyfthandtag p\u00e5 ryggen Designad i Sverige Made in Europe Nya Splash hundflyv\u00e4st, vi v\u00e5gar s\u00e4ga att detta \u00e4r den bekv\u00e4maste flytv\u00e4sten f\u00f6r hund p\u00e5 marknaden. Innovation och komfort utan att kompromissa p\u00e5 s\u00e4kerheten. V\u00e4lbalanserad med lyfthandtag f\u00f6r att snabbt kunna r\u00e4dda din b\u00e4sta v\u00e4n. Kvalit\u00e9n lyser igenom i de rej\u00e4la [&hellip;]<\/p>\n","protected":false},"featured_media":79300,"template":"","meta":{"_et_pb_use_builder":"","_et_pb_old_content":"","_et_gb_content_width":"","inline_featured_image":false},"product_brand":[],"product_cat":[116,561,92],"product_tag":[],"acf":[],"_links":{"self":[{"href":"https:\/\/baltic.se\/en\/wp-json\/wp\/v2\/product\/33368"}],"collection":[{"href":"https:\/\/baltic.se\/en\/wp-json\/wp\/v2\/product"}],"about":[{"href":"https:\/\/baltic.se\/en\/wp-json\/wp\/v2\/types\/product"}],"wp:featuredmedia":[{"embeddable":true,"href":"https:\/\/baltic.se\/en\/wp-json\/wp\/v2\/media\/79300"}],"wp:attachment":[{"href":"https:\/\/baltic.se\/en\/wp-json\/wp\/v2\/media?parent=33368"}],"wp:term":[{"taxonomy":"product_brand","embeddable":true,"href":"https:\/\/baltic.se\/en\/wp-json\/wp\/v2\/product_brand?post=33368"},{"taxonomy":"product_cat","embeddable":true,"href":"https:\/\/baltic.se\/en\/wp-json\/wp\/v2\/product_cat?post=33368"},{"taxonomy":"product_tag","embeddable":true,"href":"https:\/\/baltic.se\/en\/wp-json\/wp\/v2\/product_tag?post=33368"}],"curies":[{"name":"wp","href":"https:\/\/api.w.org\/{rel}","templated":true}]}}