{"id":3041,"date":"2021-04-30T09:38:04","date_gmt":"2021-04-30T07:38:04","guid":{"rendered":"https:\/\/baltic.se\/produkt\/dinghy-pro\/"},"modified":"2026-04-11T14:08:20","modified_gmt":"2026-04-11T12:08:20","slug":"dinghy-pro-flytvast","status":"publish","type":"product","link":"https:\/\/baltic.se\/en\/produkt\/dinghy-pro-flytvast\/","title":{"rendered":"Dinghy Pro Flytv\u00e4st"},"content":{"rendered":"<ul>\n<li>Br\u00f6stficka<\/li>\n<li>Kortare modell<\/li>\n<\/ul>\n<p><\/p>\n<p>Baltic Dinghy Pro \u00e4r en v\u00e4rldsledande flytv\u00e4st speciellt utformad f\u00f6r jollesegling. Den \u00e4r popul\u00e4r bland elitseglare i Optimistjolle och flera VM-lag, inklusive det svenska laget. Flytv\u00e4sten \u00e4r k\u00e4nd f\u00f6r sin exceptionella design och p\u00e5litlighet under kr\u00e4vande seglingsf\u00f6rh\u00e5llandena.<\/p>\n<p><strong>S\u00e4kerhet: <\/strong>Baltic Dinghy Pro \u00e4r ett p\u00e5litligt flythj\u00e4lpmedel med en b\u00e4rf\u00f6rm\u00e5ga p\u00e5 50N, idealisk f\u00f6r simkunniga \u00f6ver 25 kg. Flytv\u00e4sten \u00e4r CE-m\u00e4rkt, vilket s\u00e4kerst\u00e4ller att den uppfyller strikta europeiska s\u00e4kerhetsstandarder. Detta ger dig det st\u00f6d och den trygghet du beh\u00f6ver under intensiva t\u00e4vlingar och kr\u00e4vande vattenaktiviteter.<\/p>\n<p><strong>Passform och Komfort: <\/strong>F\u00f6r optimal komfort och r\u00f6relsefrihet \u00e4r Dinghy Pro utrustad med extra mjukt flytmaterial p\u00e5 framsidan och en sidodragkedja f\u00f6r enkel p\u00e5- och avtagning. Det justerbara midjebandet med Velcro garanterar en perfekt passform, och f\u00f6r de mindre storlekarna kan grenband f\u00e4stas f\u00f6r ytterligare s\u00e4kerhet. Flytv\u00e4sten \u00e4r designad f\u00f6r att vara s\u00e4rskilt bekv\u00e4m i sittande position, vilket g\u00f6r den perfekt f\u00f6r b\u00e5de jollesegling och kajakpaddling.<\/p>\n<p><strong>Tillverkning och Kvalitet: <\/strong>Tillverkad i Europa med noggrant utvalda material, Baltic Dinghy Pro st\u00e5r f\u00f6r b\u00e5de h\u00e5llbarhet och p\u00e5litlighet. Den \u00e4r byggd f\u00f6r att klara av de krav som elitsegling st\u00e4ller och erbjuder l\u00e5ngvarig kvalitet f\u00f6r regelbunden anv\u00e4ndning.<\/p>\n<p><strong>T\u00c4NK P\u00c5:<\/strong> En flytv\u00e4st \u00e4r ett viktigt s\u00e4kerhetshj\u00e4lpmedel som kan minska risken f\u00f6r drunkning, men den garanterar inte r\u00e4ddning. Anv\u00e4nd alltid flytv\u00e4sten korrekt och f\u00f6lj alla s\u00e4kerhetsinstruktioner.<\/p>\n","protected":false},"excerpt":{"rendered":"<p>Baltic Dinghy Pro \u00e4r en jollev\u00e4st som anv\u00e4nds av v\u00e4rldseliten i Optimistjolle och ett flertal VM-lag. En Klassiker f\u00f6r jolleseglare som funkar \u00e4ven i kajak.<\/p>\n","protected":false},"featured_media":25583,"template":"","meta":{"_et_pb_use_builder":"","_et_pb_old_content":"","_et_gb_content_width":"","inline_featured_image":false},"product_brand":[],"product_cat":[80,91,112,711,90],"product_tag":[],"acf":[],"_links":{"self":[{"href":"https:\/\/baltic.se\/en\/wp-json\/wp\/v2\/product\/3041"}],"collection":[{"href":"https:\/\/baltic.se\/en\/wp-json\/wp\/v2\/product"}],"about":[{"href":"https:\/\/baltic.se\/en\/wp-json\/wp\/v2\/types\/product"}],"wp:featuredmedia":[{"embeddable":true,"href":"https:\/\/baltic.se\/en\/wp-json\/wp\/v2\/media\/25583"}],"wp:attachment":[{"href":"https:\/\/baltic.se\/en\/wp-json\/wp\/v2\/media?parent=3041"}],"wp:term":[{"taxonomy":"product_brand","embeddable":true,"href":"https:\/\/baltic.se\/en\/wp-json\/wp\/v2\/product_brand?post=3041"},{"taxonomy":"product_cat","embeddable":true,"href":"https:\/\/baltic.se\/en\/wp-json\/wp\/v2\/product_cat?post=3041"},{"taxonomy":"product_tag","embeddable":true,"href":"https:\/\/baltic.se\/en\/wp-json\/wp\/v2\/product_tag?post=3041"}],"curies":[{"name":"wp","href":"https:\/\/api.w.org\/{rel}","templated":true}]}}