{"id":300,"date":"2021-03-11T22:01:04","date_gmt":"2021-03-11T21:01:04","guid":{"rendered":"https:\/\/baltic.se\/?post_type=product&#038;p=300"},"modified":"2026-04-05T18:00:53","modified_gmt":"2026-04-05T16:00:53","slug":"sar-flytvast","status":"publish","type":"product","link":"https:\/\/baltic.se\/en\/produkt\/sar-flytvast\/","title":{"rendered":"Sar Flytv\u00e4st"},"content":{"rendered":"<ul>\n<li>Utvecklad med SSRS<\/li>\n<li>Allround <\/li>\n<li>Integrerad sele<\/li>\n<li>Reflexer<\/li>\n<\/ul>\n<p><\/p>\n<p>En specialutvecklad flytv\u00e4st som \u00e4r designad f\u00f6r att klara extrema f\u00f6rh\u00e5llanden och anv\u00e4nds av Sj\u00f6r\u00e4ddningss\u00e4llskapets sj\u00f6r\u00e4ddare. Med utvalda funktioner och h\u00f6g prestanda \u00e4r Sar Flytv\u00e4st perfekt f\u00f6r professionella och \u00e4ventyrslystna p\u00e5 sj\u00f6n.<\/p>\n<p><strong>S\u00e4kerhet: <\/strong>Flytv\u00e4sten har en b\u00e4rf\u00f6rm\u00e5ga p\u00e5 50N och klassas som ett flythj\u00e4lpmedel, idealisk f\u00f6r simkunniga personer \u00f6ver 25 kg. Den \u00e4r utrustad med en integrerad, CE-godk\u00e4nd s\u00e4kerhetssele f\u00f6r extra trygghet. Reflexer p\u00e5 fram- och baksidan samt axlarna ger h\u00f6g synlighet, \u00e4ven i m\u00f6rker eller d\u00e5liga siktf\u00f6rh\u00e5llanden. Dubbla f\u00e4sten f\u00f6r VHF-radio eller n\u00f6dljus p\u00e5 axlarna \u00f6kar s\u00e4kerheten ytterligare.<\/p>\n<p><strong>Passform och komfort: <\/strong>Utformningen s\u00e4kerst\u00e4ller en bekv\u00e4m passform under kr\u00e4vande f\u00f6rh\u00e5llanden. Flytv\u00e4sten har tv\u00e5 utv\u00e4ndiga fickor och tv\u00e5 n\u00e4tfickor, perfekta f\u00f6r att f\u00f6rvara visselpipa, kniv eller annan n\u00f6dutrustning. Dubbla grenband ger en stabil och s\u00e4ker passform som h\u00e5ller v\u00e4sten p\u00e5 plats i alla situationer.<\/p>\n<p><strong>Tillverkning och kvalitet: <\/strong>Sar Flytv\u00e4st \u00e4r byggd av slitstarka och h\u00f6gkvalitativa material f\u00f6r att m\u00f6ta kraven i h\u00e5rda milj\u00f6er. Den kombinerar h\u00e5llbarhet och funktionalitet och har testats noggrant med professionella sj\u00f6r\u00e4ddare f\u00f6r att s\u00e4kerst\u00e4lla h\u00f6gsta prestanda under extrema f\u00f6rh\u00e5llanden.<\/p>\n<p><strong>T\u00c4NK P\u00c5:<\/strong> En flytv\u00e4st \u00e4r ett viktigt s\u00e4kerhetshj\u00e4lpmedel som kan minska risken f\u00f6r drunkning, men den garanterar inte r\u00e4ddning. Anv\u00e4nd alltid flytv\u00e4sten korrekt och f\u00f6lj alla s\u00e4kerhetsinstruktioner.<\/p>\n","protected":false},"excerpt":{"rendered":"<p>Baltic har tillsammans med sj\u00f6r\u00e4ddningss\u00e4llskapet utvecklat flytv\u00e4sten SAR, f\u00f6r att klara tuffa f\u00f6rh\u00e5llanden till sj\u00f6ss. <\/p>\n","protected":false},"featured_media":25557,"template":"","meta":{"_et_pb_use_builder":"","_et_pb_old_content":"","_et_gb_content_width":"","inline_featured_image":false},"product_brand":[],"product_cat":[80,560,89,112,90,225],"product_tag":[],"acf":[],"_links":{"self":[{"href":"https:\/\/baltic.se\/en\/wp-json\/wp\/v2\/product\/300"}],"collection":[{"href":"https:\/\/baltic.se\/en\/wp-json\/wp\/v2\/product"}],"about":[{"href":"https:\/\/baltic.se\/en\/wp-json\/wp\/v2\/types\/product"}],"wp:featuredmedia":[{"embeddable":true,"href":"https:\/\/baltic.se\/en\/wp-json\/wp\/v2\/media\/25557"}],"wp:attachment":[{"href":"https:\/\/baltic.se\/en\/wp-json\/wp\/v2\/media?parent=300"}],"wp:term":[{"taxonomy":"product_brand","embeddable":true,"href":"https:\/\/baltic.se\/en\/wp-json\/wp\/v2\/product_brand?post=300"},{"taxonomy":"product_cat","embeddable":true,"href":"https:\/\/baltic.se\/en\/wp-json\/wp\/v2\/product_cat?post=300"},{"taxonomy":"product_tag","embeddable":true,"href":"https:\/\/baltic.se\/en\/wp-json\/wp\/v2\/product_tag?post=300"}],"curies":[{"name":"wp","href":"https:\/\/api.w.org\/{rel}","templated":true}]}}