{"id":289,"date":"2021-03-11T22:00:56","date_gmt":"2021-03-11T21:00:56","guid":{"rendered":"https:\/\/baltic.se\/?post_type=product&#038;p=289"},"modified":"2026-04-04T06:00:52","modified_gmt":"2026-04-04T04:00:52","slug":"offshore-flytvast","status":"publish","type":"product","link":"https:\/\/baltic.se\/en\/produkt\/offshore-flytvast\/","title":{"rendered":"Offshore Flytv\u00e4st"},"content":{"rendered":"<ul>\n<li>F\u00f6r Segling<\/li>\n<li>Integrerad sele<\/li>\n<li>Reflexer<\/li>\n<\/ul>\n<p><\/p>\n<p>N\u00e4r du beh\u00f6ver s\u00e4kerhet och komfort i kr\u00e4vande vattensporter, kan du lita p\u00e5 Offshore flytv\u00e4st. Den \u00e4r designad f\u00f6r att ge dig trygghet och bekv\u00e4mlighet.<\/p>\n<p><strong>S\u00e4kerhet<\/strong>: Med en flytkraft p\u00e5 50N \u00e4r denna CE-m\u00e4rkta flytv\u00e4st idealisk f\u00f6r simkunniga \u00f6ver 25 kg. Den \u00e4r utrustad med en integrerad s\u00e4kerhetssele som m\u00f6jligg\u00f6r stabil fasts\u00e4ttning med en s\u00e4kerhetslina, vilket ger extra trygghet p\u00e5 vattnet.<\/p>\n<p><strong>Passform och komfort<\/strong>: Tv\u00e5 fleecefodrade fickor ger bekv\u00e4m f\u00f6rvaring, medan reflexer p\u00e5 axlarna \u00f6kar din synlighet. Ett grenband s\u00e4kerst\u00e4ller att v\u00e4sten sitter s\u00e4kert och bekv\u00e4mt under hela anv\u00e4ndningen.<\/p>\n<p><strong>Tillverkning och kvalitet<\/strong>: Offshore flytv\u00e4st \u00e4r tillverkad i Europa f\u00f6r att klara tuffa f\u00f6rh\u00e5llanden och s\u00e4kerst\u00e4lla l\u00e5ngvarig anv\u00e4ndning.<\/p>\n<p><strong>T\u00c4NK P\u00c5:<\/strong> En flytv\u00e4st \u00e4r ett viktigt s\u00e4kerhetshj\u00e4lpmedel som kan minska risken f\u00f6r drunkning, men den garanterar inte r\u00e4ddning. Anv\u00e4nd alltid flytv\u00e4sten korrekt och f\u00f6lj alla s\u00e4kerhetsinstruktioner.<\/p>\n","protected":false},"excerpt":{"rendered":"<p>Baltic Offshore \u00e4r en robust flytv\u00e4st utvecklad f\u00f6r att klara tuffare f\u00f6rh\u00e5llanden. Integrerad CE godk\u00e4nd s\u00e4kerhetssele f\u00f6r att kunna sp\u00e4nna fast sig med s\u00e4kerhetslina.<\/p>\n","protected":false},"featured_media":25491,"template":"","meta":{"_et_pb_use_builder":"","_et_pb_old_content":"","_et_gb_content_width":"","inline_featured_image":false},"product_brand":[],"product_cat":[80,112,90],"product_tag":[],"acf":[],"_links":{"self":[{"href":"https:\/\/baltic.se\/en\/wp-json\/wp\/v2\/product\/289"}],"collection":[{"href":"https:\/\/baltic.se\/en\/wp-json\/wp\/v2\/product"}],"about":[{"href":"https:\/\/baltic.se\/en\/wp-json\/wp\/v2\/types\/product"}],"wp:featuredmedia":[{"embeddable":true,"href":"https:\/\/baltic.se\/en\/wp-json\/wp\/v2\/media\/25491"}],"wp:attachment":[{"href":"https:\/\/baltic.se\/en\/wp-json\/wp\/v2\/media?parent=289"}],"wp:term":[{"taxonomy":"product_brand","embeddable":true,"href":"https:\/\/baltic.se\/en\/wp-json\/wp\/v2\/product_brand?post=289"},{"taxonomy":"product_cat","embeddable":true,"href":"https:\/\/baltic.se\/en\/wp-json\/wp\/v2\/product_cat?post=289"},{"taxonomy":"product_tag","embeddable":true,"href":"https:\/\/baltic.se\/en\/wp-json\/wp\/v2\/product_tag?post=289"}],"curies":[{"name":"wp","href":"https:\/\/api.w.org\/{rel}","templated":true}]}}