{"id":281,"date":"2021-03-10T14:16:40","date_gmt":"2021-03-10T13:16:40","guid":{"rendered":"https:\/\/baltic.se\/?post_type=product&#038;p=281"},"modified":"2026-04-08T18:14:17","modified_gmt":"2026-04-08T16:14:17","slug":"legend-305-sele","status":"publish","type":"product","link":"https:\/\/baltic.se\/en\/produkt\/legend-305-sele\/","title":{"rendered":"Legend 305 Sele"},"content":{"rendered":"<ul>\n<li>F\u00f6r Segling<\/li>\n<li>Ergonomisk passform<\/li>\n<li>H\u00f6g komfort<\/li>\n<li>Automatisk uppbl\u00e5sning<\/li>\n<\/ul>\n<p><\/p>\n<p>Legend 305 Sele flytv\u00e4st kombinerar komfort och s\u00e4kerhet i en genomt\u00e4nkt design. Med mjuka material och bra passform ger den r\u00f6relsefrihet och bekv\u00e4mlighet f\u00f6r alla typer av vattenturer.<\/p>\n<p><strong>S\u00e4kerhet: <\/strong>Utrustad med en s\u00e4kerhetssele och en v\u00e4vd \u00f6gla ger v\u00e4sten extra trygghet. Inspektionsf\u00f6nster och ett l\u00f6stagbart grenband g\u00f6r det enkelt att kontrollera v\u00e4stens funktion och s\u00e4kerhet.<\/p>\n<p><strong>Passform och komfort: <\/strong>Designen ger ett perfekt st\u00f6d genom att placera axelbanden l\u00e4ngre ut och l\u00e4ngre bak fr\u00e5n nacken \u00e4n andra modeller. Mesh-fodret i ryggen g\u00f6r att v\u00e4sten andas och h\u00e5ller dig bekv\u00e4m \u00e4ven under varma f\u00f6rh\u00e5llanden. De mjuka, flexibla materialen g\u00f6r att v\u00e4sten sitter bekv\u00e4mt hela dagen utan att begr\u00e4nsa r\u00f6relsefriheten.<\/p>\n<p><strong>Tillverkning och kvalitet: <\/strong>Tillverkad i Europa med noggrant utvalda material, erbjuder v\u00e4sten b\u00e5de h\u00e5llbarhet och komfort. Mesh-fodret och den justerbara s\u00e4kerhetsselen \u00e4r exempel p\u00e5 detaljer som g\u00f6r den funktionell och h\u00f6gkvalitativ f\u00f6r alla typer av aktiviteter p\u00e5 vattnet.<\/p>\n","protected":false},"excerpt":{"rendered":"<p>Legend 305 Sele Flytv\u00e4st \u00e4r f\u00f6r dig med lite h\u00f6gre krav. Du \u00e4r mycket p\u00e5 sj\u00f6n och vill ha god flytkraft p\u00e5 305N. Perfekt f\u00f6r dig med segelb\u00e5t.<\/p>\n","protected":false},"featured_media":25473,"template":"","meta":{"_et_pb_use_builder":"","_et_pb_old_content":"","_et_gb_content_width":"","inline_featured_image":false},"product_brand":[],"product_cat":[76,112,90,225,730,733,731],"product_tag":[],"acf":[],"_links":{"self":[{"href":"https:\/\/baltic.se\/en\/wp-json\/wp\/v2\/product\/281"}],"collection":[{"href":"https:\/\/baltic.se\/en\/wp-json\/wp\/v2\/product"}],"about":[{"href":"https:\/\/baltic.se\/en\/wp-json\/wp\/v2\/types\/product"}],"wp:featuredmedia":[{"embeddable":true,"href":"https:\/\/baltic.se\/en\/wp-json\/wp\/v2\/media\/25473"}],"wp:attachment":[{"href":"https:\/\/baltic.se\/en\/wp-json\/wp\/v2\/media?parent=281"}],"wp:term":[{"taxonomy":"product_brand","embeddable":true,"href":"https:\/\/baltic.se\/en\/wp-json\/wp\/v2\/product_brand?post=281"},{"taxonomy":"product_cat","embeddable":true,"href":"https:\/\/baltic.se\/en\/wp-json\/wp\/v2\/product_cat?post=281"},{"taxonomy":"product_tag","embeddable":true,"href":"https:\/\/baltic.se\/en\/wp-json\/wp\/v2\/product_tag?post=281"}],"curies":[{"name":"wp","href":"https:\/\/api.w.org\/{rel}","templated":true}]}}