{"id":266,"date":"2021-03-10T14:15:22","date_gmt":"2021-03-10T13:15:22","guid":{"rendered":"https:\/\/baltic.se\/?post_type=product&#038;p=266"},"modified":"2022-02-14T10:11:42","modified_gmt":"2022-02-14T09:11:42","slug":"winner-165-manuell","status":"publish","type":"product","link":"https:\/\/baltic.se\/en\/produkt\/winner-165-manuell\/","title":{"rendered":"Winner 165 Manuell"},"content":{"rendered":"<p>V\u00e5r mycket popul\u00e4ra modell Winner \u00e4r en smidig allroundflytv\u00e4st som passar i de flesta situationer. Med inspektionsf\u00f6nster f\u00f6r kontroll av ventilen. Endast manuell aktivering! Kraftigt yttertyg, fleecekrage, l\u00f6stagbart grenband och en b\u00e4rf\u00f6rm\u00e5ga p\u00e5 165N. <\/p>\n","protected":false},"excerpt":{"rendered":"<p>V\u00e5r mycket popul\u00e4ra modell Winner \u00e4r en smidig allroundflytv\u00e4st som passar i de flesta situationer. Med inspektionsf\u00f6nster f\u00f6r kontroll av ventilen. Endast manuell aktivering! Kraftigt yttertyg, fleecekrage, l\u00f6stagbart grenband och en b\u00e4rf\u00f6rm\u00e5ga p\u00e5 165N.<\/p>\n","protected":false},"featured_media":18367,"template":"","meta":{"_et_pb_use_builder":"","_et_pb_old_content":"","_et_gb_content_width":"","inline_featured_image":false},"product_brand":[],"product_cat":[115],"product_tag":[],"acf":[],"_links":{"self":[{"href":"https:\/\/baltic.se\/en\/wp-json\/wp\/v2\/product\/266"}],"collection":[{"href":"https:\/\/baltic.se\/en\/wp-json\/wp\/v2\/product"}],"about":[{"href":"https:\/\/baltic.se\/en\/wp-json\/wp\/v2\/types\/product"}],"wp:featuredmedia":[{"embeddable":true,"href":"https:\/\/baltic.se\/en\/wp-json\/wp\/v2\/media\/18367"}],"wp:attachment":[{"href":"https:\/\/baltic.se\/en\/wp-json\/wp\/v2\/media?parent=266"}],"wp:term":[{"taxonomy":"product_brand","embeddable":true,"href":"https:\/\/baltic.se\/en\/wp-json\/wp\/v2\/product_brand?post=266"},{"taxonomy":"product_cat","embeddable":true,"href":"https:\/\/baltic.se\/en\/wp-json\/wp\/v2\/product_cat?post=266"},{"taxonomy":"product_tag","embeddable":true,"href":"https:\/\/baltic.se\/en\/wp-json\/wp\/v2\/product_tag?post=266"}],"curies":[{"name":"wp","href":"https:\/\/api.w.org\/{rel}","templated":true}]}}