{"id":264,"date":"2021-03-10T14:13:37","date_gmt":"2021-03-10T13:13:37","guid":{"rendered":"https:\/\/baltic.se\/?post_type=product&#038;p=264"},"modified":"2026-04-08T18:00:11","modified_gmt":"2026-04-08T16:00:11","slug":"force-190-sele-sla-flytvast","status":"publish","type":"product","link":"https:\/\/baltic.se\/en\/produkt\/force-190-sele-sla-flytvast\/","title":{"rendered":"Force 190 Sele SLA Flytv\u00e4st"},"content":{"rendered":"<ul>\n<li>F\u00f6r offshore segling<\/li>\n<li>Ergonomisk passform<\/li>\n<li>Sprayhood och n\u00f6dljus<\/li>\n<li>Godk\u00e4nd enligt OSR<\/li>\n<li>Automatisk uppbl\u00e5sning<\/li>\n<\/ul>\n<p><\/p>\n<p>Baltic Force 190 Sele SLA \u00e4r en av v\u00e5ra mest avancerade flytv\u00e4star, speciellt designad f\u00f6r h\u00e5rd kappsegling p\u00e5 \u00f6ppet hav. Med en integrerad s\u00e4kerhetssele och innovativa funktioner erbjuder denna v\u00e4st enast\u00e5ende komfort och trygghet under l\u00e5nga seglatserna.<\/p>\n<p><strong>S\u00e4kerhet:<\/strong> Med en b\u00e4rf\u00f6rm\u00e5ga p\u00e5 190N klassas denna v\u00e4st som en p\u00e5litlig r\u00e4ddningsv\u00e4st. Den \u00e4r godk\u00e4nd av World Sailing OSR och har dubbla \u00f6glor f\u00f6r livlina, sprayhood som skyddar mot \u00f6versk\u00f6ljning, samt f\u00e4sten f\u00f6r n\u00f6dljus och AIS-s\u00e4ndare. Det finns \u00e4ven ett inspektionsf\u00f6nster f\u00f6r PLB-s\u00e4ndare, vilket garanterar att du alltid \u00e4r beredd p\u00e5 det ov\u00e4ntade.<\/p>\n<p><strong>Passform och komfort:<\/strong> Den extrema ergonomin bygger p\u00e5 unika detaljer som s\u00e4kerst\u00e4ller en bekv\u00e4m passform, \u00e4ven under l\u00e5nga oceanseglingar. V\u00e4sten \u00e4r designad f\u00f6r att b\u00e4ras med ett komplett sj\u00f6st\u00e4ll och flera lager kl\u00e4der under, vilket ger trygghet och r\u00f6relsefrihet i tuffa f\u00f6rh\u00e5llanden. L\u00f6stagbart grenband och visselpipa ing\u00e5r f\u00f6r extra praktisk anv\u00e4ndning.<\/p>\n<p><strong>Tillverkning och kvalitet:<\/strong> Force 190 Sele SLA \u00e4r resultatet av v\u00e5r expertis inom segling och s\u00e4kerhet, med fokus p\u00e5 maximal trygghet och funktionalitet. Denna flytv\u00e4st \u00e4r konstruerad f\u00f6r att klara de mest kr\u00e4vande f\u00f6rh\u00e5llandena, vilket g\u00f6r den till ett oumb\u00e4rligt verktyg f\u00f6r alla som s\u00f6ker h\u00f6gsta prestanda p\u00e5 vattnet.<\/p>\n<p><strong>T\u00c4NK P\u00c5:<\/strong> En flytv\u00e4st \u00e4r ett viktigt s\u00e4kerhetshj\u00e4lpmedel som kan minska risken f\u00f6r drunkning, men den garanterar inte r\u00e4ddning. Anv\u00e4nd alltid flytv\u00e4sten korrekt och f\u00f6lj alla s\u00e4kerhetsinstruktioner.<\/p>\n","protected":false},"excerpt":{"rendered":"<p>Baltic Force 190 Sele SLA \u00e4r en flytv\u00e4st f\u00f6r havskappsegling n\u00e4r allt m\u00e5ste funka. Med dubbla \u00f6glor f\u00f6r sele, sprayhood, n\u00f6dljus och f\u00e4sten f\u00f6r b\u00e5de AIS- och PLB-s\u00e4ndare. Maximal b\u00e4rkraft, s\u00e4kerhet, funktion och passform.<\/p>\n","protected":false},"featured_media":88065,"template":"","meta":{"_et_pb_use_builder":"off","_et_pb_old_content":"Force \u00e4r en flytv\u00e4st speciellt framtagen f\u00f6r tuffa kappseglings-f\u00f6rh\u00e5llanden. Tack vare dess ergonomiska utf\u00f6rande sitter denna flytv\u00e4st bekv\u00e4mt \u00e4ven under l\u00e4ngre perioder. SLA-utf\u00f6randet l\u00e4mpar sig f\u00f6r oceansegling, godk\u00e4nd enligt World Sailing OSR. Denna variant har sprayhood, n\u00f6dljus, AIS access samt inspektionsf\u00f6nster f\u00f6r PLB. Integrerad s\u00e4kerhetssele med dubbla \u00f6glor att f\u00e4sta livlinan i, l\u00f6stagbart grenband och en b\u00e4rf\u00f6rm\u00e5ga p\u00e5 190N.","_et_gb_content_width":"","inline_featured_image":false},"product_brand":[],"product_cat":[112,90,72],"product_tag":[],"acf":[],"_links":{"self":[{"href":"https:\/\/baltic.se\/en\/wp-json\/wp\/v2\/product\/264"}],"collection":[{"href":"https:\/\/baltic.se\/en\/wp-json\/wp\/v2\/product"}],"about":[{"href":"https:\/\/baltic.se\/en\/wp-json\/wp\/v2\/types\/product"}],"wp:featuredmedia":[{"embeddable":true,"href":"https:\/\/baltic.se\/en\/wp-json\/wp\/v2\/media\/88065"}],"wp:attachment":[{"href":"https:\/\/baltic.se\/en\/wp-json\/wp\/v2\/media?parent=264"}],"wp:term":[{"taxonomy":"product_brand","embeddable":true,"href":"https:\/\/baltic.se\/en\/wp-json\/wp\/v2\/product_brand?post=264"},{"taxonomy":"product_cat","embeddable":true,"href":"https:\/\/baltic.se\/en\/wp-json\/wp\/v2\/product_cat?post=264"},{"taxonomy":"product_tag","embeddable":true,"href":"https:\/\/baltic.se\/en\/wp-json\/wp\/v2\/product_tag?post=264"}],"curies":[{"name":"wp","href":"https:\/\/api.w.org\/{rel}","templated":true}]}}