{"id":25959,"date":"2022-02-22T10:25:07","date_gmt":"2022-02-22T09:25:07","guid":{"rendered":"https:\/\/baltic.se\/?post_type=product&#038;p=25959"},"modified":"2026-04-15T04:40:22","modified_gmt":"2026-04-15T02:40:22","slug":"roxen-vast","status":"publish","type":"product","link":"https:\/\/baltic.se\/en\/produkt\/roxen-vast\/","title":{"rendered":"Roxen V\u00e4st"},"content":{"rendered":"<ul>\n<li>Unisex<\/li>\n<li>L\u00e4tt vikts v\u00e4st<\/li>\n<li>2 \u00e5rs garanti<\/li>\n<\/ul>\n<p><\/p>\n<p>En v\u00e4rmande l\u00e4ttviktsv\u00e4st som fungerar perfekt som ett extra lager under v\u00e5r skaljacka Pacific eller en flytv\u00e4st under kyliga dagar. Enkel att vika ihop och ta med, vilket g\u00f6r den idealisk f\u00f6r \u00e4ventyr vid och p\u00e5 vattnet.<\/p>\n<p><strong>Anv\u00e4ndning<\/strong>: Roxen l\u00e4ttviktsjacka \u00e4r designad f\u00f6r att ge extra v\u00e4rme under kalla dagar, vare sig du b\u00e4r den som en frist\u00e5ende v\u00e4st eller tillsammans med en jacka eller flytv\u00e4st. Perfekt f\u00f6r b\u00e5tlivet och vattenaktiviteter, d\u00e4r funktion och smidighet \u00e4r avg\u00f6rande f\u00f6r att h\u00e5lla dig bekv\u00e4m och s\u00e4ker p\u00e5 vattnet.<\/p>\n<p><strong>Passform och komfort<\/strong>: Tillverkad i mjuka och l\u00e4tta material som ger h\u00f6g komfort utan att begr\u00e4nsa r\u00f6relsefriheten. Roxen v\u00e4sten \u00e4r ocks\u00e5 enkel att packa ihop, vilket g\u00f6r den perfekt att ta med p\u00e5 alla dina \u00e4ventyr.<\/p>\n<p><strong>Tillverkning och kvalitet<\/strong>: Vadderingen i Roxen \u00e4r tillverkad av Repreve-fibrer \u2013 ett \u00e5tervunnet material som minskar milj\u00f6p\u00e5verkan. Med denna teknik \u00e5tervinns plast och fiberavfall, vilket sparar vatten och energi och bidrar till en mer h\u00e5llbar framtid.<\/p>\n","protected":false},"excerpt":{"rendered":"<p>Roxen \u00e4r en mjuk och v\u00e4rmande l\u00e4ttviktsv\u00e4st fr\u00e5n Baltic. Perfekt att anv\u00e4nda som ett extra v\u00e4rmande lager under v\u00e5r skaljacka Pacific eller en flytv\u00e4st under de kallare dagarna.<\/p>\n","protected":false},"featured_media":25931,"template":"","meta":{"_et_pb_use_builder":"","_et_pb_old_content":"","_et_gb_content_width":"","inline_featured_image":false},"product_brand":[],"product_cat":[876,770],"product_tag":[],"acf":[],"_links":{"self":[{"href":"https:\/\/baltic.se\/en\/wp-json\/wp\/v2\/product\/25959"}],"collection":[{"href":"https:\/\/baltic.se\/en\/wp-json\/wp\/v2\/product"}],"about":[{"href":"https:\/\/baltic.se\/en\/wp-json\/wp\/v2\/types\/product"}],"wp:featuredmedia":[{"embeddable":true,"href":"https:\/\/baltic.se\/en\/wp-json\/wp\/v2\/media\/25931"}],"wp:attachment":[{"href":"https:\/\/baltic.se\/en\/wp-json\/wp\/v2\/media?parent=25959"}],"wp:term":[{"taxonomy":"product_brand","embeddable":true,"href":"https:\/\/baltic.se\/en\/wp-json\/wp\/v2\/product_brand?post=25959"},{"taxonomy":"product_cat","embeddable":true,"href":"https:\/\/baltic.se\/en\/wp-json\/wp\/v2\/product_cat?post=25959"},{"taxonomy":"product_tag","embeddable":true,"href":"https:\/\/baltic.se\/en\/wp-json\/wp\/v2\/product_tag?post=25959"}],"curies":[{"name":"wp","href":"https:\/\/api.w.org\/{rel}","templated":true}]}}