{"id":255,"date":"2021-03-10T14:12:26","date_gmt":"2021-03-10T13:12:26","guid":{"rendered":"https:\/\/baltic.se\/?post_type=product&#038;p=255"},"modified":"2026-04-07T18:00:01","modified_gmt":"2026-04-07T16:00:01","slug":"hybrid-220-manuell-flytvast","status":"publish","type":"product","link":"https:\/\/baltic.se\/en\/produkt\/hybrid-220-manuell-flytvast\/","title":{"rendered":"Hybrid 220 Manuell Flytv\u00e4st"},"content":{"rendered":"<ul>\n<li>5\u00e5rs garanti<\/li>\n<li>Manuell uppbl\u00e5sning<\/li>\n<li>Dubbla grenband<\/li>\n<li>CE-m\u00e4rkt<\/li>\n<li>Tillverkad i Europa<\/li>\n<\/ul>\n<p><\/p>\n<p>Flytv\u00e4st med kombinderat flytmaterial och uppbl\u00e5sbar lunga. Integrerad s\u00e4kerhetssele godk\u00e4nd enligt EN\/ISO 12401. Total b\u00e4rf\u00f6rm\u00e5ga 220N varav lungan st\u00e5r f\u00f6r 165N och flytmaterialet f\u00f6r resterande 55N. Tv\u00e5 stycken dragkedjef\u00f6rsedda fickor. Dubbla grenband. Inspektionsf\u00f6nster som med ventilens gr\u00f6na indikatorer visar att flytv\u00e4sten \u00e4r laddad och klar f\u00f6r anv\u00e4ndning. V\u00e4nligen observera att denna modell \u00e4r med manuell uppbl\u00e5sning, finns \u00e4ven med automatisk uppbl\u00e5sning. 220N b\u00e4rf\u00f6rm\u00e5ga och klassas d\u00e4r med som en r\u00e4ddningsv\u00e4st. En r\u00e4ddningsv\u00e4st r\u00e4ddar liv. Den \u00e4r konstruerad f\u00f6r att alltid v\u00e4nda anv\u00e4ndaren till ryggl\u00e4ge och h\u00e5lla luftv\u00e4garna \u00f6ver vattenytan med god marginal, \u00e4ven om anv\u00e4ndaren tappat medvetandet eller inte kan simma. R\u00e4ddningsv\u00e4star finns med uppbl\u00e5sbar lunga eller med fast flytmaterial, gemensamt f\u00f6r samtliga \u00e4r att de i aktiverat l\u00e4ge har merparten av flytkraften p\u00e5 framsidan och en stadig krage som st\u00f6ttar och h\u00e5ller upp huvudet. En r\u00e4ddningsv\u00e4st \u00e4r det sj\u00e4lvklara valet f\u00f6r personer som inte kan simma.R\u00e4ddningsv\u00e4star har alltid en b\u00e4rf\u00f6rm\u00e5ga p\u00e5 minst 100N. De uppbl\u00e5sbara modellerna \u00e4r indelade i olika klasser beroende p\u00e5 under vilka f\u00f6ruts\u00e4ttningar de ska anv\u00e4ndas. En automatisk flytv\u00e4st bl\u00e5ser upp sig d\u00e5 anv\u00e4ndaren hamnar i vattnet medan en manuell flytv\u00e4st m\u00e5ste aktiveras av anv\u00e4ndaren.<\/p>\n<p><strong>T\u00c4NK P\u00c5:<\/strong> En flytv\u00e4st \u00e4r ett viktigt s\u00e4kerhetshj\u00e4lpmedel som kan minska risken f\u00f6r drunkning, men den garanterar inte r\u00e4ddning. Anv\u00e4nd alltid flytv\u00e4sten korrekt och f\u00f6lj alla s\u00e4kerhetsinstruktioner.<\/p>\n","protected":false},"excerpt":{"rendered":"<p>Flytv\u00e4st med kombinderat flytmaterial och uppbl\u00e5sbar lunga med hela 220N flytkraft. Inspektionsf\u00f6nster som med ventilens gr\u00f6na indikatorer visar att flytv\u00e4sten \u00e4r laddad och klar f\u00f6r anv\u00e4ndning.<\/p>\n","protected":false},"featured_media":25487,"template":"","meta":{"_et_pb_use_builder":"","_et_pb_old_content":"","_et_gb_content_width":"","inline_featured_image":false},"product_brand":[],"product_cat":[90,115,559,225,731],"product_tag":[],"acf":[],"_links":{"self":[{"href":"https:\/\/baltic.se\/en\/wp-json\/wp\/v2\/product\/255"}],"collection":[{"href":"https:\/\/baltic.se\/en\/wp-json\/wp\/v2\/product"}],"about":[{"href":"https:\/\/baltic.se\/en\/wp-json\/wp\/v2\/types\/product"}],"wp:featuredmedia":[{"embeddable":true,"href":"https:\/\/baltic.se\/en\/wp-json\/wp\/v2\/media\/25487"}],"wp:attachment":[{"href":"https:\/\/baltic.se\/en\/wp-json\/wp\/v2\/media?parent=255"}],"wp:term":[{"taxonomy":"product_brand","embeddable":true,"href":"https:\/\/baltic.se\/en\/wp-json\/wp\/v2\/product_brand?post=255"},{"taxonomy":"product_cat","embeddable":true,"href":"https:\/\/baltic.se\/en\/wp-json\/wp\/v2\/product_cat?post=255"},{"taxonomy":"product_tag","embeddable":true,"href":"https:\/\/baltic.se\/en\/wp-json\/wp\/v2\/product_tag?post=255"}],"curies":[{"name":"wp","href":"https:\/\/api.w.org\/{rel}","templated":true}]}}