{"id":251,"date":"2021-03-10T14:12:11","date_gmt":"2021-03-10T13:12:11","guid":{"rendered":"https:\/\/baltic.se\/?post_type=product&#038;p=251"},"modified":"2026-05-15T04:33:29","modified_gmt":"2026-05-15T02:33:29","slug":"athena-165-flytvast","status":"publish","type":"product","link":"https:\/\/baltic.se\/en\/products\/athena-165-life-jacket\/","title":{"rendered":"Athena 165 Flytv\u00e4st"},"content":{"rendered":"<ul>\n<li>F\u00f6r motorb\u00e5t<\/li>\n<li>Designad f\u00f6r kvinnor<\/li>\n<li>Ergonomisk passform<\/li>\n<li>Automatisk uppbl\u00e5sning<\/li>\n<\/ul>\n<p><\/p>\n<p>Athena 165 flytv\u00e4st \u00e4r en uppbl\u00e5sbar r\u00e4ddningsv\u00e4st utvecklad f\u00f6r kvinnor. Med ergonomisk passform \u00e4r den utvecklad f\u00f6r motorb\u00e5t och l\u00e5nga dagar p\u00e5 vattnet, d\u00e4r komfort och funktion \u00e4r i fokus.<\/p>\n<p><strong>S\u00e4kerhet<\/strong>: Med en b\u00e4rf\u00f6rm\u00e5ga p\u00e5 165N och godk\u00e4nd som r\u00e4ddningsv\u00e4st har Athena 165 automatisk uppbl\u00e5sning vid kontakt med vatten. Ventilen och patronen \u00e4r placerade under bysten f\u00f6r \u00f6kad r\u00f6relsefrihet. Vadderad velcro-st\u00e4ngning bidrar till en s\u00e4ker och bekv\u00e4m f\u00f6rslutning.<\/p>\n<p><strong>Passform och komfort<\/strong>: Designad f\u00f6r att passa kvinnors anatomi erbjuder Athena 165 justeringsm\u00f6jligheter f\u00f6r en ergonomisk och bekv\u00e4m passform. Den smidiga designen ger r\u00f6relsefrihet f\u00f6r b\u00e5de fritids- och professionella anv\u00e4ndare.<\/p>\n<p><strong>Tillverkning och kvalitet<\/strong>: Tillverkad av h\u00f6gkvalitativa och slitstarka material, kombinerar Athena 165 innovation och h\u00e5llbarhet. Perfekt f\u00f6r kvinnor som s\u00f6ker en p\u00e5litlig och stilren flytv\u00e4st f\u00f6r alla vattenaktiviteter.<\/p>\n<p><\/p>\n<p>Vill du l\u00e4sa mer om olika s\u00e4kerhetsklasser och typer av flytv\u00e4star kan du g\u00f6ra det <a href=\"https:\/\/baltic.se\/att-valja-flytvast\/\" rel=\"noopener noreferrer\" target=\"_blank\">h\u00e4r<\/a>.<\/p>\n<p><strong>T\u00c4NK P\u00c5:<\/strong> En flytv\u00e4st \u00e4r ett viktigt s\u00e4kerhetshj\u00e4lpmedel som kan minska risken f\u00f6r drunkning, men den garanterar inte r\u00e4ddning. Anv\u00e4nd alltid flytv\u00e4sten korrekt och f\u00f6lj alla s\u00e4kerhetsinstruktioner.<\/p>\n","protected":false},"excerpt":{"rendered":"<p>V\u00e4rldens f\u00f6rsta uppbl\u00e5sbara flytv\u00e4st skr\u00e4ddarsydd f\u00f6r kvinnor. Denna flytv\u00e4st f\u00f6r dam har en smart placering av patronen, och en lunga formad f\u00f6r kvinnokroppen ger en n\u00e4tt v\u00e4st med bra passform. Sk\u00f6n vaddering av sp\u00e4nnet.<\/p>\n","protected":false},"featured_media":25431,"template":"","meta":{"_et_pb_use_builder":"","_et_pb_old_content":"","_et_gb_content_width":"","inline_featured_image":false},"product_brand":[],"product_cat":[561,86,112,90,733,877,72],"product_tag":[],"acf":[],"_links":{"self":[{"href":"https:\/\/baltic.se\/en\/wp-json\/wp\/v2\/product\/251"}],"collection":[{"href":"https:\/\/baltic.se\/en\/wp-json\/wp\/v2\/product"}],"about":[{"href":"https:\/\/baltic.se\/en\/wp-json\/wp\/v2\/types\/product"}],"wp:featuredmedia":[{"embeddable":true,"href":"https:\/\/baltic.se\/en\/wp-json\/wp\/v2\/media\/25431"}],"wp:attachment":[{"href":"https:\/\/baltic.se\/en\/wp-json\/wp\/v2\/media?parent=251"}],"wp:term":[{"taxonomy":"product_brand","embeddable":true,"href":"https:\/\/baltic.se\/en\/wp-json\/wp\/v2\/product_brand?post=251"},{"taxonomy":"product_cat","embeddable":true,"href":"https:\/\/baltic.se\/en\/wp-json\/wp\/v2\/product_cat?post=251"},{"taxonomy":"product_tag","embeddable":true,"href":"https:\/\/baltic.se\/en\/wp-json\/wp\/v2\/product_tag?post=251"}],"curies":[{"name":"wp","href":"https:\/\/api.w.org\/{rel}","templated":true}]}}