{"id":234,"date":"2021-03-10T14:08:23","date_gmt":"2021-03-10T13:08:23","guid":{"rendered":"https:\/\/baltic.se\/?post_type=product&#038;p=234"},"modified":"2026-04-12T16:00:33","modified_gmt":"2026-04-12T14:00:33","slug":"legend-305-sele-sla","status":"publish","type":"product","link":"https:\/\/baltic.se\/en\/produkt\/legend-305-sele-sla\/","title":{"rendered":"Legend 305 Sele SLA"},"content":{"rendered":"<ul>\n<li>F\u00f6r offshore segling<\/li>\n<li>Ergonomisk passform<\/li>\n<li>H\u00f6g komfort<\/li>\n<li>Sprayhood och n\u00f6dljus<\/li>\n<li>Godk\u00e4nd enligt OSR<\/li>\n<li>Automatisk uppbl\u00e5sning<\/li>\n<\/ul>\n<p><\/p>\n<p>Legend 305 Sele SLA \u00e4r en flytv\u00e4st designad f\u00f6r att ge b\u00e5de komfort och s\u00e4kerhet p\u00e5 vattnet. Den har en unik passform med axelband som sitter l\u00e4ngre ut och en rygg som \u00e4r l\u00e4ngre bak fr\u00e5n nacken, vilket g\u00f6r den bekv\u00e4m att b\u00e4ra under l\u00e4ngre perioder.<\/p>\n<p><strong>S\u00e4kerhet<\/strong><\/p>\n<p>Legend-modeller med sele och SLA \u00e4r godk\u00e4nda f\u00f6r havskappsegling enligt World Sailing OSR. V\u00e4sten \u00e4r utrustad med en v\u00e4vd \u00f6gla f\u00f6r livlina och ett luftigt mesh-foder i ryggen som bidrar till b\u00e5de s\u00e4kerhet och komfort. F\u00f6r extra trygghet har alla varianter inspektionsf\u00f6nster och l\u00f6stagbart grenband, vilket g\u00f6r det enkelt att kontrollera v\u00e4sten och s\u00e4kerst\u00e4lla att den \u00e4r i bra skick.<\/p>\n<p><strong>Passform och komfort<\/strong><\/p>\n<p>Med sina mjuka och f\u00f6ljsamma material ger Legend en mycket bekv\u00e4m passform. Axelbanden sitter l\u00e4ngre ut p\u00e5 axlarna, vilket ger b\u00e4ttre r\u00f6relsefrihet, och den l\u00e5nga ryggen med mesh-foder h\u00e5ller dig sval \u00e4ven under intensiva aktiviteter p\u00e5 vattnet.<\/p>\n<p><strong>Tillverkning och kvalitet<\/strong><\/p>\n<p>Legend \u00e4r byggd f\u00f6r att st\u00e5 emot de tuffaste f\u00f6rh\u00e5llandena p\u00e5 vattnet. Tillverkad i Europa med noggrant utvalda material och en funktionell design, erbjuder v\u00e4sten b\u00e5de h\u00e5llbarhet och komfort.<\/p>\n","protected":false},"excerpt":{"rendered":"<p>Legend 305 Sele SLA \u00e4r oceanversionen f\u00f6r tuffa f\u00f6rh\u00e5llanden. Modellen har sele, sprayhood, n\u00f6dljus och f\u00e4sten f\u00f6r n\u00f6ds\u00e4ndare. Ber\u00f6md passform.<\/p>\n","protected":false},"featured_media":25653,"template":"","meta":{"_et_pb_use_builder":"","_et_pb_old_content":"","_et_gb_content_width":"","inline_featured_image":false},"product_brand":[],"product_cat":[76,112,90,730,733,731],"product_tag":[],"acf":[],"_links":{"self":[{"href":"https:\/\/baltic.se\/en\/wp-json\/wp\/v2\/product\/234"}],"collection":[{"href":"https:\/\/baltic.se\/en\/wp-json\/wp\/v2\/product"}],"about":[{"href":"https:\/\/baltic.se\/en\/wp-json\/wp\/v2\/types\/product"}],"wp:featuredmedia":[{"embeddable":true,"href":"https:\/\/baltic.se\/en\/wp-json\/wp\/v2\/media\/25653"}],"wp:attachment":[{"href":"https:\/\/baltic.se\/en\/wp-json\/wp\/v2\/media?parent=234"}],"wp:term":[{"taxonomy":"product_brand","embeddable":true,"href":"https:\/\/baltic.se\/en\/wp-json\/wp\/v2\/product_brand?post=234"},{"taxonomy":"product_cat","embeddable":true,"href":"https:\/\/baltic.se\/en\/wp-json\/wp\/v2\/product_cat?post=234"},{"taxonomy":"product_tag","embeddable":true,"href":"https:\/\/baltic.se\/en\/wp-json\/wp\/v2\/product_tag?post=234"}],"curies":[{"name":"wp","href":"https:\/\/api.w.org\/{rel}","templated":true}]}}