{"id":223,"date":"2021-03-10T10:13:13","date_gmt":"2021-03-10T09:13:13","guid":{"rendered":"https:\/\/baltic.se\/?post_type=product&#038;p=223"},"modified":"2026-04-08T12:03:15","modified_gmt":"2026-04-08T10:03:15","slug":"compact-100-sele-flytvast","status":"publish","type":"product","link":"https:\/\/baltic.se\/en\/produkt\/compact-100-sele-flytvast\/","title":{"rendered":"Compact 100 Sele Flytv\u00e4st"},"content":{"rendered":"<ul>\n<li>F\u00f6r Segling<\/li>\n<li>Ergonomisk passform<\/li>\n<li>Automatisk uppbl\u00e5sning<\/li>\n<li>L\u00e5g vikt<\/li>\n<\/ul>\n<p><\/p>\n<p>Denna flytv\u00e4st \u00e4r perfekt f\u00f6r segling, fiske och b\u00e5tturer och har en l\u00e4tt design som \u00e4r b\u00e5de bekv\u00e4m och anv\u00e4ndbar. Compact 100 Sele ger bra s\u00e4kerhet, komfort och har \u00e4ven en integrerad s\u00e4kerhetssele, vilket g\u00f6r den till ett utm\u00e4rkt val f\u00f6r hela dagen p\u00e5 vattnet.<\/p>\n<p><strong>S\u00e4kerhet:<\/strong> Med en b\u00e4rf\u00f6rm\u00e5ga p\u00e5 100N och en manuell uppbl\u00e5sningsmekanism s\u00e4kerst\u00e4ller v\u00e4sten att dina luftv\u00e4gar h\u00e5lls \u00f6ver ytan \u00e4ven under utmanande f\u00f6rh\u00e5llanden. Inspektionsf\u00f6nstret visar tydligt n\u00e4r v\u00e4sten \u00e4r redo att anv\u00e4ndas och ger extra trygghet.<\/p>\n<p><strong>Passform och komfort:<\/strong> Den innovativa designen med tyngdpunkten l\u00e5ngt bak avlastar nacken och ger en stabil passform under l\u00e4ngre perioder. Den mjuka fleecekragen \u00f6kar komforten, medan den kompakta lungh\u00f6jden g\u00f6r v\u00e4sten till en av marknadens l\u00e4ttaste. Den integrerade s\u00e4kerhetsselen ger extra trygghet och s\u00e4kerhet under anv\u00e4ndning.<\/p>\n<p><strong>Tillverkning och kvalitet:<\/strong> Compact 100 Sele \u00e4r konstruerad f\u00f6r att vara h\u00e5llbar och p\u00e5litlig i alla f\u00f6rh\u00e5llanden. Med slitstarka material och genomt\u00e4nkta detaljer, klarar den b\u00e5de vardagliga och mer kr\u00e4vande vattenaktiviteter, vilket g\u00f6r den till ett p\u00e5litligt val f\u00f6r b\u00e5de fritids- och professionella anv\u00e4ndare.<\/p>\n","protected":false},"excerpt":{"rendered":"<p>Baltic Compact 100 sele kombindrar suver\u00e4n komfort med s\u00e4kerhet. Flytv\u00e4sten \u00e4r den l\u00e4ttaste p\u00e5 markaden som i kombination med dess utformning, g\u00f6r den sk\u00f6n att b\u00e4ra under l\u00e4ngre perioder. <\/p>\n","protected":false},"featured_media":25957,"template":"","meta":{"_et_pb_use_builder":"","_et_pb_old_content":"","_et_gb_content_width":"","inline_featured_image":false},"product_brand":[],"product_cat":[75,112,90],"product_tag":[],"acf":[],"_links":{"self":[{"href":"https:\/\/baltic.se\/en\/wp-json\/wp\/v2\/product\/223"}],"collection":[{"href":"https:\/\/baltic.se\/en\/wp-json\/wp\/v2\/product"}],"about":[{"href":"https:\/\/baltic.se\/en\/wp-json\/wp\/v2\/types\/product"}],"wp:featuredmedia":[{"embeddable":true,"href":"https:\/\/baltic.se\/en\/wp-json\/wp\/v2\/media\/25957"}],"wp:attachment":[{"href":"https:\/\/baltic.se\/en\/wp-json\/wp\/v2\/media?parent=223"}],"wp:term":[{"taxonomy":"product_brand","embeddable":true,"href":"https:\/\/baltic.se\/en\/wp-json\/wp\/v2\/product_brand?post=223"},{"taxonomy":"product_cat","embeddable":true,"href":"https:\/\/baltic.se\/en\/wp-json\/wp\/v2\/product_cat?post=223"},{"taxonomy":"product_tag","embeddable":true,"href":"https:\/\/baltic.se\/en\/wp-json\/wp\/v2\/product_tag?post=223"}],"curies":[{"name":"wp","href":"https:\/\/api.w.org\/{rel}","templated":true}]}}