{"id":22277,"date":"2021-11-25T15:04:05","date_gmt":"2021-11-25T14:04:05","guid":{"rendered":"https:\/\/baltic.se\/produkt\/athena-sele\/"},"modified":"2026-04-16T09:09:21","modified_gmt":"2026-04-16T07:09:21","slug":"athena-165-sele","status":"publish","type":"product","link":"https:\/\/baltic.se\/en\/produkt\/athena-165-sele\/","title":{"rendered":"Athena 165 Sele Flytv\u00e4st"},"content":{"rendered":"<ul>\n<li>F\u00f6r Segling<\/li>\n<li>Designad f\u00f6r kvinnor<\/li>\n<li>Ergonomisk passform<\/li>\n<li>Automatisk uppbl\u00e5sning<\/li>\n<\/ul>\n<p><\/p>\n<p>Athena 165 Sele \u00e4r v\u00e4rldens f\u00f6rsta uppbl\u00e5sbara r\u00e4ddningsv\u00e4st designad f\u00f6r kvinnor. Den bel\u00f6nades nyligen med andra plats i <em>\u00c5rets Innovation<\/em> p\u00e5 British Sailing Awards, och erbjuder en passform anpassad f\u00f6r kvinnors anatomi.<\/p>\n<p><strong>S\u00e4kerhet: <\/strong>Med en b\u00e4rf\u00f6rm\u00e5ga p\u00e5 165N \u00e4r Athena 165 Sele en p\u00e5litlig r\u00e4ddningsv\u00e4st som m\u00f6ter h\u00f6ga s\u00e4kerhetskrav. Den integrerade s\u00e4kerhetsselen ger ytterligare trygghet under intensiva aktiviteter. V\u00e4sten \u00e4r designad med ventilen och patronen placerade under bysten f\u00f6r att s\u00e4kerst\u00e4lla b\u00e5de smidighet och en optimal passform.<\/p>\n<p><strong>Passform och komfort: <\/strong>Athena 165 Sele \u00e4r skr\u00e4ddarsydd f\u00f6r kvinnors anatomi och erbjuder en n\u00e4tt, f\u00f6ljsam passform. De extra justeringsm\u00f6jligheterna g\u00f6r det m\u00f6jligt att anpassa v\u00e4sten f\u00f6r en perfekt sittning, och den vadderade velcron g\u00f6r att den st\u00e4ngs bekv\u00e4mt, utan att irritera fr\u00e5n midjebandets sp\u00e4nne. Den ergonomiska designen g\u00f6r den b\u00e5de bekv\u00e4m och funktionell, \u00e4ven under l\u00e4ngre perioder.<\/p>\n<p><strong>Tillverkning och kvalitet: <\/strong>Tillverkad i Europa med material noggrant utvalda f\u00f6r att klara tuffa f\u00f6rh\u00e5llanden p\u00e5 vattnet. Den genomt\u00e4nkta designen och robusta konstruktionen s\u00e4kerst\u00e4ller b\u00e5de komfort och l\u00e5ngvarig prestanda, vilket g\u00f6r denna v\u00e4st till ett p\u00e5litligt val f\u00f6r alla typer av vatten\u00e4ventyr.<\/p>\n<p><\/p>\n<p>Vill du l\u00e4sa mer om olika s\u00e4kerhetsklasser och typer av flytv\u00e4star kan du g\u00f6ra det h\u00e4r.<\/p>\n<p><strong>T\u00c4NK P\u00c5:<\/strong> En flytv\u00e4st \u00e4r ett viktigt s\u00e4kerhetshj\u00e4lpmedel som kan minska risken f\u00f6r drunkning, men den garanterar inte r\u00e4ddning. Anv\u00e4nd alltid flytv\u00e4sten korrekt och f\u00f6lj alla s\u00e4kerhetsinstruktioner.<\/p>\n","protected":false},"excerpt":{"rendered":"<p>V\u00e4rldens f\u00f6rsta uppbl\u00e5sbara flytv\u00e4st skr\u00e4ddarsydd f\u00f6r kvinnor. Denna flytv\u00e4st f\u00f6r dam har en smart placering av patronen, och en lunga formad f\u00f6r kvinnokroppen ger en n\u00e4tt v\u00e4st med bra passform. Integrerad s\u00e4kerhetssele samt sk\u00f6n vaddering av sp\u00e4nnet.<\/p>\n","protected":false},"featured_media":126987,"template":"","meta":{"_et_pb_use_builder":"","_et_pb_old_content":"","_et_gb_content_width":"","inline_featured_image":false},"product_brand":[],"product_cat":[86,112,72,733,877],"product_tag":[],"acf":[],"_links":{"self":[{"href":"https:\/\/baltic.se\/en\/wp-json\/wp\/v2\/product\/22277"}],"collection":[{"href":"https:\/\/baltic.se\/en\/wp-json\/wp\/v2\/product"}],"about":[{"href":"https:\/\/baltic.se\/en\/wp-json\/wp\/v2\/types\/product"}],"wp:featuredmedia":[{"embeddable":true,"href":"https:\/\/baltic.se\/en\/wp-json\/wp\/v2\/media\/126987"}],"wp:attachment":[{"href":"https:\/\/baltic.se\/en\/wp-json\/wp\/v2\/media?parent=22277"}],"wp:term":[{"taxonomy":"product_brand","embeddable":true,"href":"https:\/\/baltic.se\/en\/wp-json\/wp\/v2\/product_brand?post=22277"},{"taxonomy":"product_cat","embeddable":true,"href":"https:\/\/baltic.se\/en\/wp-json\/wp\/v2\/product_cat?post=22277"},{"taxonomy":"product_tag","embeddable":true,"href":"https:\/\/baltic.se\/en\/wp-json\/wp\/v2\/product_tag?post=22277"}],"curies":[{"name":"wp","href":"https:\/\/api.w.org\/{rel}","templated":true}]}}