{"id":22221,"date":"2021-11-23T13:31:39","date_gmt":"2021-11-23T12:31:39","guid":{"rendered":"https:\/\/baltic.se\/produkt\/slim-reflective\/"},"modified":"2026-04-09T04:33:28","modified_gmt":"2026-04-09T02:33:28","slug":"slim-reflective","status":"publish","type":"product","link":"https:\/\/baltic.se\/en\/produkt\/slim-reflective\/","title":{"rendered":"Slim Reflective Flytv\u00e4st"},"content":{"rendered":"<ul>\n<li>Allround <\/li>\n<li>Smidig passform<\/li>\n<li>Meshfoder<\/li>\n<li>Reflekterande tyg<\/li>\n<\/ul>\n<p><\/p>\n<p>Slim Reflective flytv\u00e4st \u00e4r det perfekta valet f\u00f6r segling, paddling och andra vattenaktiviteter. Den \u00e4r designad f\u00f6r att ge b\u00e5de bra synlighet och r\u00f6relsefrihet, vilket g\u00f6r den l\u00e4mplig f\u00f6r b\u00e5de nyb\u00f6rjare och erfarna vattensportare.<\/p>\n<p><strong>S\u00e4kerhet<\/strong>: Slim Reflective erbjuder 50N flytkraft och \u00e4r CE-m\u00e4rkt, vilket inneb\u00e4r att den uppfyller strikta europeiska s\u00e4kerhetsstandarder. Flytkraften \u00e4r j\u00e4mnt f\u00f6rdelad mellan fram- och baksidan f\u00f6r att \u00f6ka tryggheten. Observera att v\u00e4sten saknar krage f\u00f6r huvudst\u00f6d och inte kan v\u00e4nda en medvetsl\u00f6s person till ryggl\u00e4ge.<\/p>\n<p><strong>Passform och komfort<\/strong>: Den ergonomiska designen och de justerbara sidorna i mjukt neopren ger en skr\u00e4ddarsydd passform. Meshfodret h\u00e5ller dig sval och bekv\u00e4m \u00e4ven under l\u00e4ngre perioder p\u00e5 vattnet.<\/p>\n<p><strong>Tillverkning och kvalitet<\/strong>: Flytv\u00e4sten \u00e4r tillverkad i Europa med h\u00f6gsta standarder, vilket garanterar b\u00e5de h\u00e5llbarhet och p\u00e5litlighet.<\/p>\n<p><strong>T\u00c4NK P\u00c5:<\/strong> En flytv\u00e4st \u00e4r ett viktigt s\u00e4kerhetshj\u00e4lpmedel som kan minska risken f\u00f6r drunkning, men den garanterar inte r\u00e4ddning. Anv\u00e4nd alltid flytv\u00e4sten korrekt och f\u00f6lj alla s\u00e4kerhetsinstruktioner.<\/p>\n","protected":false},"excerpt":{"rendered":"<p>Ny, l\u00e4tt och smidig allround-flytv\u00e4st som inte liknar n\u00e5gon annan. Tack vare smart f\u00f6rdelning av flytmaterialet \u00e4r k\u00e4nslan n\u00e4stan den av en uppbl\u00e5sbar v\u00e4st. <\/p>\n","protected":false},"featured_media":25872,"template":"","meta":{"_et_pb_use_builder":"","_et_pb_old_content":"","_et_gb_content_width":"","inline_featured_image":false},"product_brand":[],"product_cat":[80,86,112,90,733],"product_tag":[],"acf":[],"_links":{"self":[{"href":"https:\/\/baltic.se\/en\/wp-json\/wp\/v2\/product\/22221"}],"collection":[{"href":"https:\/\/baltic.se\/en\/wp-json\/wp\/v2\/product"}],"about":[{"href":"https:\/\/baltic.se\/en\/wp-json\/wp\/v2\/types\/product"}],"wp:featuredmedia":[{"embeddable":true,"href":"https:\/\/baltic.se\/en\/wp-json\/wp\/v2\/media\/25872"}],"wp:attachment":[{"href":"https:\/\/baltic.se\/en\/wp-json\/wp\/v2\/media?parent=22221"}],"wp:term":[{"taxonomy":"product_brand","embeddable":true,"href":"https:\/\/baltic.se\/en\/wp-json\/wp\/v2\/product_brand?post=22221"},{"taxonomy":"product_cat","embeddable":true,"href":"https:\/\/baltic.se\/en\/wp-json\/wp\/v2\/product_cat?post=22221"},{"taxonomy":"product_tag","embeddable":true,"href":"https:\/\/baltic.se\/en\/wp-json\/wp\/v2\/product_tag?post=22221"}],"curies":[{"name":"wp","href":"https:\/\/api.w.org\/{rel}","templated":true}]}}