{"id":22184,"date":"2021-11-16T14:22:02","date_gmt":"2021-11-16T13:22:02","guid":{"rendered":"https:\/\/baltic.se\/produkt\/genua-pro\/"},"modified":"2026-04-08T04:33:13","modified_gmt":"2026-04-08T02:33:13","slug":"genua-pro-flytvast","status":"publish","type":"product","link":"https:\/\/baltic.se\/en\/produkt\/genua-pro-flytvast\/","title":{"rendered":"Genua Pro Flytv\u00e4st"},"content":{"rendered":"<ul>\n<li>Allround <\/li>\n<li>Delat flytskum<\/li>\n<li>F\u00f6ljsam passform<\/li>\n<li>Tv\u00e5 framfickor<\/li>\n<li>Kortare modell<\/li>\n<\/ul>\n<p><\/p>\n<p>Genua Pro flytv\u00e4st \u00e4r en f\u00f6rb\u00e4ttrad version av v\u00e5r popul\u00e4ra modell Genua, s\u00e4rskilt designad f\u00f6r jollesegling, paddling och b\u00e5tliv. Med sitt slitstarka yttertyg och praktiska fickor erbjuder Genua Pro b\u00e5de funktionalitet och komfort f\u00f6r alla vattenaktiviteter.<\/p>\n<p><strong>S\u00e4kerhet:<\/strong> Denna flytv\u00e4st ger 50N flytkraft och \u00e4r CE-m\u00e4rkt enligt strikta europeiska standarder, vilket s\u00e4kerst\u00e4ller p\u00e5litligt skydd p\u00e5 vattnet. Flytkraften \u00e4r j\u00e4mnt f\u00f6rdelad mellan fram- och baksidan f\u00f6r \u00f6kad trygghet. Observera att v\u00e4sten saknar krage f\u00f6r huvudst\u00f6ttning och inte garanterar att en medvetsl\u00f6s person v\u00e4nds till ryggl\u00e4ge.<\/p>\n<p><strong>Passform och komfort:<\/strong> Med sin kortare modell och delade flytkroppar erbjuder flytv\u00e4sten god r\u00f6relsefrihet. Den justerbara passformen med frontdragkedja, midjeband med snabbsp\u00e4nne och valbart grenband g\u00f6r v\u00e4sten b\u00e5de bekv\u00e4m och personlig. Perfekt f\u00f6r b\u00e5de korta och l\u00e5nga turer.<\/p>\n<p><strong>Tillverkning och kvalitet:<\/strong> Flytv\u00e4sten tillverkas i Europa enligt h\u00f6ga standarder, vilket garanterar b\u00e5de slitstyrka och p\u00e5litlighet f\u00f6r alla typer av vattenaktiviteter.<\/p>\n<p><strong>T\u00c4NK P\u00c5:<\/strong> En flytv\u00e4st \u00e4r ett viktigt s\u00e4kerhetshj\u00e4lpmedel som kan minska risken f\u00f6r drunkning, men den garanterar inte r\u00e4ddning. Anv\u00e4nd alltid flytv\u00e4sten korrekt och f\u00f6lj alla s\u00e4kerhetsinstruktioner.<\/p>\n","protected":false},"excerpt":{"rendered":"<p>Genua Pro \u00e4r en uppdaterad variant av Baltics mycket popul\u00e4ra flytv\u00e4st Genua. God passform och slitstarka material som passar till ett aktivt b\u00e5tliv. <\/p>\n","protected":false},"featured_media":116556,"template":"","meta":{"_et_pb_use_builder":"","_et_pb_old_content":"","_et_gb_content_width":"","inline_featured_image":false},"product_brand":[],"product_cat":[80,91,86,112,90],"product_tag":[],"acf":[],"_links":{"self":[{"href":"https:\/\/baltic.se\/en\/wp-json\/wp\/v2\/product\/22184"}],"collection":[{"href":"https:\/\/baltic.se\/en\/wp-json\/wp\/v2\/product"}],"about":[{"href":"https:\/\/baltic.se\/en\/wp-json\/wp\/v2\/types\/product"}],"wp:featuredmedia":[{"embeddable":true,"href":"https:\/\/baltic.se\/en\/wp-json\/wp\/v2\/media\/116556"}],"wp:attachment":[{"href":"https:\/\/baltic.se\/en\/wp-json\/wp\/v2\/media?parent=22184"}],"wp:term":[{"taxonomy":"product_brand","embeddable":true,"href":"https:\/\/baltic.se\/en\/wp-json\/wp\/v2\/product_brand?post=22184"},{"taxonomy":"product_cat","embeddable":true,"href":"https:\/\/baltic.se\/en\/wp-json\/wp\/v2\/product_cat?post=22184"},{"taxonomy":"product_tag","embeddable":true,"href":"https:\/\/baltic.se\/en\/wp-json\/wp\/v2\/product_tag?post=22184"}],"curies":[{"name":"wp","href":"https:\/\/api.w.org\/{rel}","templated":true}]}}