{"id":22119,"date":"2021-11-15T11:58:31","date_gmt":"2021-11-15T10:58:31","guid":{"rendered":"https:\/\/baltic.se\/produkt\/sup-pro\/"},"modified":"2026-04-19T04:32:17","modified_gmt":"2026-04-19T02:32:17","slug":"sup-pro-flytvast","status":"publish","type":"product","link":"https:\/\/baltic.se\/en\/produkt\/sup-pro-flytvast\/","title":{"rendered":"SUP PRO Flytv\u00e4st"},"content":{"rendered":"<ul>\n<li>F\u00f6r SUP<\/li>\n<li>Tunn och f\u00f6ljsam<\/li>\n<li>L\u00e4ngre modell<\/li>\n<\/ul>\n<p><\/p>\n<p>Den perfekta flytv\u00e4sten f\u00f6r dig som paddlar SUP. Oavsett om du \u00e4r nyb\u00f6rjare eller proffs, ger denna v\u00e4st dig b\u00e5de komfort och s\u00e4kerhet. Utvecklad i samarbete med SUP-experten Pontus Ny och \u00e4r perfekt f\u00f6r alla som \u00e4lskar att vara ute p\u00e5 vattnet. <\/p>\n<p><strong>S\u00e4kerhet: <\/strong>SUP Pro flytv\u00e4st erbjuder p\u00e5litlig s\u00e4kerhet med 50N flytkraft och \u00e4r CE-m\u00e4rkt enligt strikta europeiska s\u00e4kerhetsstandarder. Denna flytv\u00e4st garanterar din trygghet p\u00e5 vattnet utan att kompromissa med r\u00f6relsefriheten, s\u00e5 att du kan paddla med sj\u00e4lvf\u00f6rtroende.<\/p>\n<p><strong>Passform och komfort: <\/strong>Designen f\u00f6ljer dina naturliga r\u00f6relser och erbjuder en ergonomisk passform som fungerar lika bra f\u00f6r nyb\u00f6rjare som f\u00f6r erfarna paddlare. Det elastiska materialet och de justerbara funktionerna ger en bekv\u00e4m och personlig passform. Dess smidiga utformning g\u00f6r den dessutom enkel att b\u00e4ra, \u00e4ven under l\u00e4ngre paddlingsturer.<\/p>\n<p><strong>Tillverkning och kvalitet: <\/strong>Tillverkad i Europa enligt h\u00f6gsta standarder, erbjuder denna flytv\u00e4st b\u00e5de h\u00e5llbarhet och p\u00e5litlighet. Med sin robusta konstruktion kan du lita p\u00e5 att flytv\u00e4sten ger l\u00e5ngvarig prestanda och klarar av regelbunden anv\u00e4ndning p\u00e5 vattnet. Vill du l\u00e4sa mer om olika s\u00e4kerhetsklasser och typer av flytv\u00e4star kan du g\u00f6ra det <a href=\"https:\/\/baltic.se\/att-valja-flytvast\/\" rel=\"noopener noreferrer\" target=\"_blank\">h\u00e4r<\/a>.<\/p>\n<p><strong>T\u00c4NK P\u00c5:<\/strong> En flytv\u00e4st \u00e4r ett viktigt s\u00e4kerhetshj\u00e4lpmedel som kan minska risken f\u00f6r drunkning, men den garanterar inte r\u00e4ddning. Anv\u00e4nd alltid flytv\u00e4sten korrekt och f\u00f6lj alla s\u00e4kerhetsinstruktioner.<\/p>\n","protected":false},"excerpt":{"rendered":"<p>Det h\u00e4r \u00e4r en unikt utvecklad flytv\u00e4st till SUP. Maximal r\u00f6relsefrihet och design som g\u00f6r det l\u00e4tt att ta sig upp. L\u00e4ngre modell.<\/p>\n","protected":false},"featured_media":25743,"template":"","meta":{"_et_pb_use_builder":"","_et_pb_old_content":"","_et_gb_content_width":"","inline_featured_image":false},"product_brand":[],"product_cat":[80,711,733],"product_tag":[],"acf":[],"_links":{"self":[{"href":"https:\/\/baltic.se\/en\/wp-json\/wp\/v2\/product\/22119"}],"collection":[{"href":"https:\/\/baltic.se\/en\/wp-json\/wp\/v2\/product"}],"about":[{"href":"https:\/\/baltic.se\/en\/wp-json\/wp\/v2\/types\/product"}],"wp:featuredmedia":[{"embeddable":true,"href":"https:\/\/baltic.se\/en\/wp-json\/wp\/v2\/media\/25743"}],"wp:attachment":[{"href":"https:\/\/baltic.se\/en\/wp-json\/wp\/v2\/media?parent=22119"}],"wp:term":[{"taxonomy":"product_brand","embeddable":true,"href":"https:\/\/baltic.se\/en\/wp-json\/wp\/v2\/product_brand?post=22119"},{"taxonomy":"product_cat","embeddable":true,"href":"https:\/\/baltic.se\/en\/wp-json\/wp\/v2\/product_cat?post=22119"},{"taxonomy":"product_tag","embeddable":true,"href":"https:\/\/baltic.se\/en\/wp-json\/wp\/v2\/product_tag?post=22119"}],"curies":[{"name":"wp","href":"https:\/\/api.w.org\/{rel}","templated":true}]}}