{"id":22100,"date":"2021-11-15T11:28:21","date_gmt":"2021-11-15T10:28:21","guid":{"rendered":"https:\/\/baltic.se\/produkt\/sup-elite\/"},"modified":"2026-04-12T04:31:51","modified_gmt":"2026-04-12T02:31:51","slug":"sup-elite-flytvast","status":"publish","type":"product","link":"https:\/\/baltic.se\/en\/produkt\/sup-elite-flytvast\/","title":{"rendered":"SUP Elite Flytv\u00e4st"},"content":{"rendered":"<ul>\n<li>F\u00f6r SUP<\/li>\n<li>Tunn och f\u00f6ljsam<\/li>\n<li>Ficka f\u00f6r v\u00e4tskep\u00e5se<\/li>\n<li>L\u00e4ngre modell<\/li>\n<\/ul>\n<p><\/p>\n<p>Uppt\u00e4ck flytv\u00e4sten f\u00f6r l\u00e4ngre SUP-turer, utvecklad med hj\u00e4lp av SUP-experten Pontus Ny. Designad f\u00f6r att ge b\u00e5de nyb\u00f6rjare och erfarna paddlare optimal s\u00e4kerhet och r\u00f6relsefrihet p\u00e5 vattnet.<\/p>\n<p><strong>S\u00e4kerhet:<\/strong> Denna flytv\u00e4st har en b\u00e4rf\u00f6rm\u00e5ga p\u00e5 50N och \u00e4r CE-m\u00e4rkt, vilket inneb\u00e4r att den uppfyller strikta s\u00e4kerhetsstandarder. Den erbjuder p\u00e5litlig flytkraft och trygghet under alla dina SUP-aktiviteter.<\/p>\n<p><strong>Passform och komfort:<\/strong> Med sin l\u00e4ngre design och sitt mjuka flytmaterial f\u00e5r v\u00e4sten utm\u00e4rkt r\u00f6relsefrihet b\u00e5de p\u00e5 br\u00e4dan och i vattnet. Den unika formen fram underl\u00e4ttar att ta sig upp p\u00e5 br\u00e4dan. Praktisk dragkedja p\u00e5 sidan g\u00f6r det enkelt att ta p\u00e5 och av v\u00e4sten, medan justerbara axel- och midjeband ger en skr\u00e4ddarsydd passform. En elastisk res\u00e5r i ryggen ger \u00e4ven extra utrymme f\u00f6r till exempel en t-shirt.<\/p>\n<p><strong>Tillverkning och kvalitet:<\/strong> Flytv\u00e4sten \u00e4r tillverkad i Europa och kombinerar h\u00f6g kvalitet med l\u00e5ngvarig h\u00e5llbarhet. Designen \u00e4r optimerad f\u00f6r att klara av utmanande f\u00f6rh\u00e5llanden och s\u00e4kerst\u00e4lla p\u00e5litlig prestanda vid varje paddeltur. Vill du l\u00e4sa mer om olika s\u00e4kerhetsklasser och typer av flytv\u00e4star kan du g\u00f6ra det <a href=\"https:\/\/baltic.se\/att-valja-flytvast\/\" rel=\"noopener noreferrer\" target=\"_blank\">h\u00e4r<\/a>.<\/p>\n<p><strong>T\u00c4NK P\u00c5:<\/strong> En flytv\u00e4st \u00e4r ett viktigt s\u00e4kerhetshj\u00e4lpmedel som kan minska risken f\u00f6r drunkning, men den garanterar inte r\u00e4ddning. Anv\u00e4nd alltid flytv\u00e4sten korrekt och f\u00f6lj alla s\u00e4kerhetsinstruktioner.<\/p>\n","protected":false},"excerpt":{"rendered":"<p>Det h\u00e4r \u00e4r en unik flytv\u00e4st till SUP, g\u00e4rna l\u00e5ngturer. D\u00e5 beh\u00f6vs v\u00e4tskeficka, smarta fickor och sn\u00f6rsnodd d\u00e4r du f\u00e4ster en l\u00e4tt dunjacka. Maximal smidighet.<\/p>\n","protected":false},"featured_media":28367,"template":"","meta":{"_et_pb_use_builder":"","_et_pb_old_content":"","_et_gb_content_width":"","inline_featured_image":false},"product_brand":[],"product_cat":[80,711,733],"product_tag":[],"acf":[],"_links":{"self":[{"href":"https:\/\/baltic.se\/en\/wp-json\/wp\/v2\/product\/22100"}],"collection":[{"href":"https:\/\/baltic.se\/en\/wp-json\/wp\/v2\/product"}],"about":[{"href":"https:\/\/baltic.se\/en\/wp-json\/wp\/v2\/types\/product"}],"wp:featuredmedia":[{"embeddable":true,"href":"https:\/\/baltic.se\/en\/wp-json\/wp\/v2\/media\/28367"}],"wp:attachment":[{"href":"https:\/\/baltic.se\/en\/wp-json\/wp\/v2\/media?parent=22100"}],"wp:term":[{"taxonomy":"product_brand","embeddable":true,"href":"https:\/\/baltic.se\/en\/wp-json\/wp\/v2\/product_brand?post=22100"},{"taxonomy":"product_cat","embeddable":true,"href":"https:\/\/baltic.se\/en\/wp-json\/wp\/v2\/product_cat?post=22100"},{"taxonomy":"product_tag","embeddable":true,"href":"https:\/\/baltic.se\/en\/wp-json\/wp\/v2\/product_tag?post=22100"}],"curies":[{"name":"wp","href":"https:\/\/api.w.org\/{rel}","templated":true}]}}