{"id":20308,"date":"2021-06-24T10:15:30","date_gmt":"2021-06-24T08:15:30","guid":{"rendered":"https:\/\/baltic.se\/?post_type=product&#038;p=20308"},"modified":"2026-04-09T04:29:47","modified_gmt":"2026-04-09T02:29:47","slug":"bamse-flytvast","status":"publish","type":"product","link":"https:\/\/baltic.se\/en\/produkt\/bamse-flytvast\/","title":{"rendered":"Bamse Flytv\u00e4st"},"content":{"rendered":"<ul>\n<li>Allround <\/li>\n<li>Barnstorlekar<\/li>\n<li>Bamsetryck<\/li>\n<\/ul>\n<p><\/p>\n<p>Bamse \u00e4r en lekfull barnflytv\u00e4st baserad p\u00e5 v\u00e5r popul\u00e4ra modell Skipper. Med f\u00e4rgglada motiv fr\u00e5n Bamses \u00e4ventyr, som segelb\u00e5ten Ida och dunderhonungsburkar, blir den b\u00e5de s\u00e4ker och rolig att anv\u00e4nda.<\/p>\n<p><strong>S\u00e4kerhet: <\/strong>Utrustad med reflexer och visselpipa syns barnet tydligt \u00e4ven i utmanande situationer. De tre minsta storlekarna har ett praktiskt b\u00e4rhandtag bakom kragen f\u00f6r s\u00e4kra lyft. Grenbandsbyxan h\u00e5ller v\u00e4sten p\u00e5 plats. Med 100N flytkraft \u00e4r v\u00e4sten klassad som r\u00e4ddningsv\u00e4st, designad att hj\u00e4lpa barnet h\u00e5lla ryggl\u00e4ge med luftv\u00e4garna \u00f6ver vattenytan.<\/p>\n<p><strong>Passform<\/strong>: Bamse ger en bekv\u00e4m passform f\u00f6r aktiva barn. Designen \u00e4r anpassad f\u00f6r att sitta s\u00e4kert utan att begr\u00e4nsa r\u00f6relsefriheten, perfekt f\u00f6r l\u00e5nga dagar p\u00e5 vattnet.<\/p>\n<p><strong>Tillverkning och kvalitet<\/strong>: Tillverkad i Europa med samma h\u00f6ga kvalitet som Skipper. Flytv\u00e4sten \u00e4r skapad f\u00f6r att m\u00f6ta familjers krav p\u00e5 trygghet och anv\u00e4ndarv\u00e4nlighet.<\/p>\n<p>Vill du l\u00e4sa mer om olika s\u00e4kerhetsklasser och typer av flytv\u00e4star kan du g\u00f6ra det <a href=\"https:\/\/baltic.se\/att-valja-flytvast\/\" rel=\"noopener noreferrer\" target=\"_blank\">h\u00e4r<\/a>.&nbsp;<\/p>\n<p><strong>T\u00c4NK P\u00c5:<\/strong> En flytv\u00e4st \u00e4r ett viktigt s\u00e4kerhetshj\u00e4lpmedel som kan minska risken f\u00f6r drunkning, men den garanterar inte r\u00e4ddning. Anv\u00e4nd alltid flytv\u00e4sten korrekt och f\u00f6lj alla s\u00e4kerhetsinstruktioner.<\/p>\n","protected":false},"excerpt":{"rendered":"<p>Baltic Bamse flytv\u00e4st med f\u00e4rglada tryck. Till den kompromissl\u00f6sa s\u00e4kerheten h\u00f6r reflexer, visselpipa och b\u00e4rhandtag p\u00e5 de minsta storlekarna.<\/p>\n","protected":false},"featured_media":25719,"template":"","meta":{"_et_pb_use_builder":"","_et_pb_old_content":"","_et_gb_content_width":"","inline_featured_image":false},"product_brand":[],"product_cat":[77,91,86,112],"product_tag":[],"acf":[],"_links":{"self":[{"href":"https:\/\/baltic.se\/en\/wp-json\/wp\/v2\/product\/20308"}],"collection":[{"href":"https:\/\/baltic.se\/en\/wp-json\/wp\/v2\/product"}],"about":[{"href":"https:\/\/baltic.se\/en\/wp-json\/wp\/v2\/types\/product"}],"wp:featuredmedia":[{"embeddable":true,"href":"https:\/\/baltic.se\/en\/wp-json\/wp\/v2\/media\/25719"}],"wp:attachment":[{"href":"https:\/\/baltic.se\/en\/wp-json\/wp\/v2\/media?parent=20308"}],"wp:term":[{"taxonomy":"product_brand","embeddable":true,"href":"https:\/\/baltic.se\/en\/wp-json\/wp\/v2\/product_brand?post=20308"},{"taxonomy":"product_cat","embeddable":true,"href":"https:\/\/baltic.se\/en\/wp-json\/wp\/v2\/product_cat?post=20308"},{"taxonomy":"product_tag","embeddable":true,"href":"https:\/\/baltic.se\/en\/wp-json\/wp\/v2\/product_tag?post=20308"}],"curies":[{"name":"wp","href":"https:\/\/api.w.org\/{rel}","templated":true}]}}