{"id":20085,"date":"2021-06-15T11:37:19","date_gmt":"2021-06-15T09:37:19","guid":{"rendered":"https:\/\/baltic.se\/produkt\/amarok-junior-3\/"},"modified":"2026-04-05T02:09:57","modified_gmt":"2026-04-05T00:09:57","slug":"amarok-junior-flytoverall","status":"publish","type":"product","link":"https:\/\/baltic.se\/en\/produkt\/amarok-junior-flytoverall\/","title":{"rendered":"Amarok junior Flytoverall"},"content":{"rendered":"<ul>\n<li>Allround <\/li>\n<li>Vatten och vindt\u00e4t<\/li>\n<li>Juniorstorlekar<\/li>\n<li>Termiskt skydd<\/li>\n<\/ul>\n<p><\/p>\n<p>Hamble Flytoverall \u00e4r en vindt\u00e4t och vattent\u00e4t overall som h\u00e5ller juniorer varma och bekv\u00e4ma, \u00e4ven under de kallaste f\u00f6rh\u00e5llandena. Perfekt f\u00f6r alla typer av vattensport och b\u00e5tliv, d\u00e4r b\u00e5de s\u00e4kerhet och komfort \u00e4r avg\u00f6rande.<\/p>\n<p><strong>S\u00e4kerhet: <\/strong>Flytoverallen har en b\u00e4rkraft p\u00e5 80N och uppfyller s\u00e4kerhetskraven f\u00f6r ett flythj\u00e4lpmedel, motsvarande en 50N flytv\u00e4st. Den \u00e4r ocks\u00e5 testad och godk\u00e4nd enligt EN ISO 15027-1 f\u00f6r termiskt skydd. I 10-gradigt vatten kan anv\u00e4ndaren bibeh\u00e5lla kroppstemperaturen i tv\u00e5 timmar med minimal nedkylning. Dubbla muddar i \u00e4rmsluten hindrar vattenintr\u00e4ngning, och justerbara benslut s\u00e4kerst\u00e4ller extra s\u00e4kerhet vid fall i vatten.<\/p>\n<p><strong>Passform och komfort: <\/strong>Den mjuka och flexibla designen erbjuder b\u00e5de r\u00f6relsefrihet och v\u00e4rme, vilket g\u00f6r den idealisk f\u00f6r kyliga dagar p\u00e5 vattnet. Inv\u00e4ndiga h\u00e4ngslen och en justerbar kapuschong ger en skr\u00e4ddarsydd passform f\u00f6r \u00f6kad komfort, oavsett om det \u00e4r minusgrader eller mildare v\u00e4der. Overallen \u00e4r \u00e4ven utrustad med praktiska funktioner, inklusive fyra utv\u00e4ndiga fickor, tv\u00e5 v\u00e4rmefickor och en innerficka f\u00f6r smidig f\u00f6rvaring av sm\u00e5saker.<\/p>\n<p><strong>Tillverkning och kvalitet: <\/strong>Tillverkad av t\u00e5liga, vattent\u00e4ta material med tejpade s\u00f6mmar som hindrar att vatten tr\u00e4nger in och bidrar till l\u00e5ng h\u00e5llbarhet.<\/p>\n<p><strong>T\u00c4NK P\u00c5:<\/strong> En flytv\u00e4st \u00e4r ett viktigt s\u00e4kerhetshj\u00e4lpmedel som kan minska risken f\u00f6r drunkning, men den garanterar inte r\u00e4ddning. Anv\u00e4nd alltid flytv\u00e4sten korrekt och f\u00f6lj alla s\u00e4kerhetsinstruktioner.<\/p>\n","protected":false},"excerpt":{"rendered":"<p>En flytoverall ska uppfylla m\u00e5nga kriterier, bland annat ska den ska h\u00e5lla dig varm, vara bekv\u00e4m att anv\u00e4nda samt h\u00e5lla dig flytande. Amarok fr\u00e5n Baltic uppfyller alla dessa. <\/p>\n","protected":false},"featured_media":25715,"template":"","meta":{"_et_pb_use_builder":"","_et_pb_old_content":"","_et_gb_content_width":"","inline_featured_image":false},"product_brand":[],"product_cat":[81,91,89,112,878,730],"product_tag":[],"acf":[],"_links":{"self":[{"href":"https:\/\/baltic.se\/en\/wp-json\/wp\/v2\/product\/20085"}],"collection":[{"href":"https:\/\/baltic.se\/en\/wp-json\/wp\/v2\/product"}],"about":[{"href":"https:\/\/baltic.se\/en\/wp-json\/wp\/v2\/types\/product"}],"wp:featuredmedia":[{"embeddable":true,"href":"https:\/\/baltic.se\/en\/wp-json\/wp\/v2\/media\/25715"}],"wp:attachment":[{"href":"https:\/\/baltic.se\/en\/wp-json\/wp\/v2\/media?parent=20085"}],"wp:term":[{"taxonomy":"product_brand","embeddable":true,"href":"https:\/\/baltic.se\/en\/wp-json\/wp\/v2\/product_brand?post=20085"},{"taxonomy":"product_cat","embeddable":true,"href":"https:\/\/baltic.se\/en\/wp-json\/wp\/v2\/product_cat?post=20085"},{"taxonomy":"product_tag","embeddable":true,"href":"https:\/\/baltic.se\/en\/wp-json\/wp\/v2\/product_tag?post=20085"}],"curies":[{"name":"wp","href":"https:\/\/api.w.org\/{rel}","templated":true}]}}