{"id":1337,"date":"2021-03-30T22:07:21","date_gmt":"2021-03-30T20:07:21","guid":{"rendered":"https:\/\/baltic.se\/?post_type=product&#038;p=1337"},"modified":"2026-04-04T04:29:05","modified_gmt":"2026-04-04T02:29:05","slug":"dock-floatation-flytjacka","status":"publish","type":"product","link":"https:\/\/baltic.se\/en\/produkt\/dock-floatation-flytjacka\/","title":{"rendered":"Dock Floatation Flytjacka"},"content":{"rendered":"<p>Bekv\u00e4m 50N flytjacka godk\u00e4nd enligt EN ISO 12402. Vattent\u00e4t och fodrad, flera fickor, varself\u00e4rg, ventilation under armarna samt f\u00f6ljsamma rexlexband.<\/p>\n<p><strong>T\u00c4NK P\u00c5:<\/strong> En flytv\u00e4st \u00e4r ett viktigt s\u00e4kerhetshj\u00e4lpmedel som kan minska risken f\u00f6r drunkning, men den garanterar inte r\u00e4ddning. Anv\u00e4nd alltid flytv\u00e4sten korrekt och f\u00f6lj alla s\u00e4kerhetsinstruktioner.<\/p>\n","protected":false},"excerpt":{"rendered":"<p>Bekv\u00e4m 50N flytjacka godk\u00e4nd enligt EN ISO 12402. Vattent\u00e4t och fodrad, flera fickor, varself\u00e4rg, ventilation under armarna samt f\u00f6ljsamma rexlexband. T\u00c4NK P\u00c5: En flytv\u00e4st \u00e4r ett viktigt s\u00e4kerhetshj\u00e4lpmedel som kan minska risken f\u00f6r drunkning, men den garanterar inte r\u00e4ddning. Anv\u00e4nd alltid flytv\u00e4sten korrekt och f\u00f6lj alla s\u00e4kerhetsinstruktioner.<\/p>\n","protected":false},"featured_media":25607,"template":"","meta":{"_et_pb_use_builder":"","_et_pb_old_content":"","_et_gb_content_width":"","inline_featured_image":false},"product_brand":[],"product_cat":[554,225,730,731],"product_tag":[],"acf":[],"_links":{"self":[{"href":"https:\/\/baltic.se\/en\/wp-json\/wp\/v2\/product\/1337"}],"collection":[{"href":"https:\/\/baltic.se\/en\/wp-json\/wp\/v2\/product"}],"about":[{"href":"https:\/\/baltic.se\/en\/wp-json\/wp\/v2\/types\/product"}],"wp:featuredmedia":[{"embeddable":true,"href":"https:\/\/baltic.se\/en\/wp-json\/wp\/v2\/media\/25607"}],"wp:attachment":[{"href":"https:\/\/baltic.se\/en\/wp-json\/wp\/v2\/media?parent=1337"}],"wp:term":[{"taxonomy":"product_brand","embeddable":true,"href":"https:\/\/baltic.se\/en\/wp-json\/wp\/v2\/product_brand?post=1337"},{"taxonomy":"product_cat","embeddable":true,"href":"https:\/\/baltic.se\/en\/wp-json\/wp\/v2\/product_cat?post=1337"},{"taxonomy":"product_tag","embeddable":true,"href":"https:\/\/baltic.se\/en\/wp-json\/wp\/v2\/product_tag?post=1337"}],"curies":[{"name":"wp","href":"https:\/\/api.w.org\/{rel}","templated":true}]}}