{"id":1308,"date":"2021-03-26T22:12:19","date_gmt":"2021-03-26T21:12:19","guid":{"rendered":"https:\/\/baltic.se\/?post_type=product&#038;p=1308"},"modified":"2026-04-14T04:29:11","modified_gmt":"2026-04-14T02:29:11","slug":"pacific-3-l-jacka","status":"publish","type":"product","link":"https:\/\/baltic.se\/en\/produkt\/pacific-3-l-jacka\/","title":{"rendered":"Pacific 3-L Jacka"},"content":{"rendered":"<ul>\n<li><span>2 \u00e5rs garanti <\/span><\/li>\n<li><span>10&nbsp;000mm vattenpelare <\/span><\/li>\n<li><span>Vattenavvisande <\/span><\/li>\n<li><span>Vindavisande <\/span><\/li>\n<li><span>Tre utv\u00e4ndiga fickor med vattenavvisande dragkedjor <\/span><\/li>\n<\/ul>\n<p><\/p>\n<p>Skaljacka Pacific \u00e4r designad f\u00f6r att st\u00e5 emot alla v\u00e4derf\u00f6rh\u00e5llanden till sj\u00f6ss. Med sin minimalistiska design \u00e4r den b\u00e5de funktionell och stilren \u2013 ett p\u00e5litligt val f\u00f6r aktiva dagar p\u00e5 vattnet.<\/p>\n<p><strong>Anv\u00e4ndning<\/strong>: Pacific \u00e4r den perfekta jackan f\u00f6r b\u00e5tliv och vattenn\u00e4ra aktiviteter. Den skyddar mot regn och vind, vilket g\u00f6r den idealisk f\u00f6r alla som vill h\u00e5lla sig torra och bekv\u00e4ma, oavsett v\u00e4der.<\/p>\n<p><strong>Passform och komfort<\/strong>: Med sin smidiga passform och 4-v\u00e4gsstretch ger Pacific full r\u00f6relsefrihet. Justerbara \u00e4rmslut, f\u00e5ll och luva g\u00f6r det enkelt att anpassa passformen. Vattenpelare p\u00e5 10 000 mm, tejpade s\u00f6mmar och vattenavvisande dragkedjor h\u00e5ller dig torr i regn. Tre rymliga fickor och en inv\u00e4ndig ficka ger praktiska f\u00f6rvaringsl\u00f6sningar.<\/p>\n<p><strong>Tillverkning och kvalitet<\/strong>: Jackan \u00e4r tillverkad i slitstarka, vattent\u00e4ta material som st\u00e5r emot \u00e4ven de mest kr\u00e4vande f\u00f6rh\u00e5llandena. Pacific kombinerar h\u00e5llbarhet och funktion f\u00f6r att ge dig en p\u00e5litlig f\u00f6ljeslagare i alla v\u00e4der.<\/p>\n","protected":false},"excerpt":{"rendered":"<p>Pacific \u00e4r en bekv\u00e4m och vattent\u00e4t skaljacka med 4-v\u00e4gsstretch f\u00f6r full frihet medan du \u00e4r aktiv fr\u00e5n Baltic. <\/p>\n","protected":false},"featured_media":116454,"template":"","meta":{"_et_pb_use_builder":"","_et_pb_old_content":"","_et_gb_content_width":"","inline_featured_image":false},"product_brand":[],"product_cat":[876,770],"product_tag":[],"acf":[],"_links":{"self":[{"href":"https:\/\/baltic.se\/en\/wp-json\/wp\/v2\/product\/1308"}],"collection":[{"href":"https:\/\/baltic.se\/en\/wp-json\/wp\/v2\/product"}],"about":[{"href":"https:\/\/baltic.se\/en\/wp-json\/wp\/v2\/types\/product"}],"wp:featuredmedia":[{"embeddable":true,"href":"https:\/\/baltic.se\/en\/wp-json\/wp\/v2\/media\/116454"}],"wp:attachment":[{"href":"https:\/\/baltic.se\/en\/wp-json\/wp\/v2\/media?parent=1308"}],"wp:term":[{"taxonomy":"product_brand","embeddable":true,"href":"https:\/\/baltic.se\/en\/wp-json\/wp\/v2\/product_brand?post=1308"},{"taxonomy":"product_cat","embeddable":true,"href":"https:\/\/baltic.se\/en\/wp-json\/wp\/v2\/product_cat?post=1308"},{"taxonomy":"product_tag","embeddable":true,"href":"https:\/\/baltic.se\/en\/wp-json\/wp\/v2\/product_tag?post=1308"}],"curies":[{"name":"wp","href":"https:\/\/api.w.org\/{rel}","templated":true}]}}