{"id":1277,"date":"2021-03-26T22:11:48","date_gmt":"2021-03-26T21:11:48","guid":{"rendered":"https:\/\/baltic.se\/?post_type=product&#038;p=1277"},"modified":"2026-04-11T04:27:19","modified_gmt":"2026-04-11T02:27:19","slug":"canoe-flytvast","status":"publish","type":"product","link":"https:\/\/baltic.se\/en\/produkt\/canoe-flytvast\/","title":{"rendered":"Canoe Flytv\u00e4st"},"content":{"rendered":"<ul>\n<li>Br\u00f6stficka<\/li>\n<li>Onesize<\/li>\n<\/ul>\n<p><\/p>\n<p>Canoe flytv\u00e4st \u00e4r en robust flytv\u00e4st f\u00f6r paddling, perfekt f\u00f6r b\u00e5de nyb\u00f6rjare och erfarna paddlare. Den passar bra f\u00f6r b\u00e5de kortare och l\u00e4ngre paddelturer samt strandaktiviteter d\u00e4r extra s\u00e4kerhet \u00e4r viktigt.<\/p>\n<p><strong>S\u00e4kerhet:<\/strong> Utrustad med f\u00f6rst\u00e4rkningsband \u00f6ver axlarna f\u00f6r \u00f6kad h\u00e5llbarhet och en praktisk n\u00e4tficka f\u00f6r sm\u00e5 f\u00f6rem\u00e5l. Med en b\u00e4rf\u00f6rm\u00e5ga p\u00e5 50N erbjuder den p\u00e5litlig flytkraft men saknar krage f\u00f6r huvudst\u00f6d. Flytkraften \u00e4r j\u00e4mnt f\u00f6rdelad, vilket inneb\u00e4r att den inte garanterar automatisk v\u00e4ndning till ryggl\u00e4ge f\u00f6r en medvetsl\u00f6s person. Rekommenderas f\u00f6r simkunniga personer som v\u00e4ger minst 25 kg. CE-m\u00e4rkt f\u00f6r att s\u00e4kerst\u00e4lla h\u00f6gsta s\u00e4kerhetsstandard.<\/p>\n<p><strong>Passform och komfort:<\/strong> Flytv\u00e4sten har midjeband och snabbsp\u00e4nne samt grenband f\u00f6r en justerbar och s\u00e4ker passform. F\u00f6rst\u00e4rkningsbanden \u00f6ver axlarna ger bra r\u00f6relsefrihet, och den flexibla onesize-designen passar olika kroppstyper.<\/p>\n<p><strong>Tillverkning och kvalitet:<\/strong> Tillverkad i Europa enligt h\u00f6ga kvalitetsstandarder f\u00f6r att s\u00e4kerst\u00e4lla utm\u00e4rkt produktkvalitet och h\u00e5llbarhet.<\/p>\n<p><strong>T\u00c4NK P\u00c5:<\/strong> En flytv\u00e4st \u00e4r ett viktigt s\u00e4kerhetshj\u00e4lpmedel som kan minska risken f\u00f6r drunkning, men den garanterar inte r\u00e4ddning. Anv\u00e4nd alltid flytv\u00e4sten korrekt och f\u00f6lj alla s\u00e4kerhetsinstruktioner.<\/p>\n","protected":false},"excerpt":{"rendered":"<p>Flytv\u00e4sten Canoe fr\u00e5n Baltic \u00e4r utvecklad f\u00f6r paddling med integrerat grenband. Robust design och kompromissl\u00f6s s\u00e4kerhet. <\/p>\n","protected":false},"featured_media":25551,"template":"","meta":{"_et_pb_use_builder":"","_et_pb_old_content":"","_et_gb_content_width":"","inline_featured_image":false},"product_brand":[],"product_cat":[80,710,711,90],"product_tag":[],"acf":[],"_links":{"self":[{"href":"https:\/\/baltic.se\/en\/wp-json\/wp\/v2\/product\/1277"}],"collection":[{"href":"https:\/\/baltic.se\/en\/wp-json\/wp\/v2\/product"}],"about":[{"href":"https:\/\/baltic.se\/en\/wp-json\/wp\/v2\/types\/product"}],"wp:featuredmedia":[{"embeddable":true,"href":"https:\/\/baltic.se\/en\/wp-json\/wp\/v2\/media\/25551"}],"wp:attachment":[{"href":"https:\/\/baltic.se\/en\/wp-json\/wp\/v2\/media?parent=1277"}],"wp:term":[{"taxonomy":"product_brand","embeddable":true,"href":"https:\/\/baltic.se\/en\/wp-json\/wp\/v2\/product_brand?post=1277"},{"taxonomy":"product_cat","embeddable":true,"href":"https:\/\/baltic.se\/en\/wp-json\/wp\/v2\/product_cat?post=1277"},{"taxonomy":"product_tag","embeddable":true,"href":"https:\/\/baltic.se\/en\/wp-json\/wp\/v2\/product_tag?post=1277"}],"curies":[{"name":"wp","href":"https:\/\/api.w.org\/{rel}","templated":true}]}}