{"id":1273,"date":"2021-03-26T22:11:44","date_gmt":"2021-03-26T21:11:44","guid":{"rendered":"https:\/\/baltic.se\/?post_type=product&#038;p=1273"},"modified":"2026-04-13T16:16:08","modified_gmt":"2026-04-13T14:16:08","slug":"pilot-flytvast","status":"publish","type":"product","link":"https:\/\/baltic.se\/en\/produkt\/pilot-flytvast\/","title":{"rendered":"Pilot Flytv\u00e4st"},"content":{"rendered":"<ul>\n<li>5\u00e5rs garanti<\/li>\n<li>H\u00f6g synlighet<\/li>\n<li>Integrerad s\u00e4kerhetssele<\/li>\n<li>CE-m\u00e4rkt<\/li>\n<\/ul>\n<p><\/p>\n<p>Flytv\u00e4sten Pilot \u00e4r utvecklad med funktion och t\u00e5lighet i fokus. Robust flytv\u00e4st med integrerad s\u00e4kerhetssele, f\u00e4stpunkter f\u00f6r tillbeh\u00f6r p\u00e5 axlarna, tv\u00e5 grenband och tv\u00e5 fleecefodrade ytterfickor. Pilot har ocks\u00e5 lyfthandtag inbyggda i axelremmarna samt reflexer fram och bak f\u00f6r att s\u00e4kerst\u00e4lla h\u00f6g synlighet vid nattarbete. 50N b\u00e4rf\u00f6rm\u00e5ga och klassas som ett flythj\u00e4lpmedel. De flytv\u00e4star som har en b\u00e4rf\u00f6rm\u00e5ga p\u00e5 50 Newton, ibland kallade seglarv\u00e4star, har ett n\u00e5got enklare utf\u00f6rande \u00e4n r\u00e4ddningsv\u00e4star. En 50N flytv\u00e4st h\u00e5ller dig flytande med god marginal men saknar krage f\u00f6r st\u00f6ttning av huvudet. Den har flytkraften j\u00e4mnare f\u00f6rdelad mellan fram- och baksida och garanterar d\u00e4rf\u00f6r inte att v\u00e4nda en medvetsl\u00f6s person till ryggl\u00e4ge. 50N flytv\u00e4st rekommenderas d\u00e4rf\u00f6r till simkunniga personer som v\u00e4ger minst 25kg.<\/p>\n<p><strong>T\u00c4NK P\u00c5:<\/strong> En flytv\u00e4st \u00e4r ett viktigt s\u00e4kerhetshj\u00e4lpmedel som kan minska risken f\u00f6r drunkning, men den garanterar inte r\u00e4ddning. Anv\u00e4nd alltid flytv\u00e4sten korrekt och f\u00f6lj alla s\u00e4kerhetsinstruktioner.<\/p>\n","protected":false},"excerpt":{"rendered":"<p>Flytv\u00e4sten Pilot fr\u00e5n Baltic \u00e4r utvecklad med funktion och t\u00e5lighet i fokus. Vi kompromissar aldrig med din personliga s\u00e4kerhet.   <\/p>\n","protected":false},"featured_media":25611,"template":"","meta":{"_et_pb_use_builder":"","_et_pb_old_content":"","_et_gb_content_width":"","inline_featured_image":false},"product_brand":[],"product_cat":[560,225,731],"product_tag":[],"acf":[],"_links":{"self":[{"href":"https:\/\/baltic.se\/en\/wp-json\/wp\/v2\/product\/1273"}],"collection":[{"href":"https:\/\/baltic.se\/en\/wp-json\/wp\/v2\/product"}],"about":[{"href":"https:\/\/baltic.se\/en\/wp-json\/wp\/v2\/types\/product"}],"wp:featuredmedia":[{"embeddable":true,"href":"https:\/\/baltic.se\/en\/wp-json\/wp\/v2\/media\/25611"}],"wp:attachment":[{"href":"https:\/\/baltic.se\/en\/wp-json\/wp\/v2\/media?parent=1273"}],"wp:term":[{"taxonomy":"product_brand","embeddable":true,"href":"https:\/\/baltic.se\/en\/wp-json\/wp\/v2\/product_brand?post=1273"},{"taxonomy":"product_cat","embeddable":true,"href":"https:\/\/baltic.se\/en\/wp-json\/wp\/v2\/product_cat?post=1273"},{"taxonomy":"product_tag","embeddable":true,"href":"https:\/\/baltic.se\/en\/wp-json\/wp\/v2\/product_tag?post=1273"}],"curies":[{"name":"wp","href":"https:\/\/api.w.org\/{rel}","templated":true}]}}