{"id":1271,"date":"2021-03-26T22:11:42","date_gmt":"2021-03-26T21:11:42","guid":{"rendered":"https:\/\/baltic.se\/?post_type=product&#038;p=1271"},"modified":"2026-04-23T04:26:20","modified_gmt":"2026-04-23T02:26:20","slug":"indu-pro-m-e-d-solas-305-sele-flytvast","status":"publish","type":"product","link":"https:\/\/baltic.se\/en\/produkt\/indu-pro-m-e-d-solas-305-sele-flytvast\/","title":{"rendered":"Indu Pro M.E.D.\/Solas 305 Sele Flytv\u00e4st"},"content":{"rendered":"<p>Baltic Indu Pro SOLAS r\u00e4ddningsv\u00e4st \u00e4r designad f\u00f6r st\u00f6rsta m\u00f6jliga komfort. Modellen har st\u00f6rre hals\u00f6ppning och mjuk krage. S\u00e4kerhetsselen \u00e4r godk\u00e4nd enligt EN ISO 12401 och \u00e4r utformad f\u00f6r att passa tillsammans med fallskyddssele. Icke-magnetiskt sp\u00e4nne i rostfritt st\u00e5l. L\u00f6stagbara dubbla grenband samt buddyline. \u00d6ppning f\u00f6r enkel \u00e5tkomst av AIS \/ PLB. 2 korth\u00e5llare. F\u00e4stpunkter f\u00f6r ljus, AIS och sprayhood. Lyft\u00f6gla, reflexer samt visselpipa. Flytf\u00f6rm\u00e5ga 305N. Som tillbeh\u00f6r finns n\u00f6dljus, sprayhood och skyddsfodral.<\/p>\n<p><strong>T\u00c4NK P\u00c5:<\/strong> En flytv\u00e4st \u00e4r ett viktigt s\u00e4kerhetshj\u00e4lpmedel som kan minska risken f\u00f6r drunkning, men den garanterar inte r\u00e4ddning. Anv\u00e4nd alltid flytv\u00e4sten korrekt och f\u00f6lj alla s\u00e4kerhetsinstruktioner.<\/p>\n","protected":false},"excerpt":{"rendered":"<p>Baltic Indu Pro SOLAS r\u00e4ddningsv\u00e4st \u00e4r designad f\u00f6r st\u00f6rsta m\u00f6jliga komfort. Modellen har st\u00f6rre hals\u00f6ppning och mjuk krage. S\u00e4kerhetsselen \u00e4r godk\u00e4nd enligt EN ISO 12401 och \u00e4r utformad f\u00f6r att passa tillsammans med fallskyddssele. Icke-magnetiskt sp\u00e4nne i rostfritt st\u00e5l. L\u00f6stagbara dubbla grenband samt buddyline. \u00d6ppning f\u00f6r enkel \u00e5tkomst av AIS \/ PLB. 2 korth\u00e5llare. F\u00e4stpunkter [&hellip;]<\/p>\n","protected":false},"featured_media":25799,"template":"","meta":{"_et_pb_use_builder":"","_et_pb_old_content":"","_et_gb_content_width":"","inline_featured_image":false},"product_brand":[],"product_cat":[732,225,551],"product_tag":[],"acf":[],"_links":{"self":[{"href":"https:\/\/baltic.se\/en\/wp-json\/wp\/v2\/product\/1271"}],"collection":[{"href":"https:\/\/baltic.se\/en\/wp-json\/wp\/v2\/product"}],"about":[{"href":"https:\/\/baltic.se\/en\/wp-json\/wp\/v2\/types\/product"}],"wp:featuredmedia":[{"embeddable":true,"href":"https:\/\/baltic.se\/en\/wp-json\/wp\/v2\/media\/25799"}],"wp:attachment":[{"href":"https:\/\/baltic.se\/en\/wp-json\/wp\/v2\/media?parent=1271"}],"wp:term":[{"taxonomy":"product_brand","embeddable":true,"href":"https:\/\/baltic.se\/en\/wp-json\/wp\/v2\/product_brand?post=1271"},{"taxonomy":"product_cat","embeddable":true,"href":"https:\/\/baltic.se\/en\/wp-json\/wp\/v2\/product_cat?post=1271"},{"taxonomy":"product_tag","embeddable":true,"href":"https:\/\/baltic.se\/en\/wp-json\/wp\/v2\/product_tag?post=1271"}],"curies":[{"name":"wp","href":"https:\/\/api.w.org\/{rel}","templated":true}]}}