{"id":1259,"date":"2021-03-26T22:11:30","date_gmt":"2021-03-26T21:11:30","guid":{"rendered":"https:\/\/baltic.se\/?post_type=product&#038;p=1259"},"modified":"2026-04-08T13:58:41","modified_gmt":"2026-04-08T11:58:41","slug":"co2-patron-60-gram","status":"publish","type":"product","link":"https:\/\/baltic.se\/en\/produkt\/co2-patron-60-gram\/","title":{"rendered":"CO2-Patron 60 Gram"},"content":{"rendered":"<p>S\u00e4kerst\u00e4ll din trygghet p\u00e5 vattnet med en 60g CO2-patron, s\u00e4rskilt framtagen f\u00f6r Baltics uppbl\u00e5sbara flytv\u00e4star. Efter att din flytv\u00e4st har aktiverats \u00e4r det viktigt att omg\u00e5ende byta ut b\u00e5de CO2-patronen och utl\u00f6saren f\u00f6r att flytv\u00e4sten ska forts\u00e4tta fungera effektivt.<\/p>\n<p><strong>Passar denna CO2-patron din flytv\u00e4st?<\/strong> Kontrollera informationen som \u00e4r tryckt p\u00e5 insidan av flytv\u00e4stens uppbl\u00e5sbara lunga f\u00f6r att hitta specifikationer f\u00f6r r\u00e4tt gaspatron, t.ex. &#8220;USE ONLY BALTIC 60g CO2 KIT #2460&#8221;. S\u00f6k enkelt efter artikelnumret p\u00e5 v\u00e5r hemsida f\u00f6r att snabbt hitta r\u00e4tt reservdel.<\/p>\n<p><strong>Installation:<\/strong> Byt ut CO2-patronen sj\u00e4lv genom att f\u00f6lja v\u00e5r detaljerade steg-f\u00f6r-steg-guide <a href=\"https:\/\/baltic.se\/wp-content\/uploads\/2021\/12\/Infofolder-om-uppblasbara-raddningsvastar_swe.pdf\" rel=\"noopener noreferrer\" target=\"_blank\">h\u00e4r<\/a>. Se till att anv\u00e4nda de rekommenderade reservdelarna f\u00f6r att garantera flytv\u00e4stens s\u00e4kerhet och f\u00f6rl\u00e4nga dess livsl\u00e4ngd.<\/p>\n<p><strong>Underh\u00e5ll och service:<\/strong> F\u00f6r att din uppbl\u00e5sbara flytv\u00e4st alltid ska vara i b\u00e4sta skick, rekommenderar vi att du g\u00f6r en sj\u00e4lvkontroll f\u00f6re varje anv\u00e4ndning. <a href=\"https:\/\/baltic.se\/wp-content\/uploads\/2021\/12\/Infofolder-om-uppblasbara-raddningsvastar_swe.pdf\" rel=\"noopener noreferrer\" target=\"_blank\">H\u00e4r<\/a> hittar du detaljerad information om hur du genomf\u00f6r detta. Det \u00e4r ocks\u00e5 viktigt att din flytv\u00e4st genomg\u00e5r \u00e5rlig service hos en Baltic-certifierad servicestation f\u00f6r att s\u00e4kerst\u00e4lla optimal prestanda och beh\u00e5lla garantin.<\/p>\n","protected":false},"excerpt":{"rendered":"<p>S\u00e4kerst\u00e4ll din trygghet p\u00e5 vattnet med en 60g CO2-patron, s\u00e4rskilt framtagen f\u00f6r Baltics uppbl\u00e5sbara flytv\u00e4star. Efter att din flytv\u00e4st har aktiverats \u00e4r det viktigt att omg\u00e5ende byta ut b\u00e5de CO2-patronen och utl\u00f6saren f\u00f6r att flytv\u00e4sten ska forts\u00e4tta fungera effektivt. Passar denna CO2-patron din flytv\u00e4st? Kontrollera informationen som \u00e4r tryckt p\u00e5 insidan av flytv\u00e4stens uppbl\u00e5sbara lunga [&hellip;]<\/p>\n","protected":false},"featured_media":25631,"template":"","meta":{"_et_pb_use_builder":"","_et_pb_old_content":"","_et_gb_content_width":"","inline_featured_image":false},"product_brand":[],"product_cat":[82,315],"product_tag":[],"acf":[],"_links":{"self":[{"href":"https:\/\/baltic.se\/en\/wp-json\/wp\/v2\/product\/1259"}],"collection":[{"href":"https:\/\/baltic.se\/en\/wp-json\/wp\/v2\/product"}],"about":[{"href":"https:\/\/baltic.se\/en\/wp-json\/wp\/v2\/types\/product"}],"wp:featuredmedia":[{"embeddable":true,"href":"https:\/\/baltic.se\/en\/wp-json\/wp\/v2\/media\/25631"}],"wp:attachment":[{"href":"https:\/\/baltic.se\/en\/wp-json\/wp\/v2\/media?parent=1259"}],"wp:term":[{"taxonomy":"product_brand","embeddable":true,"href":"https:\/\/baltic.se\/en\/wp-json\/wp\/v2\/product_brand?post=1259"},{"taxonomy":"product_cat","embeddable":true,"href":"https:\/\/baltic.se\/en\/wp-json\/wp\/v2\/product_cat?post=1259"},{"taxonomy":"product_tag","embeddable":true,"href":"https:\/\/baltic.se\/en\/wp-json\/wp\/v2\/product_tag?post=1259"}],"curies":[{"name":"wp","href":"https:\/\/api.w.org\/{rel}","templated":true}]}}