{"id":125629,"date":"2025-11-10T15:52:44","date_gmt":"2025-11-10T14:52:44","guid":{"rendered":"https:\/\/baltic.se\/?post_type=product&#038;p=125629"},"modified":"2026-04-16T09:11:57","modified_gmt":"2026-04-16T07:11:57","slug":"sup-elite-2025","status":"publish","type":"product","link":"https:\/\/baltic.se\/en\/produkt\/sup-elite-2025\/","title":{"rendered":"SUP Elite 2025"},"content":{"rendered":"<ul>\n<li>Ficka f\u00f6r v\u00e4tskep\u00e5se<\/li>\n<li>F\u00f6r SUP<\/li>\n<li>Tunn och f\u00f6ljsam<\/li>\n<li>L\u00e4ngre modell<\/li>\n<\/ul>\n<p><\/p>\n<p>Uppt\u00e4ck <strong>SUP-flytv\u00e4sten<\/strong> skapad f\u00f6r l\u00e4ngre paddelturer, utvecklad tillsammans med SUP-experten Pontus Ny. Den \u00e4r utformad f\u00f6r att ge b\u00e5de nyb\u00f6rjare och erfarna paddlare maximal s\u00e4kerhet och r\u00f6relsefrihet p\u00e5 vattnet.<\/p>\n<p><strong>S\u00e4kerhet: <\/strong>Med 50N flytkraft och CE-certifiering uppfyller v\u00e4sten de h\u00f6gsta s\u00e4kerhetskraven. Den ger p\u00e5litlig flytkraft och trygghet under alla typer av SUP-aktiviteter.<\/p>\n<p><strong>Passform och komfort: <\/strong>Den l\u00e4ngre designen och det mjuka flytmaterialet ger utm\u00e4rkt r\u00f6relsefrihet b\u00e5de p\u00e5 br\u00e4dan och i vattnet. Den s\u00e4rskilda formen fram underl\u00e4ttar p\u00e5stigning p\u00e5 br\u00e4dan, medan sidodragkedjan g\u00f6r v\u00e4sten enkel att ta p\u00e5 och av. Justerbara axel- och midjeband m\u00f6jligg\u00f6r en skr\u00e4ddarsydd passform, och den elastiska ryggen ger extra utrymme f\u00f6r exempelvis en t-shirt.<\/p>\n<p><strong>Kvalitet och tillverkning: <\/strong>Tillverkad i Europa med fokus p\u00e5 h\u00e5llbarhet och h\u00f6g kvalitet, \u00e4r v\u00e4sten byggd f\u00f6r att klara utmanande f\u00f6rh\u00e5llanden och ge p\u00e5litlig prestanda vid varje paddeltur.<\/p>\n<p><strong>T\u00c4NK P\u00c5:&nbsp;<\/strong>En flytv\u00e4st \u00e4r ett viktigt s\u00e4kerhetshj\u00e4lpmedel som kan minska risken f\u00f6r drunkning, men den garanterar inte r\u00e4ddning. Anv\u00e4nd alltid flytv\u00e4sten korrekt och f\u00f6lj alla s\u00e4kerhetsinstruktioner.<\/p>\n","protected":false},"excerpt":{"rendered":"<p>Det h\u00e4r \u00e4r en unik flytv\u00e4st till SUP, g\u00e4rna l\u00e5ngturer. D\u00e5 beh\u00f6vs v\u00e4tskeficka, smarta fickor och sn\u00f6rsnodd d\u00e4r du f\u00e4ster en l\u00e4tt dunjacka. Maximal smidighet.<\/p>\n","protected":false},"featured_media":25803,"template":"","meta":{"_et_pb_use_builder":"","_et_pb_old_content":"","_et_gb_content_width":"","inline_featured_image":false},"product_brand":[],"product_cat":[876,770],"product_tag":[],"acf":[],"_links":{"self":[{"href":"https:\/\/baltic.se\/en\/wp-json\/wp\/v2\/product\/125629"}],"collection":[{"href":"https:\/\/baltic.se\/en\/wp-json\/wp\/v2\/product"}],"about":[{"href":"https:\/\/baltic.se\/en\/wp-json\/wp\/v2\/types\/product"}],"wp:featuredmedia":[{"embeddable":true,"href":"https:\/\/baltic.se\/en\/wp-json\/wp\/v2\/media\/25803"}],"wp:attachment":[{"href":"https:\/\/baltic.se\/en\/wp-json\/wp\/v2\/media?parent=125629"}],"wp:term":[{"taxonomy":"product_brand","embeddable":true,"href":"https:\/\/baltic.se\/en\/wp-json\/wp\/v2\/product_brand?post=125629"},{"taxonomy":"product_cat","embeddable":true,"href":"https:\/\/baltic.se\/en\/wp-json\/wp\/v2\/product_cat?post=125629"},{"taxonomy":"product_tag","embeddable":true,"href":"https:\/\/baltic.se\/en\/wp-json\/wp\/v2\/product_tag?post=125629"}],"curies":[{"name":"wp","href":"https:\/\/api.w.org\/{rel}","templated":true}]}}