{"id":125621,"date":"2025-11-10T15:50:30","date_gmt":"2025-11-10T14:50:30","guid":{"rendered":"https:\/\/baltic.se\/?post_type=product&#038;p=125621"},"modified":"2026-04-17T04:41:13","modified_gmt":"2026-04-17T02:41:13","slug":"adventure-2025","status":"publish","type":"product","link":"https:\/\/baltic.se\/en\/produkt\/adventure-2025\/","title":{"rendered":"Adventure 2025"},"content":{"rendered":"<ul>\n<li>F\u00f6r Fiske<\/li>\n<li>F\u00f6r Kajak<\/li>\n<li>Smart f\u00f6rvaring<\/li>\n<li>Kortare modell<\/li>\n<\/ul>\n<p><\/p>\n<p><strong>Adventure flytv\u00e4st<\/strong> \u00e4r skapad f\u00f6r frilufts\u00e4lskare och \u00e4r den perfekta f\u00f6ljeslagaren f\u00f6r fiske, paddling och andra vatten\u00e4ventyr. Med en kombination av s\u00e4kerhet, komfort och praktiska funktioner blir den ett p\u00e5litligt val f\u00f6r alla dina \u00e4ventyr p\u00e5 vattnet.<\/p>\n<p><strong>S\u00e4kerhet: <\/strong>Med 50N flytkraft \u00e4r Adventure Flytv\u00e4st ett tryggt alternativ f\u00f6r simkunniga personer \u00f6ver 25 kg. V\u00e4sten ger god r\u00f6relsefrihet, \u00e4ven utan krage f\u00f6r huvudst\u00f6d, och \u00e4r klassad som ett flythj\u00e4lpmedel. CE-m\u00e4rkningen s\u00e4kerst\u00e4ller att v\u00e4sten uppfyller de h\u00f6gsta s\u00e4kerhetsstandarderna.<\/p>\n<p><strong>Passform och komfort: <\/strong>Den ergonomiska designen och den flexibla passformen ger maximal komfort och fri r\u00f6relse. V\u00e4sten har tre dragkedjefickor samt tv\u00e5 n\u00e4tfickor p\u00e5 ryggen f\u00f6r praktisk f\u00f6rvaring. Multifunktionella axelf\u00e4sten och reflexdetaljer p\u00e5 axlarna \u00f6kar synligheten under alla v\u00e4derf\u00f6rh\u00e5llanden.<\/p>\n<p><strong>Kvalitet och tillverkning: <\/strong>Tillverkad i Europa med noggrant utvalda material, erbjuder Adventure Flytv\u00e4st h\u00f6g h\u00e5llbarhet och l\u00e5ng livsl\u00e4ngd. Den \u00e4r designad f\u00f6r att t\u00e5la b\u00e5de kr\u00e4vande vattenaktiviteter och vardagligt bruk, vilket g\u00f6r den till ett p\u00e5litligt val f\u00f6r alla typer av \u00e4ventyr.<\/p>\n<p><strong>T\u00c4NK P\u00c5:&nbsp;<\/strong>En flytv\u00e4st \u00e4r ett viktigt s\u00e4kerhetshj\u00e4lpmedel som kan minska risken f\u00f6r drunkning, men den garanterar inte r\u00e4ddning. Anv\u00e4nd alltid flytv\u00e4sten korrekt och f\u00f6lj alla s\u00e4kerhetsinstruktioner.<\/p>\n","protected":false},"excerpt":{"rendered":"<p>Flytv\u00e4sten Adventure fr\u00e5n Baltic \u00e4r utvecklad f\u00f6r att passa till fiske och vildmarksliv. Kompromissl\u00f6s kvalit\u00e9 och s\u00e4kerhet in i minsta detalj.<\/p>\n","protected":false},"featured_media":50052,"template":"","meta":{"_et_pb_use_builder":"","_et_pb_old_content":"","_et_gb_content_width":"","inline_featured_image":false},"product_brand":[],"product_cat":[876,770],"product_tag":[],"acf":[],"_links":{"self":[{"href":"https:\/\/baltic.se\/en\/wp-json\/wp\/v2\/product\/125621"}],"collection":[{"href":"https:\/\/baltic.se\/en\/wp-json\/wp\/v2\/product"}],"about":[{"href":"https:\/\/baltic.se\/en\/wp-json\/wp\/v2\/types\/product"}],"wp:featuredmedia":[{"embeddable":true,"href":"https:\/\/baltic.se\/en\/wp-json\/wp\/v2\/media\/50052"}],"wp:attachment":[{"href":"https:\/\/baltic.se\/en\/wp-json\/wp\/v2\/media?parent=125621"}],"wp:term":[{"taxonomy":"product_brand","embeddable":true,"href":"https:\/\/baltic.se\/en\/wp-json\/wp\/v2\/product_brand?post=125621"},{"taxonomy":"product_cat","embeddable":true,"href":"https:\/\/baltic.se\/en\/wp-json\/wp\/v2\/product_cat?post=125621"},{"taxonomy":"product_tag","embeddable":true,"href":"https:\/\/baltic.se\/en\/wp-json\/wp\/v2\/product_tag?post=125621"}],"curies":[{"name":"wp","href":"https:\/\/api.w.org\/{rel}","templated":true}]}}