{"id":125612,"date":"2025-11-10T15:48:07","date_gmt":"2025-11-10T14:48:07","guid":{"rendered":"https:\/\/baltic.se\/?post_type=product&#038;p=125612"},"modified":"2026-04-17T06:05:15","modified_gmt":"2026-04-17T04:05:15","slug":"outdoor-2025","status":"publish","type":"product","link":"https:\/\/baltic.se\/en\/produkt\/outdoor-2025\/","title":{"rendered":"Outdoor 2025"},"content":{"rendered":"<ul>\n<li>F\u00f6r Fiske<\/li>\n<li>Smart f\u00f6rvaring<\/li>\n<li>L\u00e4ngre modell<\/li>\n<\/ul>\n<p><\/p>\n<p>Uppt\u00e4ck Outdoor, en flytv\u00e4st speciellt framtagen f\u00f6r fiske och andra vatten\u00e4ventyr. Med sin genomt\u00e4nkta design kombinerar den komfort och funktionalitet, vilket g\u00f6r den idealisk f\u00f6r fiske fr\u00e5n b\u00e5t, kajak eller strand.<\/p>\n<p><strong>S\u00e4kerhet: <\/strong>V\u00e4sten har 50N flytkraft och \u00e4r CE-certifierad enligt de h\u00f6gsta europeiska s\u00e4kerhetskraven. Den \u00e4r avsedd f\u00f6r simkunniga personer \u00f6ver 25 kg och har en justerbar passform med dragkedja och midjeband med snabbsp\u00e4nne. Flytkraften \u00e4r j\u00e4mnt f\u00f6rdelad mellan fram- och baksida f\u00f6r extra stabilitet och trygghet p\u00e5 vattnet.<\/p>\n<p><strong>Passform och komfort: <\/strong>Den ergonomiska designen med justerbara elastiska material f\u00f6ljer kroppens r\u00f6relser och ger maximal komfort. Praktiska, rymliga fickor p\u00e5 utsidan g\u00f6r det enkelt att f\u00f6rvara utrustning under l\u00e4ngre fisketurer eller andra aktiviteter p\u00e5 vattnet.<\/p>\n<p><strong>Kvalitet och tillverkning: <\/strong>Tillverkad i Europa enligt h\u00f6ga standarder, erbjuder <strong>Outdoor<\/strong> l\u00e5ngvarig h\u00e5llbarhet och p\u00e5litlig prestanda. Alla Baltic flytkl\u00e4der \u00e4r noggrant testade och godk\u00e4nda f\u00f6r att s\u00e4kerst\u00e4lla kvalitet och s\u00e4kerhet.<\/p>\n<p><strong>T\u00c4NK P\u00c5:&nbsp;<\/strong>En flytv\u00e4st \u00e4r ett viktigt s\u00e4kerhetshj\u00e4lpmedel som kan minska risken f\u00f6r drunkning, men den garanterar inte r\u00e4ddning. Anv\u00e4nd alltid flytv\u00e4sten korrekt och f\u00f6lj alla s\u00e4kerhetsinstruktioner.<\/p>\n","protected":false},"excerpt":{"rendered":"<p>Flytv\u00e4sten Outdoor fr\u00e5n Baltic \u00e4r utvecklad f\u00f6r fiske och uteliv. Rymliga fickor och f\u00e4ste f\u00f6r tex h\u00e5v. <\/p>\n","protected":false},"featured_media":25579,"template":"","meta":{"_et_pb_use_builder":"","_et_pb_old_content":"","_et_gb_content_width":"","inline_featured_image":false},"product_brand":[],"product_cat":[876,770],"product_tag":[],"acf":[],"_links":{"self":[{"href":"https:\/\/baltic.se\/en\/wp-json\/wp\/v2\/product\/125612"}],"collection":[{"href":"https:\/\/baltic.se\/en\/wp-json\/wp\/v2\/product"}],"about":[{"href":"https:\/\/baltic.se\/en\/wp-json\/wp\/v2\/types\/product"}],"wp:featuredmedia":[{"embeddable":true,"href":"https:\/\/baltic.se\/en\/wp-json\/wp\/v2\/media\/25579"}],"wp:attachment":[{"href":"https:\/\/baltic.se\/en\/wp-json\/wp\/v2\/media?parent=125612"}],"wp:term":[{"taxonomy":"product_brand","embeddable":true,"href":"https:\/\/baltic.se\/en\/wp-json\/wp\/v2\/product_brand?post=125612"},{"taxonomy":"product_cat","embeddable":true,"href":"https:\/\/baltic.se\/en\/wp-json\/wp\/v2\/product_cat?post=125612"},{"taxonomy":"product_tag","embeddable":true,"href":"https:\/\/baltic.se\/en\/wp-json\/wp\/v2\/product_tag?post=125612"}],"curies":[{"name":"wp","href":"https:\/\/api.w.org\/{rel}","templated":true}]}}