{"id":1256,"date":"2021-03-26T22:11:27","date_gmt":"2021-03-26T21:11:27","guid":{"rendered":"https:\/\/baltic.se\/?post_type=product&#038;p=1256"},"modified":"2026-04-12T04:26:33","modified_gmt":"2026-04-12T02:26:33","slug":"hammar-uppladdnings-kit-38-gram","status":"publish","type":"product","link":"https:\/\/baltic.se\/en\/produkt\/hammar-uppladdnings-kit-38-gram\/","title":{"rendered":"Hammar Uppladdnings kit 38 Gram"},"content":{"rendered":"<p><\/p>\n<p>HAMMAR UPPLADDNINGS KIT 38 GRAM<\/p>\n<p><strong>Hur vet jag vilket kit som passar till min uppbl\u00e5sbara r\u00e4ddningsv\u00e4st?<\/strong><\/p>\n<p>Inuti flytv\u00e4sten p\u00e5 den uppbl\u00e5sbara lungan finns information tryckt om vilket som passar till din flytv\u00e4st. T ex \u201d<em>USE ONLY BALTIC 33g CO2 KIT #2452 Hammar Auto\u201d&nbsp;&nbsp;&nbsp;&nbsp;&nbsp;<\/em><\/p>\n<p>Hammarventil \u00e4r en uppbl\u00e5sningventil med hydrostatisk aktiveringsfunktion. Det betyder att ventilen aktiveras automatiskt p\u00e5 ca 10cm vattendjup och snabbt fyller den uppbl\u00e5sbara flytv\u00e4sten med C02-gas.<\/p>\n<p>Tack vara denna unika funktion bl\u00e5ses flytv\u00e4sten enbart upp n\u00e4r anv\u00e4ndaren hamnat i vattnet och \u00e4r i behov av flytv\u00e4stens extra b\u00e4rf\u00f6rm\u00e5ga.<\/p>\n","protected":false},"excerpt":{"rendered":"<p>HAMMAR UPPLADDNINGS KIT 38 GRAM Hur vet jag vilket kit som passar till min uppbl\u00e5sbara r\u00e4ddningsv\u00e4st? Inuti flytv\u00e4sten p\u00e5 den uppbl\u00e5sbara lungan finns information tryckt om vilket som passar till din flytv\u00e4st. T ex \u201dUSE ONLY BALTIC 33g CO2 KIT #2452 Hammar Auto\u201d&nbsp;&nbsp;&nbsp;&nbsp;&nbsp; Hammarventil \u00e4r en uppbl\u00e5sningventil med hydrostatisk aktiveringsfunktion. Det betyder att ventilen aktiveras [&hellip;]<\/p>\n","protected":false},"featured_media":25697,"template":"","meta":{"_et_pb_use_builder":"","_et_pb_old_content":"","_et_gb_content_width":"","inline_featured_image":false},"product_brand":[],"product_cat":[82,315],"product_tag":[],"acf":[],"_links":{"self":[{"href":"https:\/\/baltic.se\/en\/wp-json\/wp\/v2\/product\/1256"}],"collection":[{"href":"https:\/\/baltic.se\/en\/wp-json\/wp\/v2\/product"}],"about":[{"href":"https:\/\/baltic.se\/en\/wp-json\/wp\/v2\/types\/product"}],"wp:featuredmedia":[{"embeddable":true,"href":"https:\/\/baltic.se\/en\/wp-json\/wp\/v2\/media\/25697"}],"wp:attachment":[{"href":"https:\/\/baltic.se\/en\/wp-json\/wp\/v2\/media?parent=1256"}],"wp:term":[{"taxonomy":"product_brand","embeddable":true,"href":"https:\/\/baltic.se\/en\/wp-json\/wp\/v2\/product_brand?post=1256"},{"taxonomy":"product_cat","embeddable":true,"href":"https:\/\/baltic.se\/en\/wp-json\/wp\/v2\/product_cat?post=1256"},{"taxonomy":"product_tag","embeddable":true,"href":"https:\/\/baltic.se\/en\/wp-json\/wp\/v2\/product_tag?post=1256"}],"curies":[{"name":"wp","href":"https:\/\/api.w.org\/{rel}","templated":true}]}}